{"id":100,"date":"2017-07-19T23:22:15","date_gmt":"2017-07-19T23:22:15","guid":{"rendered":"https:\/\/cartensa.com\/es\/?page_id=100"},"modified":"2018-03-12T17:24:37","modified_gmt":"2018-03-12T17:24:37","slug":"cajas-para-frutas","status":"publish","type":"page","link":"https:\/\/cartensa.com\/es\/cajas-de-carton\/cajas-para-frutas\/","title":{"rendered":"Cajas para Frutas"},"content":{"rendered":"<div id=\"row-migas-de-pan\">\n<div class=\"col-md-12\">\n<nav id=\"box-migas-pan\">\n            <a href=\"https:\/\/cartensa.com\/es\/\" class=\"pri-mp\" title=\"Inicio\">Inicio<\/a><br \/>\n            <span class=\"fle-mp\"><i class=\"material-icons\">chevron_right<\/i><\/span><br \/>\n            <a href=\"https:\/\/cartensa.com\/es\/cajas-de-carton\/\" class=\"pri-mp\" title=\"Cajas de Cart\u00f3n\">Cajas de Cart\u00f3n<\/a><br \/>\n            <span class=\"fle-mp\"><i class=\"material-icons\">chevron_right<\/i><\/span><br \/>\n            <span class=\"actual-mp\">Cajas para Frutas<\/span><\/p>\n<\/nav><\/div>\n<\/div>\n<div id=\"row-titulo-paginas\">\n<div class=\"col-md-12\">\n<section>\n<h2 class=\"titulo-h2\">Cajas para Frutas<\/h2>\n<p> Producimos cajas para empaque y embalaje de frutas, verduras y alimentos perecederos, ideales para exportaci\u00f3n y almacenamiento en refrigeraci\u00f3n. <\/p>\n<\/section><\/div>\n<\/div>\n<section id=\"row-paginas-especificas\">\n<article id=\"box-izq-rpe\">\n<nav>\n            <a data-fancybox=\"galeria\" data-caption=\"Caja para env\u00edos | Cajas de Cart\u00f3n Regular - Cartensa\" href=\"https:\/\/cartensa.com\/es\/wp-content\/uploads\/2018\/02\/cartensa-cajas-de-carton-cajas-para-frutas-001.jpg\" lang=\"es\" title=\"Cajas para frutas | Cajas de Cart\u00f3n  - Cartensa\"><br \/>\n                <img decoding=\"async\" src=\"https:\/\/cartensa.com\/es\/wp-content\/uploads\/2018\/02\/cartensa-cajas-de-carton-cajas-para-frutas-1.jpg\" alt=\"Cajas para frutas | Cajas de Cart\u00f3n - Cartensa\"><br \/>\n            <\/a><br \/>\n            <a data-fancybox=\"galeria\" data-caption=\"Caja para env\u00edos | Cajas de Cart\u00f3n Regular - Cartensa\" href=\"https:\/\/cartensa.com\/es\/wp-content\/uploads\/2018\/02\/cartensa-cajas-de-carton-cajas-para-frutas-002.jpg\" lang=\"es\" title=\"Cajas para frutas | Cajas de Cart\u00f3n  - Cartensa\"><br \/>\n                <img decoding=\"async\" src=\"https:\/\/cartensa.com\/es\/wp-content\/uploads\/2018\/02\/cartensa-cajas-de-carton-cajas-para-frutas-2.jpg\" alt=\"Cajas para frutas | Cajas de Cart\u00f3n - Cartensa\"><br \/>\n            <\/a><br \/>\n            <a data-fancybox=\"galeria\" data-caption=\"Caja para env\u00edos | Cajas de Cart\u00f3n Regular - Cartensa\" href=\"https:\/\/cartensa.com\/es\/wp-content\/uploads\/2018\/02\/cartensa-cajas-de-carton-cajas-para-frutas-003.jpg\" lang=\"es\" title=\"Cajas para frutas | Cajas de Cart\u00f3n  - Cartensa\"><br \/>\n                <img decoding=\"async\" src=\"https:\/\/cartensa.com\/es\/wp-content\/uploads\/2018\/02\/cartensa-cajas-de-carton-cajas-para-frutas-4.jpg\" alt=\"Cajas para frutas | Cajas de Cart\u00f3n - Cartensa\"><br \/>\n            <\/a><br \/>\n            <a data-fancybox=\"galeria\" data-caption=\"Caja para env\u00edos | Cajas de Cart\u00f3n Regular - Cartensa\" href=\"https:\/\/cartensa.com\/es\/wp-content\/uploads\/2018\/02\/cartensa-cajas-de-carton-cajas-para-frutas-004.jpg\" lang=\"es\" title=\"Cajas para frutas | Cajas de Cart\u00f3n  - Cartensa\"><br \/>\n                <img decoding=\"async\" src=\"https:\/\/cartensa.com\/es\/wp-content\/uploads\/2018\/02\/cartensa-cajas-de-carton-cajas-para-frutas-3.jpg\" alt=\"Cajas para frutas | Cajas de Cart\u00f3n - Cartensa\"><br \/>\n            <\/a><br \/>\n        <\/nav>\n<\/article>\n<article id=\"box-der-rpe\" class=\"rpe-06\">\n        <a id=\"to-cta\" lang=\"es\" title=\"Cont\u00e1ctenos\" href=\"https:\/\/cartensa.com\/es\/contactenos\/\"><br \/>\n            <i class=\"material-icons\">email<\/i> Cont\u00e1ctenos para m\u00e1s informaci\u00f3n del producto<br \/>\n        <\/a><br \/>\n    <\/article>\n<\/section>\n","protected":false},"excerpt":{"rendered":"<p>Inicio chevron_right Cajas de Cart\u00f3n chevron_right Cajas para Frutas Cajas para Frutas Producimos cajas para empaque y embalaje de frutas, verduras y alimentos perecederos, ideales para exportaci\u00f3n y almacenamiento en refrigeraci\u00f3n. email Cont\u00e1ctenos para m\u00e1s informaci\u00f3n del producto<\/p>\n","protected":false},"author":1,"featured_media":0,"parent":11,"menu_order":0,"comment_status":"closed","ping_status":"closed","template":"","meta":{"_joinchat":[],"footnotes":""},"class_list":["post-100","page","type-page","status-publish","hentry"],"yoast_head":"<!-- This site is optimized with the Yoast SEO plugin v27.4 - https:\/\/yoast.com\/product\/yoast-seo-wordpress\/ -->\n<title>Cajas Nuevas - Cajas de Cart\u00f3n | CARTENSA - Ingenier\u00eda en Empaques en Bogot\u00e1 y toda Colombia<\/title>\n<meta name=\"robots\" content=\"index, follow, max-snippet:-1, max-image-preview:large, max-video-preview:-1\" \/>\n<link rel=\"canonical\" href=\"https:\/\/cartensa.com\/es\/cajas-de-carton\/cajas-para-frutas\/\" \/>\n<meta property=\"og:locale\" content=\"es_ES\" \/>\n<meta property=\"og:type\" content=\"article\" \/>\n<meta property=\"og:title\" content=\"Cajas Nuevas - Cajas de Cart\u00f3n | CARTENSA - Ingenier\u00eda en Empaques en Bogot\u00e1 y toda Colombia\" \/>\n<meta property=\"og:description\" content=\"Inicio chevron_right Cajas de Cart\u00f3n chevron_right Cajas para Frutas Cajas para Frutas Producimos cajas para empaque y embalaje de frutas, verduras y alimentos perecederos, ideales para exportaci\u00f3n y almacenamiento en refrigeraci\u00f3n. email Cont\u00e1ctenos para m\u00e1s informaci\u00f3n del producto\" \/>\n<meta property=\"og:url\" content=\"https:\/\/cartensa.com\/es\/cajas-de-carton\/cajas-para-frutas\/\" \/>\n<meta property=\"og:site_name\" content=\"Cartensa\" \/>\n<meta property=\"article:modified_time\" content=\"2018-03-12T17:24:37+00:00\" \/>\n<meta property=\"og:image\" content=\"https:\/\/cartensa.com\/es\/wp-content\/uploads\/2018\/02\/cartensa-cajas-de-carton-cajas-para-frutas-1.jpg\" \/>\n<meta name=\"twitter:card\" content=\"summary_large_image\" \/>\n<meta name=\"twitter:title\" content=\"Cajas Nuevas - Cajas de Cart\u00f3n | CARTENSA - Ingenier\u00eda en Empaques en Bogot\u00e1 y toda Colombia\" \/>\n<script type=\"application\/ld+json\" class=\"yoast-schema-graph\">{\"@context\":\"https:\\\/\\\/schema.org\",\"@graph\":[{\"@type\":\"WebPage\",\"@id\":\"https:\\\/\\\/cartensa.com\\\/es\\\/cajas-de-carton\\\/cajas-para-frutas\\\/\",\"url\":\"https:\\\/\\\/cartensa.com\\\/es\\\/cajas-de-carton\\\/cajas-para-frutas\\\/\",\"name\":\"Cajas Nuevas - Cajas de Cart\u00f3n | CARTENSA - Ingenier\u00eda en Empaques en Bogot\u00e1 y toda Colombia\",\"isPartOf\":{\"@id\":\"https:\\\/\\\/cartensa.com\\\/es\\\/#website\"},\"primaryImageOfPage\":{\"@id\":\"https:\\\/\\\/cartensa.com\\\/es\\\/cajas-de-carton\\\/cajas-para-frutas\\\/#primaryimage\"},\"image\":{\"@id\":\"https:\\\/\\\/cartensa.com\\\/es\\\/cajas-de-carton\\\/cajas-para-frutas\\\/#primaryimage\"},\"thumbnailUrl\":\"https:\\\/\\\/cartensa.com\\\/es\\\/wp-content\\\/uploads\\\/2018\\\/02\\\/cartensa-cajas-de-carton-cajas-para-frutas-1.jpg\",\"datePublished\":\"2017-07-19T23:22:15+00:00\",\"dateModified\":\"2018-03-12T17:24:37+00:00\",\"breadcrumb\":{\"@id\":\"https:\\\/\\\/cartensa.com\\\/es\\\/cajas-de-carton\\\/cajas-para-frutas\\\/#breadcrumb\"},\"inLanguage\":\"es\",\"potentialAction\":[{\"@type\":\"ReadAction\",\"target\":[\"https:\\\/\\\/cartensa.com\\\/es\\\/cajas-de-carton\\\/cajas-para-frutas\\\/\"]}]},{\"@type\":\"ImageObject\",\"inLanguage\":\"es\",\"@id\":\"https:\\\/\\\/cartensa.com\\\/es\\\/cajas-de-carton\\\/cajas-para-frutas\\\/#primaryimage\",\"url\":\"https:\\\/\\\/cartensa.com\\\/es\\\/wp-content\\\/uploads\\\/2018\\\/02\\\/cartensa-cajas-de-carton-cajas-para-frutas-1.jpg\",\"contentUrl\":\"https:\\\/\\\/cartensa.com\\\/es\\\/wp-content\\\/uploads\\\/2018\\\/02\\\/cartensa-cajas-de-carton-cajas-para-frutas-1.jpg\",\"width\":500,\"height\":300},{\"@type\":\"BreadcrumbList\",\"@id\":\"https:\\\/\\\/cartensa.com\\\/es\\\/cajas-de-carton\\\/cajas-para-frutas\\\/#breadcrumb\",\"itemListElement\":[{\"@type\":\"ListItem\",\"position\":1,\"name\":\"Portada\",\"item\":\"https:\\\/\\\/cartensa.com\\\/es\\\/\"},{\"@type\":\"ListItem\",\"position\":2,\"name\":\"Cajas de Cart\u00f3n\",\"item\":\"https:\\\/\\\/cartensa.com\\\/es\\\/cajas-de-carton\\\/\"},{\"@type\":\"ListItem\",\"position\":3,\"name\":\"Cajas para Frutas\"}]},{\"@type\":\"WebSite\",\"@id\":\"https:\\\/\\\/cartensa.com\\\/es\\\/#website\",\"url\":\"https:\\\/\\\/cartensa.com\\\/es\\\/\",\"name\":\"Cartensa\",\"description\":\"F\u00e1brica de Cajas de Cart\u00f3n en Barranquilla\",\"potentialAction\":[{\"@type\":\"SearchAction\",\"target\":{\"@type\":\"EntryPoint\",\"urlTemplate\":\"https:\\\/\\\/cartensa.com\\\/es\\\/?s={search_term_string}\"},\"query-input\":{\"@type\":\"PropertyValueSpecification\",\"valueRequired\":true,\"valueName\":\"search_term_string\"}}],\"inLanguage\":\"es\"}]}<\/script>\n<!-- \/ Yoast SEO plugin. -->","yoast_head_json":{"title":"Cajas Nuevas - Cajas de Cart\u00f3n | CARTENSA - Ingenier\u00eda en Empaques en Bogot\u00e1 y toda Colombia","robots":{"index":"index","follow":"follow","max-snippet":"max-snippet:-1","max-image-preview":"max-image-preview:large","max-video-preview":"max-video-preview:-1"},"canonical":"https:\/\/cartensa.com\/es\/cajas-de-carton\/cajas-para-frutas\/","og_locale":"es_ES","og_type":"article","og_title":"Cajas Nuevas - Cajas de Cart\u00f3n | CARTENSA - Ingenier\u00eda en Empaques en Bogot\u00e1 y toda Colombia","og_description":"Inicio chevron_right Cajas de Cart\u00f3n chevron_right Cajas para Frutas Cajas para Frutas Producimos cajas para empaque y embalaje de frutas, verduras y alimentos perecederos, ideales para exportaci\u00f3n y almacenamiento en refrigeraci\u00f3n. email Cont\u00e1ctenos para m\u00e1s informaci\u00f3n del producto","og_url":"https:\/\/cartensa.com\/es\/cajas-de-carton\/cajas-para-frutas\/","og_site_name":"Cartensa","article_modified_time":"2018-03-12T17:24:37+00:00","og_image":[{"url":"https:\/\/cartensa.com\/es\/wp-content\/uploads\/2018\/02\/cartensa-cajas-de-carton-cajas-para-frutas-1.jpg","type":"","width":"","height":""}],"twitter_card":"summary_large_image","twitter_title":"Cajas Nuevas - Cajas de Cart\u00f3n | CARTENSA - Ingenier\u00eda en Empaques en Bogot\u00e1 y toda Colombia","schema":{"@context":"https:\/\/schema.org","@graph":[{"@type":"WebPage","@id":"https:\/\/cartensa.com\/es\/cajas-de-carton\/cajas-para-frutas\/","url":"https:\/\/cartensa.com\/es\/cajas-de-carton\/cajas-para-frutas\/","name":"Cajas Nuevas - Cajas de Cart\u00f3n | CARTENSA - Ingenier\u00eda en Empaques en Bogot\u00e1 y toda Colombia","isPartOf":{"@id":"https:\/\/cartensa.com\/es\/#website"},"primaryImageOfPage":{"@id":"https:\/\/cartensa.com\/es\/cajas-de-carton\/cajas-para-frutas\/#primaryimage"},"image":{"@id":"https:\/\/cartensa.com\/es\/cajas-de-carton\/cajas-para-frutas\/#primaryimage"},"thumbnailUrl":"https:\/\/cartensa.com\/es\/wp-content\/uploads\/2018\/02\/cartensa-cajas-de-carton-cajas-para-frutas-1.jpg","datePublished":"2017-07-19T23:22:15+00:00","dateModified":"2018-03-12T17:24:37+00:00","breadcrumb":{"@id":"https:\/\/cartensa.com\/es\/cajas-de-carton\/cajas-para-frutas\/#breadcrumb"},"inLanguage":"es","potentialAction":[{"@type":"ReadAction","target":["https:\/\/cartensa.com\/es\/cajas-de-carton\/cajas-para-frutas\/"]}]},{"@type":"ImageObject","inLanguage":"es","@id":"https:\/\/cartensa.com\/es\/cajas-de-carton\/cajas-para-frutas\/#primaryimage","url":"https:\/\/cartensa.com\/es\/wp-content\/uploads\/2018\/02\/cartensa-cajas-de-carton-cajas-para-frutas-1.jpg","contentUrl":"https:\/\/cartensa.com\/es\/wp-content\/uploads\/2018\/02\/cartensa-cajas-de-carton-cajas-para-frutas-1.jpg","width":500,"height":300},{"@type":"BreadcrumbList","@id":"https:\/\/cartensa.com\/es\/cajas-de-carton\/cajas-para-frutas\/#breadcrumb","itemListElement":[{"@type":"ListItem","position":1,"name":"Portada","item":"https:\/\/cartensa.com\/es\/"},{"@type":"ListItem","position":2,"name":"Cajas de Cart\u00f3n","item":"https:\/\/cartensa.com\/es\/cajas-de-carton\/"},{"@type":"ListItem","position":3,"name":"Cajas para Frutas"}]},{"@type":"WebSite","@id":"https:\/\/cartensa.com\/es\/#website","url":"https:\/\/cartensa.com\/es\/","name":"Cartensa","description":"F\u00e1brica de Cajas de Cart\u00f3n en Barranquilla","potentialAction":[{"@type":"SearchAction","target":{"@type":"EntryPoint","urlTemplate":"https:\/\/cartensa.com\/es\/?s={search_term_string}"},"query-input":{"@type":"PropertyValueSpecification","valueRequired":true,"valueName":"search_term_string"}}],"inLanguage":"es"}]}},"_links":{"self":[{"href":"https:\/\/cartensa.com\/es\/wp-json\/wp\/v2\/pages\/100","targetHints":{"allow":["GET"]}}],"collection":[{"href":"https:\/\/cartensa.com\/es\/wp-json\/wp\/v2\/pages"}],"about":[{"href":"https:\/\/cartensa.com\/es\/wp-json\/wp\/v2\/types\/page"}],"author":[{"embeddable":true,"href":"https:\/\/cartensa.com\/es\/wp-json\/wp\/v2\/users\/1"}],"replies":[{"embeddable":true,"href":"https:\/\/cartensa.com\/es\/wp-json\/wp\/v2\/comments?post=100"}],"version-history":[{"count":16,"href":"https:\/\/cartensa.com\/es\/wp-json\/wp\/v2\/pages\/100\/revisions"}],"predecessor-version":[{"id":1119,"href":"https:\/\/cartensa.com\/es\/wp-json\/wp\/v2\/pages\/100\/revisions\/1119"}],"up":[{"embeddable":true,"href":"https:\/\/cartensa.com\/es\/wp-json\/wp\/v2\/pages\/11"}],"wp:attachment":[{"href":"https:\/\/cartensa.com\/es\/wp-json\/wp\/v2\/media?parent=100"}],"curies":[{"name":"wp","href":"https:\/\/api.w.org\/{rel}","templated":true}]}}