{"id":125,"date":"2017-07-30T23:23:05","date_gmt":"2017-07-30T23:23:05","guid":{"rendered":"https:\/\/cartensa.com\/es\/?page_id=125"},"modified":"2024-05-03T02:37:33","modified_gmt":"2024-05-03T02:37:33","slug":"cajas-para-envios","status":"publish","type":"page","link":"https:\/\/cartensa.com\/es\/cajas-de-carton\/cajas-para-envios\/","title":{"rendered":"Cajas para Env\u00edos"},"content":{"rendered":"<div id=\"row-migas-de-pan\">\n<div class=\"col-md-12\">\n<nav id=\"box-migas-pan\">\n            <a href=\"https:\/\/cartensa.com\/es\/\" class=\"pri-mp\" title=\"Inicio\">Inicio<\/a><br \/>\n            <span class=\"fle-mp\"><i class=\"material-icons\">chevron_right<\/i><\/span><br \/>\n            <a href=\"https:\/\/cartensa.com\/es\/cajas-de-carton\/\" class=\"pri-mp\" title=\"Cajas de Cart\u00f3n\">Cajas de Cart\u00f3n<\/a><br \/>\n            <span class=\"fle-mp\"><i class=\"material-icons\">chevron_right<\/i><\/span><br \/>\n            <span class=\"actual-mp\">Cajas para Env\u00edos<\/span><\/p>\n<\/nav><\/div>\n<\/div>\n<div id=\"row-titulo-paginas\">\n<div class=\"col-md-12\">\n<section>\n<h2 class=\"titulo-h2\">Cajas para Env\u00edos<\/h2>\n<p>Contamos con cajas para env\u00edos de mercanc\u00edas de diferente naturaleza y especificaciones.<\/p>\n<\/section><\/div>\n<\/div>\n<section id=\"row-paginas-especificas\">\n<article id=\"box-izq-rpe\">\n<nav>\n            <a data-fancybox=\"galeria\" data-caption=\"Caja para env\u00edos | Cajas de Cart\u00f3n Regular - Cartensa\" href=\"https:\/\/cartensa.com\/es\/wp-content\/uploads\/2018\/02\/cartensa-cajas-de-carton-cajas-para-envio-001.jpg\" lang=\"es\" title=\"Caja para env\u00edos | Cajas de Cart\u00f3n Regular - Cartensa\"><br \/>\n                <img decoding=\"async\" src=\"https:\/\/cartensa.com\/es\/wp-content\/uploads\/2018\/02\/cartensa-cajas-de-carton-cajas-para-envio-1.jpg\" alt=\"Caja para env\u00edos | Cajas de Cart\u00f3n Regular - Cartensa\"><br \/>\n            <\/a><br \/>\n            <a data-fancybox=\"galeria\" data-caption=\"Caja para env\u00edos | Cajas de Cart\u00f3n Regular - Cartensa\" href=\"https:\/\/cartensa.com\/es\/wp-content\/uploads\/2018\/02\/cartensa-cajas-de-carton-cajas-para-envio-002.jpg\" lang=\"es\" title=\"Caja para env\u00edos | Cajas de Cart\u00f3n Regular - Cartensa\"><br \/>\n                <img decoding=\"async\" src=\"https:\/\/cartensa.com\/es\/wp-content\/uploads\/2018\/02\/cartensa-cajas-de-carton-cajas-para-envio-2.jpg\" alt=\"Caja para env\u00edos | Cajas de Cart\u00f3n Regular - Cartensa\"><br \/>\n            <\/a><br \/>\n            <a data-fancybox=\"galeria\" data-caption=\"Caja para env\u00edos | Cajas de Cart\u00f3n Regular - Cartensa\" href=\"https:\/\/cartensa.com\/es\/wp-content\/uploads\/2018\/02\/cartensa-cajas-de-carton-cajas-para-envio-003.jpg\" lang=\"es\" title=\"Caja para env\u00edos | Cajas de Cart\u00f3n Regular - Cartensa\"><br \/>\n                <img decoding=\"async\" src=\"https:\/\/cartensa.com\/es\/wp-content\/uploads\/2018\/02\/cartensa-cajas-de-carton-cajas-para-envio-3.jpg\" alt=\"Caja para env\u00edos | Cajas de Cart\u00f3n Regular - Cartensa\"><br \/>\n            <\/a><br \/>\n            <a data-fancybox=\"galeria\" data-caption=\"Caja para env\u00edos | Cajas de Cart\u00f3n Regular - Cartensa\" href=\"https:\/\/cartensa.com\/es\/wp-content\/uploads\/2018\/02\/cartensa-cajas-de-carton-cajas-para-envio-004.jpg\" lang=\"es\" title=\"Caja para env\u00edos | Cajas de Cart\u00f3n Regular - Cartensa\"><br \/>\n                <img decoding=\"async\" src=\"https:\/\/cartensa.com\/es\/wp-content\/uploads\/2018\/02\/cartensa-cajas-de-carton-cajas-para-envio-4.jpg\" alt=\"Caja para env\u00edos | Cajas de Cart\u00f3n Regular - Cartensa\"><br \/>\n            <\/a><br \/>\n        <\/nav>\n<\/article>\n<article id=\"box-der-rpe\" class=\"rpe-03\">\n        <a id=\"to-cta\" lang=\"es\" title=\"Cont\u00e1ctenos\" href=\"https:\/\/cartensa.com\/es\/contactenos\/\"><br \/>\n            <i class=\"material-icons\">email<\/i> Cont\u00e1ctenos para m\u00e1s informaci\u00f3n del producto<br \/>\n        <\/a><br \/>\n    <\/article>\n<\/section>\n","protected":false},"excerpt":{"rendered":"<p>Inicio chevron_right Cajas de Cart\u00f3n chevron_right Cajas para Env\u00edos Cajas para Env\u00edos Contamos con cajas para env\u00edos de mercanc\u00edas de diferente naturaleza y especificaciones. email Cont\u00e1ctenos para m\u00e1s informaci\u00f3n del producto<\/p>\n","protected":false},"author":1,"featured_media":0,"parent":11,"menu_order":0,"comment_status":"closed","ping_status":"closed","template":"","meta":{"_joinchat":[],"footnotes":""},"class_list":["post-125","page","type-page","status-publish","hentry"],"yoast_head":"<!-- This site is optimized with the Yoast SEO plugin v27.4 - https:\/\/yoast.com\/product\/yoast-seo-wordpress\/ -->\n<title>Cajas para Env\u00edos | Cajas de Cart\u00f3n | Barranquilla Cotice Aqu\u00ed<\/title>\n<meta name=\"description\" content=\"Cajas para Env\u00edo E-commerce | Paquete X50 Und, Desde $900 Pesos, Personaliza desde $10.000 - Punto de F\u00e1brica \u00a1Cotiza Ahora Medell\u00edn Cali!\" \/>\n<meta name=\"robots\" content=\"index, follow, max-snippet:-1, max-image-preview:large, max-video-preview:-1\" \/>\n<link rel=\"canonical\" href=\"https:\/\/cartensa.com\/es\/cajas-de-carton\/cajas-para-envios\/\" \/>\n<meta property=\"og:locale\" content=\"es_ES\" \/>\n<meta property=\"og:type\" content=\"article\" \/>\n<meta property=\"og:title\" content=\"Cajas para Env\u00edos - Cajas de Cart\u00f3n | CARTENSA - Ingenier\u00eda en Empaques en Bogot\u00e1 y toda Colombia\" \/>\n<meta property=\"og:description\" content=\"Cajas para Env\u00edo E-commerce | Paquete X50 Und, Desde $900 Pesos, Personaliza desde $10.000 - Punto de F\u00e1brica \u00a1Cotiza Ahora Medell\u00edn Cali!\" \/>\n<meta property=\"og:url\" content=\"https:\/\/cartensa.com\/es\/cajas-de-carton\/cajas-para-envios\/\" \/>\n<meta property=\"og:site_name\" content=\"Cartensa\" \/>\n<meta property=\"article:modified_time\" content=\"2024-05-03T02:37:33+00:00\" \/>\n<meta property=\"og:image\" content=\"https:\/\/cartensa.com\/es\/wp-content\/uploads\/2018\/02\/cartensa-cajas-de-carton-cajas-para-envio-1.jpg\" \/>\n<meta name=\"twitter:card\" content=\"summary_large_image\" \/>\n<meta name=\"twitter:title\" content=\"Cajas para Env\u00edos - Cajas de Cart\u00f3n | CARTENSA - Ingenier\u00eda en Empaques en Bogot\u00e1 y toda Colombia\" \/>\n<meta name=\"twitter:label1\" content=\"Tiempo de lectura\" \/>\n\t<meta name=\"twitter:data1\" content=\"1 minuto\" \/>\n<script type=\"application\/ld+json\" class=\"yoast-schema-graph\">{\"@context\":\"https:\\\/\\\/schema.org\",\"@graph\":[{\"@type\":\"WebPage\",\"@id\":\"https:\\\/\\\/cartensa.com\\\/es\\\/cajas-de-carton\\\/cajas-para-envios\\\/\",\"url\":\"https:\\\/\\\/cartensa.com\\\/es\\\/cajas-de-carton\\\/cajas-para-envios\\\/\",\"name\":\"Cajas para Env\u00edos | Cajas de Cart\u00f3n | Barranquilla Cotice Aqu\u00ed\",\"isPartOf\":{\"@id\":\"https:\\\/\\\/cartensa.com\\\/es\\\/#website\"},\"primaryImageOfPage\":{\"@id\":\"https:\\\/\\\/cartensa.com\\\/es\\\/cajas-de-carton\\\/cajas-para-envios\\\/#primaryimage\"},\"image\":{\"@id\":\"https:\\\/\\\/cartensa.com\\\/es\\\/cajas-de-carton\\\/cajas-para-envios\\\/#primaryimage\"},\"thumbnailUrl\":\"https:\\\/\\\/cartensa.com\\\/es\\\/wp-content\\\/uploads\\\/2018\\\/02\\\/cartensa-cajas-de-carton-cajas-para-envio-1.jpg\",\"datePublished\":\"2017-07-30T23:23:05+00:00\",\"dateModified\":\"2024-05-03T02:37:33+00:00\",\"description\":\"Cajas para Env\u00edo E-commerce | Paquete X50 Und, Desde $900 Pesos, Personaliza desde $10.000 - Punto de F\u00e1brica \u00a1Cotiza Ahora Medell\u00edn Cali!\",\"breadcrumb\":{\"@id\":\"https:\\\/\\\/cartensa.com\\\/es\\\/cajas-de-carton\\\/cajas-para-envios\\\/#breadcrumb\"},\"inLanguage\":\"es\",\"potentialAction\":[{\"@type\":\"ReadAction\",\"target\":[\"https:\\\/\\\/cartensa.com\\\/es\\\/cajas-de-carton\\\/cajas-para-envios\\\/\"]}]},{\"@type\":\"ImageObject\",\"inLanguage\":\"es\",\"@id\":\"https:\\\/\\\/cartensa.com\\\/es\\\/cajas-de-carton\\\/cajas-para-envios\\\/#primaryimage\",\"url\":\"https:\\\/\\\/cartensa.com\\\/es\\\/wp-content\\\/uploads\\\/2018\\\/02\\\/cartensa-cajas-de-carton-cajas-para-envio-1.jpg\",\"contentUrl\":\"https:\\\/\\\/cartensa.com\\\/es\\\/wp-content\\\/uploads\\\/2018\\\/02\\\/cartensa-cajas-de-carton-cajas-para-envio-1.jpg\",\"width\":500,\"height\":300},{\"@type\":\"BreadcrumbList\",\"@id\":\"https:\\\/\\\/cartensa.com\\\/es\\\/cajas-de-carton\\\/cajas-para-envios\\\/#breadcrumb\",\"itemListElement\":[{\"@type\":\"ListItem\",\"position\":1,\"name\":\"Portada\",\"item\":\"https:\\\/\\\/cartensa.com\\\/es\\\/\"},{\"@type\":\"ListItem\",\"position\":2,\"name\":\"Cajas de Cart\u00f3n\",\"item\":\"https:\\\/\\\/cartensa.com\\\/es\\\/cajas-de-carton\\\/\"},{\"@type\":\"ListItem\",\"position\":3,\"name\":\"Cajas para Env\u00edos\"}]},{\"@type\":\"WebSite\",\"@id\":\"https:\\\/\\\/cartensa.com\\\/es\\\/#website\",\"url\":\"https:\\\/\\\/cartensa.com\\\/es\\\/\",\"name\":\"Cartensa\",\"description\":\"F\u00e1brica de Cajas de Cart\u00f3n en Barranquilla\",\"potentialAction\":[{\"@type\":\"SearchAction\",\"target\":{\"@type\":\"EntryPoint\",\"urlTemplate\":\"https:\\\/\\\/cartensa.com\\\/es\\\/?s={search_term_string}\"},\"query-input\":{\"@type\":\"PropertyValueSpecification\",\"valueRequired\":true,\"valueName\":\"search_term_string\"}}],\"inLanguage\":\"es\"}]}<\/script>\n<!-- \/ Yoast SEO plugin. -->","yoast_head_json":{"title":"Cajas para Env\u00edos | Cajas de Cart\u00f3n | Barranquilla Cotice Aqu\u00ed","description":"Cajas para Env\u00edo E-commerce | Paquete X50 Und, Desde $900 Pesos, Personaliza desde $10.000 - Punto de F\u00e1brica \u00a1Cotiza Ahora Medell\u00edn Cali!","robots":{"index":"index","follow":"follow","max-snippet":"max-snippet:-1","max-image-preview":"max-image-preview:large","max-video-preview":"max-video-preview:-1"},"canonical":"https:\/\/cartensa.com\/es\/cajas-de-carton\/cajas-para-envios\/","og_locale":"es_ES","og_type":"article","og_title":"Cajas para Env\u00edos - Cajas de Cart\u00f3n | CARTENSA - Ingenier\u00eda en Empaques en Bogot\u00e1 y toda Colombia","og_description":"Cajas para Env\u00edo E-commerce | Paquete X50 Und, Desde $900 Pesos, Personaliza desde $10.000 - Punto de F\u00e1brica \u00a1Cotiza Ahora Medell\u00edn Cali!","og_url":"https:\/\/cartensa.com\/es\/cajas-de-carton\/cajas-para-envios\/","og_site_name":"Cartensa","article_modified_time":"2024-05-03T02:37:33+00:00","og_image":[{"url":"https:\/\/cartensa.com\/es\/wp-content\/uploads\/2018\/02\/cartensa-cajas-de-carton-cajas-para-envio-1.jpg","type":"","width":"","height":""}],"twitter_card":"summary_large_image","twitter_title":"Cajas para Env\u00edos - Cajas de Cart\u00f3n | CARTENSA - Ingenier\u00eda en Empaques en Bogot\u00e1 y toda Colombia","twitter_misc":{"Tiempo de lectura":"1 minuto"},"schema":{"@context":"https:\/\/schema.org","@graph":[{"@type":"WebPage","@id":"https:\/\/cartensa.com\/es\/cajas-de-carton\/cajas-para-envios\/","url":"https:\/\/cartensa.com\/es\/cajas-de-carton\/cajas-para-envios\/","name":"Cajas para Env\u00edos | Cajas de Cart\u00f3n | Barranquilla Cotice Aqu\u00ed","isPartOf":{"@id":"https:\/\/cartensa.com\/es\/#website"},"primaryImageOfPage":{"@id":"https:\/\/cartensa.com\/es\/cajas-de-carton\/cajas-para-envios\/#primaryimage"},"image":{"@id":"https:\/\/cartensa.com\/es\/cajas-de-carton\/cajas-para-envios\/#primaryimage"},"thumbnailUrl":"https:\/\/cartensa.com\/es\/wp-content\/uploads\/2018\/02\/cartensa-cajas-de-carton-cajas-para-envio-1.jpg","datePublished":"2017-07-30T23:23:05+00:00","dateModified":"2024-05-03T02:37:33+00:00","description":"Cajas para Env\u00edo E-commerce | Paquete X50 Und, Desde $900 Pesos, Personaliza desde $10.000 - Punto de F\u00e1brica \u00a1Cotiza Ahora Medell\u00edn Cali!","breadcrumb":{"@id":"https:\/\/cartensa.com\/es\/cajas-de-carton\/cajas-para-envios\/#breadcrumb"},"inLanguage":"es","potentialAction":[{"@type":"ReadAction","target":["https:\/\/cartensa.com\/es\/cajas-de-carton\/cajas-para-envios\/"]}]},{"@type":"ImageObject","inLanguage":"es","@id":"https:\/\/cartensa.com\/es\/cajas-de-carton\/cajas-para-envios\/#primaryimage","url":"https:\/\/cartensa.com\/es\/wp-content\/uploads\/2018\/02\/cartensa-cajas-de-carton-cajas-para-envio-1.jpg","contentUrl":"https:\/\/cartensa.com\/es\/wp-content\/uploads\/2018\/02\/cartensa-cajas-de-carton-cajas-para-envio-1.jpg","width":500,"height":300},{"@type":"BreadcrumbList","@id":"https:\/\/cartensa.com\/es\/cajas-de-carton\/cajas-para-envios\/#breadcrumb","itemListElement":[{"@type":"ListItem","position":1,"name":"Portada","item":"https:\/\/cartensa.com\/es\/"},{"@type":"ListItem","position":2,"name":"Cajas de Cart\u00f3n","item":"https:\/\/cartensa.com\/es\/cajas-de-carton\/"},{"@type":"ListItem","position":3,"name":"Cajas para Env\u00edos"}]},{"@type":"WebSite","@id":"https:\/\/cartensa.com\/es\/#website","url":"https:\/\/cartensa.com\/es\/","name":"Cartensa","description":"F\u00e1brica de Cajas de Cart\u00f3n en Barranquilla","potentialAction":[{"@type":"SearchAction","target":{"@type":"EntryPoint","urlTemplate":"https:\/\/cartensa.com\/es\/?s={search_term_string}"},"query-input":{"@type":"PropertyValueSpecification","valueRequired":true,"valueName":"search_term_string"}}],"inLanguage":"es"}]}},"_links":{"self":[{"href":"https:\/\/cartensa.com\/es\/wp-json\/wp\/v2\/pages\/125","targetHints":{"allow":["GET"]}}],"collection":[{"href":"https:\/\/cartensa.com\/es\/wp-json\/wp\/v2\/pages"}],"about":[{"href":"https:\/\/cartensa.com\/es\/wp-json\/wp\/v2\/types\/page"}],"author":[{"embeddable":true,"href":"https:\/\/cartensa.com\/es\/wp-json\/wp\/v2\/users\/1"}],"replies":[{"embeddable":true,"href":"https:\/\/cartensa.com\/es\/wp-json\/wp\/v2\/comments?post=125"}],"version-history":[{"count":7,"href":"https:\/\/cartensa.com\/es\/wp-json\/wp\/v2\/pages\/125\/revisions"}],"predecessor-version":[{"id":1117,"href":"https:\/\/cartensa.com\/es\/wp-json\/wp\/v2\/pages\/125\/revisions\/1117"}],"up":[{"embeddable":true,"href":"https:\/\/cartensa.com\/es\/wp-json\/wp\/v2\/pages\/11"}],"wp:attachment":[{"href":"https:\/\/cartensa.com\/es\/wp-json\/wp\/v2\/media?parent=125"}],"curies":[{"name":"wp","href":"https:\/\/api.w.org\/{rel}","templated":true}]}}