{"id":15,"date":"2017-05-09T15:37:57","date_gmt":"2017-05-09T15:37:57","guid":{"rendered":"https:\/\/cartensa.com\/es\/?page_id=15"},"modified":"2018-02-04T04:34:12","modified_gmt":"2018-02-04T04:34:12","slug":"cartonplast","status":"publish","type":"page","link":"https:\/\/cartensa.com\/es\/cartonplast\/","title":{"rendered":"CartonPlast"},"content":{"rendered":"<div id=\"row-migas-de-pan\">\n<div class=\"col-md-12\">\n<nav id=\"box-migas-pan\">\n            <a href=\"https:\/\/cartensa.com\/es\/\" class=\"pri-mp\" title=\"Inicio\">Inicio<\/a><br \/>\n            <span class=\"fle-mp\"><i class=\"material-icons\">chevron_right<\/i><\/span><br \/>\n            <span class=\"actual-mp\">CartonPlast<\/span><br \/>\n        <\/nav>\n<\/p><\/div>\n<\/div>\n<div id=\"row-titulo-paginas\">\n<div class=\"col-md-12\">\n<section>\n<h2 class=\"titulo-h2\">CartonPlast<\/h2>\n<p>Desarrollamos Cajas y Empaques en CartonPlast seg\u00fan medidas y especificaciones de nuestros clientes.<\/p>\n<\/section><\/div>\n<\/div>\n<section id=\"row-soluciones-internas\">\n    <a href=\"https:\/\/cartensa.com\/es\/cartonplast\/cajas-carton-plastico\/\" lang=\"es\" title=\"Cajas de Cart\u00f3n Pl\u00e1stico\" id=\"box-cp-01\"><br \/>\n        <span class=\"txt-box-soluciones\">Cajas de Cart\u00f3n Pl\u00e1stico<\/span><\/p>\n<div class=\"box-cover-soluciones\"><\/div>\n<p>    <\/a><br \/>\n    <a href=\"https:\/\/cartensa.com\/es\/cartonplast\/cajas-troqueladas-cp\/\" lang=\"es\" title=\"Cajas Troqueladas CP\" id=\"box-cp-02\"><br \/>\n        <span class=\"txt-box-soluciones\">Cajas Troqueladas CP<\/span><\/p>\n<div class=\"box-cover-soluciones\"><\/div>\n<p>    <\/a><br \/>\n    <a href=\"https:\/\/cartensa.com\/es\/cartonplast\/desarrollos-especiales-en-cartonplast\/\" lang=\"es\" title=\"Desarrollos Especiales CartonPlast\" id=\"box-cp-03\"><br \/>\n        <span class=\"txt-box-soluciones\">Desarrollos Especiales CartonPlast<\/span><\/p>\n<div class=\"box-cover-soluciones\"><\/div>\n<p>    <\/a><br \/>\n    <a href=\"https:\/\/cartensa.com\/es\/cartonplast\/laminas-en-cartonplast\/\" lang=\"es\" title=\"L\u00e1minas en CartonPlast\" id=\"box-cp-04\"><br \/>\n        <span class=\"txt-box-soluciones\">L\u00e1minas en CartonPlast<\/span><\/p>\n<div class=\"box-cover-soluciones\"><\/div>\n<p>    <\/a><br \/>\n<\/section>\n","protected":false},"excerpt":{"rendered":"<p>Inicio chevron_right CartonPlast CartonPlast Desarrollamos Cajas y Empaques en CartonPlast seg\u00fan medidas y especificaciones de nuestros clientes. Cajas de Cart\u00f3n Pl\u00e1stico Cajas Troqueladas CP Desarrollos Especiales CartonPlast L\u00e1minas en CartonPlast<\/p>\n","protected":false},"author":1,"featured_media":0,"parent":0,"menu_order":0,"comment_status":"closed","ping_status":"closed","template":"","meta":{"_joinchat":[],"footnotes":""},"class_list":["post-15","page","type-page","status-publish","hentry"],"yoast_head":"<!-- This site is optimized with the Yoast SEO plugin v27.4 - https:\/\/yoast.com\/product\/yoast-seo-wordpress\/ -->\n<title>CartonPlast | CARTENSA - Ingenier\u00eda en Empaques en Colombia<\/title>\n<meta name=\"description\" content=\"Desarrollamos Cajas y Empaques en CartonPlast seg\u00fan medidas y especificaciones de nuestros clientes.\" \/>\n<meta name=\"robots\" content=\"index, follow, max-snippet:-1, max-image-preview:large, max-video-preview:-1\" \/>\n<link rel=\"canonical\" href=\"https:\/\/cartensa.com\/es\/cartonplast\/\" \/>\n<meta property=\"og:locale\" content=\"es_ES\" \/>\n<meta property=\"og:type\" content=\"article\" \/>\n<meta property=\"og:title\" content=\"CartonPlast | CARTENSA - Ingenier\u00eda en Empaques en Colombia\" \/>\n<meta property=\"og:description\" content=\"Desarrollamos Cajas y Empaques en CartonPlast seg\u00fan medidas y especificaciones de nuestros clientes.\" \/>\n<meta property=\"og:url\" content=\"https:\/\/cartensa.com\/es\/cartonplast\/\" \/>\n<meta property=\"og:site_name\" content=\"Cartensa\" \/>\n<meta property=\"article:modified_time\" content=\"2018-02-04T04:34:12+00:00\" \/>\n<meta name=\"twitter:card\" content=\"summary_large_image\" \/>\n<meta name=\"twitter:title\" content=\"CartonPlast | CARTENSA - Ingenier\u00eda en Empaques en Colombia\" \/>\n<meta name=\"twitter:description\" content=\"Desarrollamos Cajas y Empaques en CartonPlast seg\u00fan medidas y especificaciones de nuestros clientes.\" \/>\n<script type=\"application\/ld+json\" class=\"yoast-schema-graph\">{\"@context\":\"https:\\\/\\\/schema.org\",\"@graph\":[{\"@type\":\"WebPage\",\"@id\":\"https:\\\/\\\/cartensa.com\\\/es\\\/cartonplast\\\/\",\"url\":\"https:\\\/\\\/cartensa.com\\\/es\\\/cartonplast\\\/\",\"name\":\"CartonPlast | CARTENSA - Ingenier\u00eda en Empaques en Colombia\",\"isPartOf\":{\"@id\":\"https:\\\/\\\/cartensa.com\\\/es\\\/#website\"},\"datePublished\":\"2017-05-09T15:37:57+00:00\",\"dateModified\":\"2018-02-04T04:34:12+00:00\",\"description\":\"Desarrollamos Cajas y Empaques en CartonPlast seg\u00fan medidas y especificaciones de nuestros clientes.\",\"breadcrumb\":{\"@id\":\"https:\\\/\\\/cartensa.com\\\/es\\\/cartonplast\\\/#breadcrumb\"},\"inLanguage\":\"es\",\"potentialAction\":[{\"@type\":\"ReadAction\",\"target\":[\"https:\\\/\\\/cartensa.com\\\/es\\\/cartonplast\\\/\"]}]},{\"@type\":\"BreadcrumbList\",\"@id\":\"https:\\\/\\\/cartensa.com\\\/es\\\/cartonplast\\\/#breadcrumb\",\"itemListElement\":[{\"@type\":\"ListItem\",\"position\":1,\"name\":\"Portada\",\"item\":\"https:\\\/\\\/cartensa.com\\\/es\\\/\"},{\"@type\":\"ListItem\",\"position\":2,\"name\":\"CartonPlast\"}]},{\"@type\":\"WebSite\",\"@id\":\"https:\\\/\\\/cartensa.com\\\/es\\\/#website\",\"url\":\"https:\\\/\\\/cartensa.com\\\/es\\\/\",\"name\":\"Cartensa\",\"description\":\"F\u00e1brica de Cajas de Cart\u00f3n en Barranquilla\",\"potentialAction\":[{\"@type\":\"SearchAction\",\"target\":{\"@type\":\"EntryPoint\",\"urlTemplate\":\"https:\\\/\\\/cartensa.com\\\/es\\\/?s={search_term_string}\"},\"query-input\":{\"@type\":\"PropertyValueSpecification\",\"valueRequired\":true,\"valueName\":\"search_term_string\"}}],\"inLanguage\":\"es\"}]}<\/script>\n<!-- \/ Yoast SEO plugin. -->","yoast_head_json":{"title":"CartonPlast | CARTENSA - Ingenier\u00eda en Empaques en Colombia","description":"Desarrollamos Cajas y Empaques en CartonPlast seg\u00fan medidas y especificaciones de nuestros clientes.","robots":{"index":"index","follow":"follow","max-snippet":"max-snippet:-1","max-image-preview":"max-image-preview:large","max-video-preview":"max-video-preview:-1"},"canonical":"https:\/\/cartensa.com\/es\/cartonplast\/","og_locale":"es_ES","og_type":"article","og_title":"CartonPlast | CARTENSA - Ingenier\u00eda en Empaques en Colombia","og_description":"Desarrollamos Cajas y Empaques en CartonPlast seg\u00fan medidas y especificaciones de nuestros clientes.","og_url":"https:\/\/cartensa.com\/es\/cartonplast\/","og_site_name":"Cartensa","article_modified_time":"2018-02-04T04:34:12+00:00","twitter_card":"summary_large_image","twitter_title":"CartonPlast | CARTENSA - Ingenier\u00eda en Empaques en Colombia","twitter_description":"Desarrollamos Cajas y Empaques en CartonPlast seg\u00fan medidas y especificaciones de nuestros clientes.","schema":{"@context":"https:\/\/schema.org","@graph":[{"@type":"WebPage","@id":"https:\/\/cartensa.com\/es\/cartonplast\/","url":"https:\/\/cartensa.com\/es\/cartonplast\/","name":"CartonPlast | CARTENSA - Ingenier\u00eda en Empaques en Colombia","isPartOf":{"@id":"https:\/\/cartensa.com\/es\/#website"},"datePublished":"2017-05-09T15:37:57+00:00","dateModified":"2018-02-04T04:34:12+00:00","description":"Desarrollamos Cajas y Empaques en CartonPlast seg\u00fan medidas y especificaciones de nuestros clientes.","breadcrumb":{"@id":"https:\/\/cartensa.com\/es\/cartonplast\/#breadcrumb"},"inLanguage":"es","potentialAction":[{"@type":"ReadAction","target":["https:\/\/cartensa.com\/es\/cartonplast\/"]}]},{"@type":"BreadcrumbList","@id":"https:\/\/cartensa.com\/es\/cartonplast\/#breadcrumb","itemListElement":[{"@type":"ListItem","position":1,"name":"Portada","item":"https:\/\/cartensa.com\/es\/"},{"@type":"ListItem","position":2,"name":"CartonPlast"}]},{"@type":"WebSite","@id":"https:\/\/cartensa.com\/es\/#website","url":"https:\/\/cartensa.com\/es\/","name":"Cartensa","description":"F\u00e1brica de Cajas de Cart\u00f3n en Barranquilla","potentialAction":[{"@type":"SearchAction","target":{"@type":"EntryPoint","urlTemplate":"https:\/\/cartensa.com\/es\/?s={search_term_string}"},"query-input":{"@type":"PropertyValueSpecification","valueRequired":true,"valueName":"search_term_string"}}],"inLanguage":"es"}]}},"_links":{"self":[{"href":"https:\/\/cartensa.com\/es\/wp-json\/wp\/v2\/pages\/15","targetHints":{"allow":["GET"]}}],"collection":[{"href":"https:\/\/cartensa.com\/es\/wp-json\/wp\/v2\/pages"}],"about":[{"href":"https:\/\/cartensa.com\/es\/wp-json\/wp\/v2\/types\/page"}],"author":[{"embeddable":true,"href":"https:\/\/cartensa.com\/es\/wp-json\/wp\/v2\/users\/1"}],"replies":[{"embeddable":true,"href":"https:\/\/cartensa.com\/es\/wp-json\/wp\/v2\/comments?post=15"}],"version-history":[{"count":7,"href":"https:\/\/cartensa.com\/es\/wp-json\/wp\/v2\/pages\/15\/revisions"}],"predecessor-version":[{"id":646,"href":"https:\/\/cartensa.com\/es\/wp-json\/wp\/v2\/pages\/15\/revisions\/646"}],"wp:attachment":[{"href":"https:\/\/cartensa.com\/es\/wp-json\/wp\/v2\/media?parent=15"}],"curies":[{"name":"wp","href":"https:\/\/api.w.org\/{rel}","templated":true}]}}