{"id":167,"date":"2017-07-31T00:26:28","date_gmt":"2017-07-31T00:26:28","guid":{"rendered":"https:\/\/cartensa.com\/es\/?page_id=167"},"modified":"2018-03-12T17:28:04","modified_gmt":"2018-03-12T17:28:04","slug":"desarrollos-especiales-en-cartonplast","status":"publish","type":"page","link":"https:\/\/cartensa.com\/es\/cartonplast\/desarrollos-especiales-en-cartonplast\/","title":{"rendered":"Desarrollos Especiales en CartonPlast"},"content":{"rendered":"<div id=\"row-migas-de-pan\">\n<div class=\"col-md-12\">\n<nav id=\"box-migas-pan\">\n            <a href=\"https:\/\/cartensa.com\/es\/\" class=\"pri-mp\" title=\"Inicio\">Inicio<\/a><br \/>\n            <span class=\"fle-mp\"><i class=\"material-icons\">chevron_right<\/i><\/span><br \/>\n            <a href=\"https:\/\/cartensa.com\/es\/cartonplast\/\" class=\"pri-mp\" title=\"CartonPlast\">CartonPlast<\/a><br \/>\n            <span class=\"fle-mp\"><i class=\"material-icons\">chevron_right<\/i><\/span><br \/>\n            <span class=\"actual-mp\">Desarrollos Especiales en CartonPlast<\/span><br \/>\n        <\/nav>\n<\/p><\/div>\n<\/div>\n<div id=\"row-titulo-paginas\">\n<div class=\"col-md-12\">\n<section>\n<h2 class=\"titulo-h2\">Desarrollos Especiales en CartonPlast<\/h2>\n<p>            <P> Desarrollos Especiales en Cart\u00f3nPlast <\/p>\n<\/section><\/div>\n<\/div>\n<section id=\"row-paginas-especificas\">\n<article id=\"box-izq-rpe\">\n<nav>\n            <a data-fancybox=\"galeria\" data-caption=\"Bolsas de Papel | Cajas Especiales - CARTENSA\" href=\"https:\/\/cartensa.com\/es\/wp-content\/uploads\/2018\/02\/cartensa-cartonplast-desarrollos-especiales-02.jpg\" lang=\"es\" title=\"Desarrollos Especiales en CartonPlast | Cajas Especiales - CARTENSA\"><br \/>\n                <img decoding=\"async\" src=\"https:\/\/cartensa.com\/es\/wp-content\/uploads\/2018\/02\/cartensa-cartonplast-desarrollos-especiales-002.jpg\" alt=\"Desarrollos Especiales en CartonPlast | CartonPlast - CARTENSA\"><br \/>\n            <\/a><br \/>\n            <a data-fancybox=\"galeria\" data-caption=\"Bolsas de Papel | Cajas Especiales - CARTENSA\" href=\"https:\/\/cartensa.com\/es\/wp-content\/uploads\/2018\/02\/cartensa-cartonplast-laminas-en-cartonplast-01.jpg\" lang=\"es\" title=\"Cajas en Cart\u00f3n Pl\u00e1stico | Cajas Especiales - CARTENSA\"><br \/>\n                <img decoding=\"async\" src=\"https:\/\/cartensa.com\/es\/wp-content\/uploads\/2018\/02\/cartensa-cartonplast-laminas-en-cartonplast-001.jpg\" alt=\"Cajas en Cart\u00f3n Pl\u00e1stico | Cart\u00f3nPlast - CARTENSA\"><br \/>\n            <\/a><br \/>\n            <a data-fancybox=\"galeria\" data-caption=\"Bolsas de Papel | Cajas Especiales - CARTENSA\" href=\"https:\/\/cartensa.com\/es\/wp-content\/uploads\/2018\/02\/cartensa-cartonplast-laminas-en-cartonplast-02.jpg\" lang=\"es\" title=\"Cajas en Cart\u00f3n Pl\u00e1stico | Cajas Especiales - CARTENSA\"><br \/>\n                <img decoding=\"async\" src=\"https:\/\/cartensa.com\/es\/wp-content\/uploads\/2018\/02\/cartensa-cartonplast-laminas-en-cartonplast-002.jpg\" alt=\"Cajas en Cart\u00f3n Pl\u00e1stico | Cart\u00f3nPlast - CARTENSA\"><br \/>\n            <\/a><br \/>\n           <a data-fancybox=\"galeria\" data-caption=\"Bolsas de Papel | Cajas Especiales - CARTENSA\" href=\"https:\/\/cartensa.com\/es\/wp-content\/uploads\/2018\/02\/cartensa-cartonplast-desarrollos-especiales-01.jpg\" lang=\"es\" title=\"Desarrollos Especiales en CartonPlast | Cajas Especiales - CARTENSA\"><br \/>\n                <img decoding=\"async\" src=\"https:\/\/cartensa.com\/es\/wp-content\/uploads\/2018\/02\/cartensa-cartonplast-desarrollos-especiales-001.jpg\" alt=\"Desarrollos Especiales en CartonPlast | CartonPlast - CARTENSA\"><br \/>\n            <\/a><\/p>\n<\/nav>\n<\/article>\n<article id=\"box-der-rpe\" class=\"rpe-23\">\n        <a id=\"to-cta\" lang=\"es\" title=\"Cont\u00e1ctenos\" href=\"https:\/\/cartensa.com\/es\/contactenos\/\"><br \/>\n            <i class=\"material-icons\">email<\/i> Cont\u00e1ctenos para m\u00e1s informaci\u00f3n del producto<br \/>\n        <\/a><br \/>\n    <\/article>\n<\/section>\n","protected":false},"excerpt":{"rendered":"<p>Inicio chevron_right CartonPlast chevron_right Desarrollos Especiales en CartonPlast Desarrollos Especiales en CartonPlast Desarrollos Especiales en Cart\u00f3nPlast email Cont\u00e1ctenos para m\u00e1s informaci\u00f3n del producto<\/p>\n","protected":false},"author":1,"featured_media":0,"parent":15,"menu_order":0,"comment_status":"closed","ping_status":"closed","template":"","meta":{"_joinchat":[],"footnotes":""},"class_list":["post-167","page","type-page","status-publish","hentry"],"yoast_head":"<!-- This site is optimized with the Yoast SEO plugin v27.4 - https:\/\/yoast.com\/product\/yoast-seo-wordpress\/ -->\n<title>Desarrollos Especiales en CartonPlast - CartonPlast | CARTENSA - Ingenier\u00eda en Empaques en Bogot\u00e1 y toda Colombia<\/title>\n<meta name=\"robots\" content=\"index, follow, max-snippet:-1, max-image-preview:large, max-video-preview:-1\" \/>\n<link rel=\"canonical\" href=\"https:\/\/cartensa.com\/es\/cartonplast\/desarrollos-especiales-en-cartonplast\/\" \/>\n<meta property=\"og:locale\" content=\"es_ES\" \/>\n<meta property=\"og:type\" content=\"article\" \/>\n<meta property=\"og:title\" content=\"Desarrollos Especiales en CartonPlast - CartonPlast | CARTENSA - Ingenier\u00eda en Empaques en Bogot\u00e1 y toda Colombia\" \/>\n<meta property=\"og:description\" content=\"Inicio chevron_right CartonPlast chevron_right Desarrollos Especiales en CartonPlast Desarrollos Especiales en CartonPlast Desarrollos Especiales en Cart\u00f3nPlast email Cont\u00e1ctenos para m\u00e1s informaci\u00f3n del producto\" \/>\n<meta property=\"og:url\" content=\"https:\/\/cartensa.com\/es\/cartonplast\/desarrollos-especiales-en-cartonplast\/\" \/>\n<meta property=\"og:site_name\" content=\"Cartensa\" \/>\n<meta property=\"article:modified_time\" content=\"2018-03-12T17:28:04+00:00\" \/>\n<meta property=\"og:image\" content=\"https:\/\/cartensa.com\/es\/wp-content\/uploads\/2018\/02\/cartensa-cartonplast-desarrollos-especiales-002.jpg\" \/>\n<meta name=\"twitter:card\" content=\"summary_large_image\" \/>\n<meta name=\"twitter:title\" content=\"Desarrollos Especiales en CartonPlast - CartonPlast | CARTENSA - Ingenier\u00eda en Empaques en Bogot\u00e1 y toda Colombia\" \/>\n<script type=\"application\/ld+json\" class=\"yoast-schema-graph\">{\"@context\":\"https:\\\/\\\/schema.org\",\"@graph\":[{\"@type\":\"WebPage\",\"@id\":\"https:\\\/\\\/cartensa.com\\\/es\\\/cartonplast\\\/desarrollos-especiales-en-cartonplast\\\/\",\"url\":\"https:\\\/\\\/cartensa.com\\\/es\\\/cartonplast\\\/desarrollos-especiales-en-cartonplast\\\/\",\"name\":\"Desarrollos Especiales en CartonPlast - CartonPlast | CARTENSA - Ingenier\u00eda en Empaques en Bogot\u00e1 y toda Colombia\",\"isPartOf\":{\"@id\":\"https:\\\/\\\/cartensa.com\\\/es\\\/#website\"},\"primaryImageOfPage\":{\"@id\":\"https:\\\/\\\/cartensa.com\\\/es\\\/cartonplast\\\/desarrollos-especiales-en-cartonplast\\\/#primaryimage\"},\"image\":{\"@id\":\"https:\\\/\\\/cartensa.com\\\/es\\\/cartonplast\\\/desarrollos-especiales-en-cartonplast\\\/#primaryimage\"},\"thumbnailUrl\":\"https:\\\/\\\/cartensa.com\\\/es\\\/wp-content\\\/uploads\\\/2018\\\/02\\\/cartensa-cartonplast-desarrollos-especiales-002.jpg\",\"datePublished\":\"2017-07-31T00:26:28+00:00\",\"dateModified\":\"2018-03-12T17:28:04+00:00\",\"breadcrumb\":{\"@id\":\"https:\\\/\\\/cartensa.com\\\/es\\\/cartonplast\\\/desarrollos-especiales-en-cartonplast\\\/#breadcrumb\"},\"inLanguage\":\"es\",\"potentialAction\":[{\"@type\":\"ReadAction\",\"target\":[\"https:\\\/\\\/cartensa.com\\\/es\\\/cartonplast\\\/desarrollos-especiales-en-cartonplast\\\/\"]}]},{\"@type\":\"ImageObject\",\"inLanguage\":\"es\",\"@id\":\"https:\\\/\\\/cartensa.com\\\/es\\\/cartonplast\\\/desarrollos-especiales-en-cartonplast\\\/#primaryimage\",\"url\":\"https:\\\/\\\/cartensa.com\\\/es\\\/wp-content\\\/uploads\\\/2018\\\/02\\\/cartensa-cartonplast-desarrollos-especiales-002.jpg\",\"contentUrl\":\"https:\\\/\\\/cartensa.com\\\/es\\\/wp-content\\\/uploads\\\/2018\\\/02\\\/cartensa-cartonplast-desarrollos-especiales-002.jpg\",\"width\":295,\"height\":210},{\"@type\":\"BreadcrumbList\",\"@id\":\"https:\\\/\\\/cartensa.com\\\/es\\\/cartonplast\\\/desarrollos-especiales-en-cartonplast\\\/#breadcrumb\",\"itemListElement\":[{\"@type\":\"ListItem\",\"position\":1,\"name\":\"Portada\",\"item\":\"https:\\\/\\\/cartensa.com\\\/es\\\/\"},{\"@type\":\"ListItem\",\"position\":2,\"name\":\"CartonPlast\",\"item\":\"https:\\\/\\\/cartensa.com\\\/es\\\/cartonplast\\\/\"},{\"@type\":\"ListItem\",\"position\":3,\"name\":\"Desarrollos Especiales en CartonPlast\"}]},{\"@type\":\"WebSite\",\"@id\":\"https:\\\/\\\/cartensa.com\\\/es\\\/#website\",\"url\":\"https:\\\/\\\/cartensa.com\\\/es\\\/\",\"name\":\"Cartensa\",\"description\":\"F\u00e1brica de Cajas de Cart\u00f3n en Barranquilla\",\"potentialAction\":[{\"@type\":\"SearchAction\",\"target\":{\"@type\":\"EntryPoint\",\"urlTemplate\":\"https:\\\/\\\/cartensa.com\\\/es\\\/?s={search_term_string}\"},\"query-input\":{\"@type\":\"PropertyValueSpecification\",\"valueRequired\":true,\"valueName\":\"search_term_string\"}}],\"inLanguage\":\"es\"}]}<\/script>\n<!-- \/ Yoast SEO plugin. -->","yoast_head_json":{"title":"Desarrollos Especiales en CartonPlast - CartonPlast | CARTENSA - Ingenier\u00eda en Empaques en Bogot\u00e1 y toda Colombia","robots":{"index":"index","follow":"follow","max-snippet":"max-snippet:-1","max-image-preview":"max-image-preview:large","max-video-preview":"max-video-preview:-1"},"canonical":"https:\/\/cartensa.com\/es\/cartonplast\/desarrollos-especiales-en-cartonplast\/","og_locale":"es_ES","og_type":"article","og_title":"Desarrollos Especiales en CartonPlast - CartonPlast | CARTENSA - Ingenier\u00eda en Empaques en Bogot\u00e1 y toda Colombia","og_description":"Inicio chevron_right CartonPlast chevron_right Desarrollos Especiales en CartonPlast Desarrollos Especiales en CartonPlast Desarrollos Especiales en Cart\u00f3nPlast email Cont\u00e1ctenos para m\u00e1s informaci\u00f3n del producto","og_url":"https:\/\/cartensa.com\/es\/cartonplast\/desarrollos-especiales-en-cartonplast\/","og_site_name":"Cartensa","article_modified_time":"2018-03-12T17:28:04+00:00","og_image":[{"url":"https:\/\/cartensa.com\/es\/wp-content\/uploads\/2018\/02\/cartensa-cartonplast-desarrollos-especiales-002.jpg","type":"","width":"","height":""}],"twitter_card":"summary_large_image","twitter_title":"Desarrollos Especiales en CartonPlast - CartonPlast | CARTENSA - Ingenier\u00eda en Empaques en Bogot\u00e1 y toda Colombia","schema":{"@context":"https:\/\/schema.org","@graph":[{"@type":"WebPage","@id":"https:\/\/cartensa.com\/es\/cartonplast\/desarrollos-especiales-en-cartonplast\/","url":"https:\/\/cartensa.com\/es\/cartonplast\/desarrollos-especiales-en-cartonplast\/","name":"Desarrollos Especiales en CartonPlast - CartonPlast | CARTENSA - Ingenier\u00eda en Empaques en Bogot\u00e1 y toda Colombia","isPartOf":{"@id":"https:\/\/cartensa.com\/es\/#website"},"primaryImageOfPage":{"@id":"https:\/\/cartensa.com\/es\/cartonplast\/desarrollos-especiales-en-cartonplast\/#primaryimage"},"image":{"@id":"https:\/\/cartensa.com\/es\/cartonplast\/desarrollos-especiales-en-cartonplast\/#primaryimage"},"thumbnailUrl":"https:\/\/cartensa.com\/es\/wp-content\/uploads\/2018\/02\/cartensa-cartonplast-desarrollos-especiales-002.jpg","datePublished":"2017-07-31T00:26:28+00:00","dateModified":"2018-03-12T17:28:04+00:00","breadcrumb":{"@id":"https:\/\/cartensa.com\/es\/cartonplast\/desarrollos-especiales-en-cartonplast\/#breadcrumb"},"inLanguage":"es","potentialAction":[{"@type":"ReadAction","target":["https:\/\/cartensa.com\/es\/cartonplast\/desarrollos-especiales-en-cartonplast\/"]}]},{"@type":"ImageObject","inLanguage":"es","@id":"https:\/\/cartensa.com\/es\/cartonplast\/desarrollos-especiales-en-cartonplast\/#primaryimage","url":"https:\/\/cartensa.com\/es\/wp-content\/uploads\/2018\/02\/cartensa-cartonplast-desarrollos-especiales-002.jpg","contentUrl":"https:\/\/cartensa.com\/es\/wp-content\/uploads\/2018\/02\/cartensa-cartonplast-desarrollos-especiales-002.jpg","width":295,"height":210},{"@type":"BreadcrumbList","@id":"https:\/\/cartensa.com\/es\/cartonplast\/desarrollos-especiales-en-cartonplast\/#breadcrumb","itemListElement":[{"@type":"ListItem","position":1,"name":"Portada","item":"https:\/\/cartensa.com\/es\/"},{"@type":"ListItem","position":2,"name":"CartonPlast","item":"https:\/\/cartensa.com\/es\/cartonplast\/"},{"@type":"ListItem","position":3,"name":"Desarrollos Especiales en CartonPlast"}]},{"@type":"WebSite","@id":"https:\/\/cartensa.com\/es\/#website","url":"https:\/\/cartensa.com\/es\/","name":"Cartensa","description":"F\u00e1brica de Cajas de Cart\u00f3n en Barranquilla","potentialAction":[{"@type":"SearchAction","target":{"@type":"EntryPoint","urlTemplate":"https:\/\/cartensa.com\/es\/?s={search_term_string}"},"query-input":{"@type":"PropertyValueSpecification","valueRequired":true,"valueName":"search_term_string"}}],"inLanguage":"es"}]}},"_links":{"self":[{"href":"https:\/\/cartensa.com\/es\/wp-json\/wp\/v2\/pages\/167","targetHints":{"allow":["GET"]}}],"collection":[{"href":"https:\/\/cartensa.com\/es\/wp-json\/wp\/v2\/pages"}],"about":[{"href":"https:\/\/cartensa.com\/es\/wp-json\/wp\/v2\/types\/page"}],"author":[{"embeddable":true,"href":"https:\/\/cartensa.com\/es\/wp-json\/wp\/v2\/users\/1"}],"replies":[{"embeddable":true,"href":"https:\/\/cartensa.com\/es\/wp-json\/wp\/v2\/comments?post=167"}],"version-history":[{"count":10,"href":"https:\/\/cartensa.com\/es\/wp-json\/wp\/v2\/pages\/167\/revisions"}],"predecessor-version":[{"id":1135,"href":"https:\/\/cartensa.com\/es\/wp-json\/wp\/v2\/pages\/167\/revisions\/1135"}],"up":[{"embeddable":true,"href":"https:\/\/cartensa.com\/es\/wp-json\/wp\/v2\/pages\/15"}],"wp:attachment":[{"href":"https:\/\/cartensa.com\/es\/wp-json\/wp\/v2\/media?parent=167"}],"curies":[{"name":"wp","href":"https:\/\/api.w.org\/{rel}","templated":true}]}}