{"id":19,"date":"2017-05-09T15:40:19","date_gmt":"2017-05-09T15:40:19","guid":{"rendered":"https:\/\/cartensa.com\/es\/?page_id=19"},"modified":"2018-04-20T05:27:02","modified_gmt":"2018-04-20T05:27:02","slug":"contactenos","status":"publish","type":"page","link":"https:\/\/cartensa.com\/es\/contactenos\/","title":{"rendered":"Cont\u00e1ctenos"},"content":{"rendered":"<div id=\"row-migas-de-pan\">\n<div class=\"col-md-12\">\n<nav id=\"box-migas-pan\">\n            <a href=\"https:\/\/cartensa.com\/es\/\" class=\"pri-mp\" title=\"Inicio\">Inicio<\/a><br \/>\n            <span class=\"fle-mp\"><i class=\"material-icons\">chevron_right<\/i><\/span><br \/>\n            <span class=\"actual-mp\">Cont\u00e1ctenos<\/span><br \/>\n        <\/nav>\n<\/p><\/div>\n<\/div>\n<div id=\"row-titulo-paginas\">\n<div class=\"col-md-12\">\n<section>\n<h2 class=\"titulo-h2\">Cont\u00e1ctenos<\/h2>\n<p>Si tiene dudas, inquietudes o desea hacer un pedido de alguno(s) de nuestros productos, env\u00edenos a continuaci\u00f3n un mensaje y estaremos respondiendo al mismo a la mayor brevedad.<\/p>\n<\/section><\/div>\n<\/div>\n<div id=\"row-formulario\">\n<div class=\"col-md-6\">\n         <noscript class=\"ninja-forms-noscript-message\">\n\tAviso: Se requiere JavaScript para este contenido.<\/noscript>\n<div id=\"nf-form-1-cont\" class=\"nf-form-cont\" aria-live=\"polite\" aria-labelledby=\"nf-form-title-1\" aria-describedby=\"nf-form-errors-1\" role=\"form\">\n\n    <div class=\"nf-loading-spinner\"><\/div>\n\n<\/div>\n        <!-- That data is being printed as a workaround to page builders reordering the order of the scripts loaded-->\n        <script>var formDisplay=1;var nfForms=nfForms||[];var form=[];form.id='1';form.settings={\"objectType\":\"Form Setting\",\"editActive\":true,\"title\":\"Cont\\u00e1ctenos\",\"key\":\"\",\"created_at\":\"2016-08-24 16:39:20\",\"default_label_pos\":\"above\",\"conditions\":[],\"show_title\":0,\"clear_complete\":\"1\",\"hide_complete\":\"1\",\"wrapper_class\":\"\",\"element_class\":\"\",\"add_submit\":\"1\",\"logged_in\":\"\",\"not_logged_in_msg\":\"\",\"sub_limit_number\":\"\",\"sub_limit_msg\":\"\",\"calculations\":[],\"formContentData\":[\"nombre_completo_1500492358839\",\"correo_electronico_1500492385822\",\"telefono_fijo_o_celular_1520876180623\",\"mensaje_1500492396869\",\"enviar_1520876169650\"],\"container_styles_background-color\":\"\",\"container_styles_border\":\"\",\"container_styles_border-style\":\"\",\"container_styles_border-color\":\"\",\"container_styles_color\":\"\",\"container_styles_height\":\"\",\"container_styles_width\":\"\",\"container_styles_font-size\":\"\",\"container_styles_margin\":\"\",\"container_styles_padding\":\"\",\"container_styles_display\":\"\",\"container_styles_float\":\"\",\"container_styles_show_advanced_css\":\"0\",\"container_styles_advanced\":\"\",\"title_styles_background-color\":\"\",\"title_styles_border\":\"\",\"title_styles_border-style\":\"\",\"title_styles_border-color\":\"\",\"title_styles_color\":\"\",\"title_styles_height\":\"\",\"title_styles_width\":\"\",\"title_styles_font-size\":\"\",\"title_styles_margin\":\"\",\"title_styles_padding\":\"\",\"title_styles_display\":\"\",\"title_styles_float\":\"\",\"title_styles_show_advanced_css\":\"0\",\"title_styles_advanced\":\"\",\"row_styles_background-color\":\"\",\"row_styles_border\":\"\",\"row_styles_border-style\":\"\",\"row_styles_border-color\":\"\",\"row_styles_color\":\"\",\"row_styles_height\":\"\",\"row_styles_width\":\"\",\"row_styles_font-size\":\"\",\"row_styles_margin\":\"\",\"row_styles_padding\":\"\",\"row_styles_display\":\"\",\"row_styles_show_advanced_css\":\"0\",\"row_styles_advanced\":\"\",\"row-odd_styles_background-color\":\"\",\"row-odd_styles_border\":\"\",\"row-odd_styles_border-style\":\"\",\"row-odd_styles_border-color\":\"\",\"row-odd_styles_color\":\"\",\"row-odd_styles_height\":\"\",\"row-odd_styles_width\":\"\",\"row-odd_styles_font-size\":\"\",\"row-odd_styles_margin\":\"\",\"row-odd_styles_padding\":\"\",\"row-odd_styles_display\":\"\",\"row-odd_styles_show_advanced_css\":\"0\",\"row-odd_styles_advanced\":\"\",\"success-msg_styles_background-color\":\"\",\"success-msg_styles_border\":\"\",\"success-msg_styles_border-style\":\"\",\"success-msg_styles_border-color\":\"\",\"success-msg_styles_color\":\"\",\"success-msg_styles_height\":\"\",\"success-msg_styles_width\":\"\",\"success-msg_styles_font-size\":\"\",\"success-msg_styles_margin\":\"\",\"success-msg_styles_padding\":\"\",\"success-msg_styles_display\":\"\",\"success-msg_styles_show_advanced_css\":\"0\",\"success-msg_styles_advanced\":\"\",\"error_msg_styles_background-color\":\"\",\"error_msg_styles_border\":\"\",\"error_msg_styles_border-style\":\"\",\"error_msg_styles_border-color\":\"\",\"error_msg_styles_color\":\"\",\"error_msg_styles_height\":\"\",\"error_msg_styles_width\":\"\",\"error_msg_styles_font-size\":\"\",\"error_msg_styles_margin\":\"\",\"error_msg_styles_padding\":\"\",\"error_msg_styles_display\":\"\",\"error_msg_styles_show_advanced_css\":\"0\",\"error_msg_styles_advanced\":\"\",\"currency\":\"\",\"drawerDisabled\":false,\"unique_field_error\":\"Ya se ha enviado un formulario con este valor.\",\"ninjaForms\":\"Ninja Forms\",\"changeEmailErrorMsg\":\"Introduce una direcci\\u00f3n de correo electr\\u00f3nico v\\u00e1lida.\",\"changeDateErrorMsg\":\"\\u00a1Introduce una fecha v\\u00e1lida!\",\"confirmFieldErrorMsg\":\"Estos campos deben coincidir.\",\"fieldNumberNumMinError\":\"Error de n\\u00famero m\\u00ednimo\",\"fieldNumberNumMaxError\":\"Error de n\\u00famero m\\u00e1ximo\",\"fieldNumberIncrementBy\":\"Increm\\u00e9ntalo por \",\"fieldTextareaRTEInsertLink\":\"Insertar enlace\",\"fieldTextareaRTEInsertMedia\":\"Insertar medios\",\"fieldTextareaRTESelectAFile\":\"Seleccione un archivo\",\"formErrorsCorrectErrors\":\"Corrige los errores antes de enviar este formulario.\",\"formHoneypot\":\"Si eres un ser humano y est\\u00e1s viendo este campo, por favor d\\u00e9jalo vac\\u00edo.\",\"validateRequiredField\":\"Esto es un campo obligatorio.\",\"honeypotHoneypotError\":\"Error de Honeypot\",\"fileUploadOldCodeFileUploadInProgress\":\"Subida de archivo en curso.\",\"fileUploadOldCodeFileUpload\":\"SUBIDA DE ARCHIVO\",\"currencySymbol\":false,\"fieldsMarkedRequired\":\"Los campos marcados con <span class=\\\"ninja-forms-req-symbol\\\">*<\\\/span> son obligatorios\",\"thousands_sep\":\".\",\"decimal_point\":\",\",\"siteLocale\":\"es_ES\",\"dateFormat\":\"m\\\/d\\\/Y\",\"startOfWeek\":\"1\",\"of\":\"de\",\"previousMonth\":\"Mes anterior\",\"nextMonth\":\"Pr\\u00f3ximo mes\",\"months\":[\"Enero\",\"Febrero\",\"Marzo\",\"Abril\",\"Mayo\",\"Junio\",\"Julio\",\"Agosto\",\"Septiembre\",\"Octubre\",\"Noviembre\",\"Diciembre\"],\"monthsShort\":[\"Ene\",\"Feb\",\"Mar\",\"Abr\",\"Mayo\",\"Jun\",\"Jul\",\"Ago\",\"Sep\",\"Oct\",\"Nov\",\"Dic\"],\"weekdays\":[\"Domingo\",\"Lunes\",\"Martes\",\"Mi\\u00e9rcoles\",\"Jueves\",\"Viernes\",\"S\\u00e1bado\"],\"weekdaysShort\":[\"Dom\",\"Lun\",\"Mar\",\"Mi\\u00e9\",\"Jue\",\"Vie\",\"S\\u00e1b\"],\"weekdaysMin\":[\"Do\",\"Lu\",\"Ma\",\"Mi\",\"Ju\",\"Vi\",\"S\\u00e1\"],\"recaptchaConsentMissing\":\"reCaptcha validation couldn&#039;t load.\",\"recaptchaMissingCookie\":\"reCaptcha v3 validation couldn&#039;t load the cookie needed to submit the form.\",\"recaptchaConsentEvent\":\"Accept reCaptcha cookies before sending the form.\",\"embed_form\":\"\",\"currency_symbol\":\"\",\"beforeForm\":\"\",\"beforeFields\":\"\",\"afterFields\":\"\",\"afterForm\":\"\"};form.fields=[{\"objectType\":\"Field\",\"objectDomain\":\"fields\",\"editActive\":false,\"order\":1,\"label\":\"Nombre Completo \",\"key\":\"nombre_completo_1500492358839\",\"type\":\"textbox\",\"created_at\":\"2016-08-24 16:39:20\",\"label_pos\":\"above\",\"required\":1,\"placeholder\":\"\",\"default\":\"\",\"wrapper_class\":\"\",\"element_class\":\"\",\"container_class\":\"\",\"input_limit\":\"\",\"input_limit_type\":\"characters\",\"input_limit_msg\":\"Character(s) left\",\"manual_key\":\"\",\"disable_input\":\"\",\"admin_label\":\"\",\"help_text\":\"\",\"desc_text\":\"\",\"disable_browser_autocomplete\":\"\",\"mask\":\"\",\"custom_mask\":\"\",\"wrap_styles_background-color\":\"\",\"wrap_styles_border\":\"\",\"wrap_styles_border-style\":\"\",\"wrap_styles_border-color\":\"\",\"wrap_styles_color\":\"\",\"wrap_styles_height\":\"\",\"wrap_styles_width\":\"\",\"wrap_styles_font-size\":\"\",\"wrap_styles_margin\":\"\",\"wrap_styles_padding\":\"\",\"wrap_styles_display\":\"\",\"wrap_styles_float\":\"\",\"wrap_styles_show_advanced_css\":0,\"wrap_styles_advanced\":\"\",\"label_styles_background-color\":\"\",\"label_styles_border\":\"\",\"label_styles_border-style\":\"\",\"label_styles_border-color\":\"\",\"label_styles_color\":\"\",\"label_styles_height\":\"\",\"label_styles_width\":\"\",\"label_styles_font-size\":\"\",\"label_styles_margin\":\"\",\"label_styles_padding\":\"\",\"label_styles_display\":\"\",\"label_styles_float\":\"\",\"label_styles_show_advanced_css\":0,\"label_styles_advanced\":\"\",\"element_styles_background-color\":\"\",\"element_styles_border\":\"\",\"element_styles_border-style\":\"\",\"element_styles_border-color\":\"\",\"element_styles_color\":\"\",\"element_styles_height\":\"\",\"element_styles_width\":\"\",\"element_styles_font-size\":\"\",\"element_styles_margin\":\"\",\"element_styles_padding\":\"\",\"element_styles_display\":\"\",\"element_styles_float\":\"\",\"element_styles_show_advanced_css\":0,\"element_styles_advanced\":\"\",\"cellcid\":\"c3277\",\"drawerDisabled\":false,\"custom_name_attribute\":\"\",\"personally_identifiable\":\"\",\"id\":1,\"beforeField\":\"\",\"afterField\":\"\",\"value\":\"\",\"parentType\":\"textbox\",\"element_templates\":[\"textbox\",\"input\"],\"old_classname\":\"\",\"wrap_template\":\"wrap\"},{\"objectType\":\"Field\",\"objectDomain\":\"fields\",\"editActive\":false,\"order\":2,\"label\":\"Correo Electr\\u00f3nico\",\"key\":\"correo_electronico_1500492385822\",\"type\":\"email\",\"created_at\":\"2016-08-24 16:39:20\",\"label_pos\":\"above\",\"required\":1,\"placeholder\":\"\",\"default\":\"\",\"wrapper_class\":\"\",\"element_class\":\"\",\"container_class\":\"\",\"admin_label\":\"\",\"help_text\":\"\",\"desc_text\":\"\",\"wrap_styles_background-color\":\"\",\"wrap_styles_border\":\"\",\"wrap_styles_border-style\":\"\",\"wrap_styles_border-color\":\"\",\"wrap_styles_color\":\"\",\"wrap_styles_height\":\"\",\"wrap_styles_width\":\"\",\"wrap_styles_font-size\":\"\",\"wrap_styles_margin\":\"\",\"wrap_styles_padding\":\"\",\"wrap_styles_display\":\"\",\"wrap_styles_float\":\"\",\"wrap_styles_show_advanced_css\":0,\"wrap_styles_advanced\":\"\",\"label_styles_background-color\":\"\",\"label_styles_border\":\"\",\"label_styles_border-style\":\"\",\"label_styles_border-color\":\"\",\"label_styles_color\":\"\",\"label_styles_height\":\"\",\"label_styles_width\":\"\",\"label_styles_font-size\":\"\",\"label_styles_margin\":\"\",\"label_styles_padding\":\"\",\"label_styles_display\":\"\",\"label_styles_float\":\"\",\"label_styles_show_advanced_css\":0,\"label_styles_advanced\":\"\",\"element_styles_background-color\":\"\",\"element_styles_border\":\"\",\"element_styles_border-style\":\"\",\"element_styles_border-color\":\"\",\"element_styles_color\":\"\",\"element_styles_height\":\"\",\"element_styles_width\":\"\",\"element_styles_font-size\":\"\",\"element_styles_margin\":\"\",\"element_styles_padding\":\"\",\"element_styles_display\":\"\",\"element_styles_float\":\"\",\"element_styles_show_advanced_css\":0,\"element_styles_advanced\":\"\",\"cellcid\":\"c3281\",\"custom_name_attribute\":\"email\",\"personally_identifiable\":1,\"id\":2,\"beforeField\":\"\",\"afterField\":\"\",\"value\":\"\",\"parentType\":\"email\",\"element_templates\":[\"email\",\"input\"],\"old_classname\":\"\",\"wrap_template\":\"wrap\"},{\"objectType\":\"Field\",\"objectDomain\":\"fields\",\"editActive\":false,\"order\":3,\"type\":\"phone\",\"label\":\"Tel\\u00e9fono Fijo o Celular\",\"key\":\"telefono_fijo_o_celular_1520876180623\",\"label_pos\":\"above\",\"required\":1,\"default\":\"\",\"placeholder\":\"\",\"container_class\":\"\",\"element_class\":\"\",\"input_limit\":\"\",\"input_limit_type\":\"characters\",\"input_limit_msg\":\"Character(s) left\",\"manual_key\":false,\"disable_input\":\"\",\"admin_label\":\"\",\"help_text\":\"\",\"desc_text\":\"\",\"disable_browser_autocomplete\":\"\",\"mask\":\"\",\"custom_mask\":\"\",\"drawerDisabled\":false,\"custom_name_attribute\":\"phone\",\"personally_identifiable\":1,\"id\":10,\"beforeField\":\"\",\"afterField\":\"\",\"value\":\"\",\"parentType\":\"textbox\",\"element_templates\":[\"tel\",\"textbox\",\"input\"],\"old_classname\":\"\",\"wrap_template\":\"wrap\"},{\"objectType\":\"Field\",\"objectDomain\":\"fields\",\"editActive\":false,\"order\":4,\"label\":\"Mensaje\",\"key\":\"mensaje_1500492396869\",\"type\":\"textarea\",\"created_at\":\"2016-08-24 16:39:20\",\"label_pos\":\"above\",\"required\":1,\"placeholder\":\"\",\"default\":\"\",\"wrapper_class\":\"\",\"element_class\":\"\",\"container_class\":\"\",\"input_limit\":\"\",\"input_limit_type\":\"characters\",\"input_limit_msg\":\"Character(s) left\",\"manual_key\":\"\",\"disable_input\":\"\",\"admin_label\":\"\",\"help_text\":\"\",\"desc_text\":\"\",\"disable_browser_autocomplete\":\"\",\"textarea_rte\":\"\",\"disable_rte_mobile\":\"\",\"textarea_media\":\"\",\"wrap_styles_background-color\":\"\",\"wrap_styles_border\":\"\",\"wrap_styles_border-style\":\"\",\"wrap_styles_border-color\":\"\",\"wrap_styles_color\":\"\",\"wrap_styles_height\":\"\",\"wrap_styles_width\":\"\",\"wrap_styles_font-size\":\"\",\"wrap_styles_margin\":\"\",\"wrap_styles_padding\":\"\",\"wrap_styles_display\":\"\",\"wrap_styles_float\":\"\",\"wrap_styles_show_advanced_css\":0,\"wrap_styles_advanced\":\"\",\"label_styles_background-color\":\"\",\"label_styles_border\":\"\",\"label_styles_border-style\":\"\",\"label_styles_border-color\":\"\",\"label_styles_color\":\"\",\"label_styles_height\":\"\",\"label_styles_width\":\"\",\"label_styles_font-size\":\"\",\"label_styles_margin\":\"\",\"label_styles_padding\":\"\",\"label_styles_display\":\"\",\"label_styles_float\":\"\",\"label_styles_show_advanced_css\":0,\"label_styles_advanced\":\"\",\"element_styles_background-color\":\"\",\"element_styles_border\":\"\",\"element_styles_border-style\":\"\",\"element_styles_border-color\":\"\",\"element_styles_color\":\"\",\"element_styles_height\":\"\",\"element_styles_width\":\"\",\"element_styles_font-size\":\"\",\"element_styles_margin\":\"\",\"element_styles_padding\":\"\",\"element_styles_display\":\"\",\"element_styles_float\":\"\",\"element_styles_show_advanced_css\":0,\"element_styles_advanced\":\"\",\"cellcid\":\"c3284\",\"drawerDisabled\":false,\"id\":3,\"beforeField\":\"\",\"afterField\":\"\",\"value\":\"\",\"parentType\":\"textarea\",\"element_templates\":[\"textarea\",\"input\"],\"old_classname\":\"\",\"wrap_template\":\"wrap\"},{\"objectType\":\"Field\",\"objectDomain\":\"fields\",\"editActive\":false,\"order\":5,\"label\":\"ENVIAR \\u00bb\",\"key\":\"enviar_1520876169650\",\"type\":\"submit\",\"created_at\":\"2016-08-24 16:39:20\",\"processing_label\":\"Enviando...\",\"container_class\":\"\",\"element_class\":\"\",\"wrap_styles_background-color\":\"\",\"wrap_styles_border\":\"\",\"wrap_styles_border-style\":\"\",\"wrap_styles_border-color\":\"\",\"wrap_styles_color\":\"\",\"wrap_styles_height\":\"\",\"wrap_styles_width\":\"\",\"wrap_styles_font-size\":\"\",\"wrap_styles_margin\":\"\",\"wrap_styles_padding\":\"\",\"wrap_styles_display\":\"\",\"wrap_styles_float\":\"\",\"wrap_styles_show_advanced_css\":0,\"wrap_styles_advanced\":\"\",\"label_styles_background-color\":\"\",\"label_styles_border\":\"\",\"label_styles_border-style\":\"\",\"label_styles_border-color\":\"\",\"label_styles_color\":\"\",\"label_styles_height\":\"\",\"label_styles_width\":\"\",\"label_styles_font-size\":\"\",\"label_styles_margin\":\"\",\"label_styles_padding\":\"\",\"label_styles_display\":\"\",\"label_styles_float\":\"\",\"label_styles_show_advanced_css\":0,\"label_styles_advanced\":\"\",\"element_styles_background-color\":\"\",\"element_styles_border\":\"\",\"element_styles_border-style\":\"\",\"element_styles_border-color\":\"\",\"element_styles_color\":\"\",\"element_styles_height\":\"\",\"element_styles_width\":\"\",\"element_styles_font-size\":\"\",\"element_styles_margin\":\"\",\"element_styles_padding\":\"\",\"element_styles_display\":\"\",\"element_styles_float\":\"\",\"element_styles_show_advanced_css\":0,\"element_styles_advanced\":\"\",\"submit_element_hover_styles_background-color\":\"\",\"submit_element_hover_styles_border\":\"\",\"submit_element_hover_styles_border-style\":\"\",\"submit_element_hover_styles_border-color\":\"\",\"submit_element_hover_styles_color\":\"\",\"submit_element_hover_styles_height\":\"\",\"submit_element_hover_styles_width\":\"\",\"submit_element_hover_styles_font-size\":\"\",\"submit_element_hover_styles_margin\":\"\",\"submit_element_hover_styles_padding\":\"\",\"submit_element_hover_styles_display\":\"\",\"submit_element_hover_styles_float\":\"\",\"submit_element_hover_styles_show_advanced_css\":0,\"submit_element_hover_styles_advanced\":\"\",\"cellcid\":\"c3287\",\"drawerDisabled\":false,\"id\":4,\"beforeField\":\"\",\"afterField\":\"\",\"value\":\"\",\"label_pos\":\"above\",\"parentType\":\"textbox\",\"element_templates\":[\"submit\",\"button\",\"input\"],\"old_classname\":\"\",\"wrap_template\":\"wrap-no-label\"}];nfForms.push(form);<\/script>\n        \n     <\/div>\n<div class=\"col-md-6\">\n          <iframe src=\"https:\/\/www.google.com\/maps\/embed?pb=!1m18!1m12!1m3!1d10329337.254110582!2d-78.61721553407173!3d4.611755955355104!2m3!1f0!2f0!3f0!3m2!1i1024!2i768!4f13.1!3m3!1m2!1s0x8e3f9eb768afc1eb%3A0x78dfa5cc4340460b!2sCartensa+S.A.S!5e1!3m2!1ses-419!2sco!4v1524201324389\" width=\"100%\" height=\"550\" frameborder=\"0\" style=\"border:0\" allowfullscreen><\/iframe>\n     <\/div>\n<\/div>\n","protected":false},"excerpt":{"rendered":"<p>Inicio chevron_right Cont\u00e1ctenos Cont\u00e1ctenos Si tiene dudas, inquietudes o desea hacer un pedido de alguno(s) de nuestros productos, env\u00edenos a continuaci\u00f3n un mensaje y estaremos respondiendo al mismo a la mayor brevedad.<\/p>\n","protected":false},"author":1,"featured_media":0,"parent":0,"menu_order":0,"comment_status":"closed","ping_status":"closed","template":"","meta":{"_joinchat":[],"footnotes":""},"class_list":["post-19","page","type-page","status-publish","hentry"],"yoast_head":"<!-- This site is optimized with the Yoast SEO plugin v27.4 - https:\/\/yoast.com\/product\/yoast-seo-wordpress\/ -->\n<title>Cont\u00e1ctenos | CARTENSA - Ingenier\u00eda en Empaques en Bogot\u00e1 y toda Colombia<\/title>\n<meta name=\"description\" content=\"Si tiene dudas, inquietudes o desea hacer un pedido de alguno(s) de nuestros productos, env\u00edenos a continuaci\u00f3n un mensaje y estaremos respondiendo al mismo a la mayor brevedad.\" \/>\n<meta name=\"robots\" content=\"index, follow, max-snippet:-1, max-image-preview:large, max-video-preview:-1\" \/>\n<link rel=\"canonical\" href=\"https:\/\/cartensa.com\/es\/contactenos\/\" \/>\n<meta property=\"og:locale\" content=\"es_ES\" \/>\n<meta property=\"og:type\" content=\"article\" \/>\n<meta property=\"og:title\" content=\"Cont\u00e1ctenos | CARTENSA - Ingenier\u00eda en Empaques en Bogot\u00e1 y toda Colombia\" \/>\n<meta property=\"og:description\" content=\"Si tiene dudas, inquietudes o desea hacer un pedido de alguno(s) de nuestros productos, env\u00edenos a continuaci\u00f3n un mensaje y estaremos respondiendo al mismo a la mayor brevedad.\" \/>\n<meta property=\"og:url\" content=\"https:\/\/cartensa.com\/es\/contactenos\/\" \/>\n<meta property=\"og:site_name\" content=\"Cartensa\" \/>\n<meta property=\"article:modified_time\" content=\"2018-04-20T05:27:02+00:00\" \/>\n<meta name=\"twitter:card\" content=\"summary_large_image\" \/>\n<meta name=\"twitter:title\" content=\"Cont\u00e1ctenos | CARTENSA - Ingenier\u00eda en Empaques en Bogot\u00e1 y toda Colombia\" \/>\n<meta name=\"twitter:description\" content=\"Si tiene dudas, inquietudes o desea hacer un pedido de alguno(s) de nuestros productos, env\u00edenos a continuaci\u00f3n un mensaje y estaremos respondiendo al mismo a la mayor brevedad.\" \/>\n<script type=\"application\/ld+json\" class=\"yoast-schema-graph\">{\"@context\":\"https:\\\/\\\/schema.org\",\"@graph\":[{\"@type\":\"WebPage\",\"@id\":\"https:\\\/\\\/cartensa.com\\\/es\\\/contactenos\\\/\",\"url\":\"https:\\\/\\\/cartensa.com\\\/es\\\/contactenos\\\/\",\"name\":\"Cont\u00e1ctenos | CARTENSA - Ingenier\u00eda en Empaques en Bogot\u00e1 y toda Colombia\",\"isPartOf\":{\"@id\":\"https:\\\/\\\/cartensa.com\\\/es\\\/#website\"},\"datePublished\":\"2017-05-09T15:40:19+00:00\",\"dateModified\":\"2018-04-20T05:27:02+00:00\",\"description\":\"Si tiene dudas, inquietudes o desea hacer un pedido de alguno(s) de nuestros productos, env\u00edenos a continuaci\u00f3n un mensaje y estaremos respondiendo al mismo a la mayor brevedad.\",\"breadcrumb\":{\"@id\":\"https:\\\/\\\/cartensa.com\\\/es\\\/contactenos\\\/#breadcrumb\"},\"inLanguage\":\"es\",\"potentialAction\":[{\"@type\":\"ReadAction\",\"target\":[\"https:\\\/\\\/cartensa.com\\\/es\\\/contactenos\\\/\"]}]},{\"@type\":\"BreadcrumbList\",\"@id\":\"https:\\\/\\\/cartensa.com\\\/es\\\/contactenos\\\/#breadcrumb\",\"itemListElement\":[{\"@type\":\"ListItem\",\"position\":1,\"name\":\"Portada\",\"item\":\"https:\\\/\\\/cartensa.com\\\/es\\\/\"},{\"@type\":\"ListItem\",\"position\":2,\"name\":\"Cont\u00e1ctenos\"}]},{\"@type\":\"WebSite\",\"@id\":\"https:\\\/\\\/cartensa.com\\\/es\\\/#website\",\"url\":\"https:\\\/\\\/cartensa.com\\\/es\\\/\",\"name\":\"Cartensa\",\"description\":\"F\u00e1brica de Cajas de Cart\u00f3n en Barranquilla\",\"potentialAction\":[{\"@type\":\"SearchAction\",\"target\":{\"@type\":\"EntryPoint\",\"urlTemplate\":\"https:\\\/\\\/cartensa.com\\\/es\\\/?s={search_term_string}\"},\"query-input\":{\"@type\":\"PropertyValueSpecification\",\"valueRequired\":true,\"valueName\":\"search_term_string\"}}],\"inLanguage\":\"es\"}]}<\/script>\n<!-- \/ Yoast SEO plugin. -->","yoast_head_json":{"title":"Cont\u00e1ctenos | CARTENSA - Ingenier\u00eda en Empaques en Bogot\u00e1 y toda Colombia","description":"Si tiene dudas, inquietudes o desea hacer un pedido de alguno(s) de nuestros productos, env\u00edenos a continuaci\u00f3n un mensaje y estaremos respondiendo al mismo a la mayor brevedad.","robots":{"index":"index","follow":"follow","max-snippet":"max-snippet:-1","max-image-preview":"max-image-preview:large","max-video-preview":"max-video-preview:-1"},"canonical":"https:\/\/cartensa.com\/es\/contactenos\/","og_locale":"es_ES","og_type":"article","og_title":"Cont\u00e1ctenos | CARTENSA - Ingenier\u00eda en Empaques en Bogot\u00e1 y toda Colombia","og_description":"Si tiene dudas, inquietudes o desea hacer un pedido de alguno(s) de nuestros productos, env\u00edenos a continuaci\u00f3n un mensaje y estaremos respondiendo al mismo a la mayor brevedad.","og_url":"https:\/\/cartensa.com\/es\/contactenos\/","og_site_name":"Cartensa","article_modified_time":"2018-04-20T05:27:02+00:00","twitter_card":"summary_large_image","twitter_title":"Cont\u00e1ctenos | CARTENSA - Ingenier\u00eda en Empaques en Bogot\u00e1 y toda Colombia","twitter_description":"Si tiene dudas, inquietudes o desea hacer un pedido de alguno(s) de nuestros productos, env\u00edenos a continuaci\u00f3n un mensaje y estaremos respondiendo al mismo a la mayor brevedad.","schema":{"@context":"https:\/\/schema.org","@graph":[{"@type":"WebPage","@id":"https:\/\/cartensa.com\/es\/contactenos\/","url":"https:\/\/cartensa.com\/es\/contactenos\/","name":"Cont\u00e1ctenos | CARTENSA - Ingenier\u00eda en Empaques en Bogot\u00e1 y toda Colombia","isPartOf":{"@id":"https:\/\/cartensa.com\/es\/#website"},"datePublished":"2017-05-09T15:40:19+00:00","dateModified":"2018-04-20T05:27:02+00:00","description":"Si tiene dudas, inquietudes o desea hacer un pedido de alguno(s) de nuestros productos, env\u00edenos a continuaci\u00f3n un mensaje y estaremos respondiendo al mismo a la mayor brevedad.","breadcrumb":{"@id":"https:\/\/cartensa.com\/es\/contactenos\/#breadcrumb"},"inLanguage":"es","potentialAction":[{"@type":"ReadAction","target":["https:\/\/cartensa.com\/es\/contactenos\/"]}]},{"@type":"BreadcrumbList","@id":"https:\/\/cartensa.com\/es\/contactenos\/#breadcrumb","itemListElement":[{"@type":"ListItem","position":1,"name":"Portada","item":"https:\/\/cartensa.com\/es\/"},{"@type":"ListItem","position":2,"name":"Cont\u00e1ctenos"}]},{"@type":"WebSite","@id":"https:\/\/cartensa.com\/es\/#website","url":"https:\/\/cartensa.com\/es\/","name":"Cartensa","description":"F\u00e1brica de Cajas de Cart\u00f3n en Barranquilla","potentialAction":[{"@type":"SearchAction","target":{"@type":"EntryPoint","urlTemplate":"https:\/\/cartensa.com\/es\/?s={search_term_string}"},"query-input":{"@type":"PropertyValueSpecification","valueRequired":true,"valueName":"search_term_string"}}],"inLanguage":"es"}]}},"_links":{"self":[{"href":"https:\/\/cartensa.com\/es\/wp-json\/wp\/v2\/pages\/19","targetHints":{"allow":["GET"]}}],"collection":[{"href":"https:\/\/cartensa.com\/es\/wp-json\/wp\/v2\/pages"}],"about":[{"href":"https:\/\/cartensa.com\/es\/wp-json\/wp\/v2\/types\/page"}],"author":[{"embeddable":true,"href":"https:\/\/cartensa.com\/es\/wp-json\/wp\/v2\/users\/1"}],"replies":[{"embeddable":true,"href":"https:\/\/cartensa.com\/es\/wp-json\/wp\/v2\/comments?post=19"}],"version-history":[{"count":16,"href":"https:\/\/cartensa.com\/es\/wp-json\/wp\/v2\/pages\/19\/revisions"}],"predecessor-version":[{"id":1176,"href":"https:\/\/cartensa.com\/es\/wp-json\/wp\/v2\/pages\/19\/revisions\/1176"}],"wp:attachment":[{"href":"https:\/\/cartensa.com\/es\/wp-json\/wp\/v2\/media?parent=19"}],"curies":[{"name":"wp","href":"https:\/\/api.w.org\/{rel}","templated":true}]}}