{"id":23,"date":"2017-05-09T15:41:50","date_gmt":"2017-05-09T15:41:50","guid":{"rendered":"https:\/\/cartensa.com\/es\/?page_id=23"},"modified":"2018-03-12T17:28:49","modified_gmt":"2018-03-12T17:28:49","slug":"ingenieria-de-empaques","status":"publish","type":"page","link":"https:\/\/cartensa.com\/es\/servicios-especializados\/ingenieria-de-empaques\/","title":{"rendered":"Ingenier\u00eda de Empaques"},"content":{"rendered":"<div id=\"row-migas-de-pan\">\n<div class=\"col-md-12\">\n<nav id=\"box-migas-pan\">\n            <a href=\"https:\/\/cartensa.com\/es\/\" class=\"pri-mp\" title=\"Inicio\">Inicio<\/a><br \/>\n            <span class=\"fle-mp\"><i class=\"material-icons\">chevron_right<\/i><\/span><br \/>\n            <a href=\"https:\/\/cartensa.com\/es\/innovacion-en-empaques\/\" class=\"pri-mp\" title=\"Innovaci\u00f3n en Empaques\">Innovaci\u00f3n en Empaques<\/a><br \/>\n            <span class=\"fle-mp\"><i class=\"material-icons\">chevron_right<\/i><\/span><br \/>\n            <span class=\"actual-mp\">Ingenier\u00eda de Empaques<\/span><\/p>\n<\/nav><\/div>\n<\/div>\n<div id=\"row-titulo-paginas\">\n<div class=\"col-md-12\">\n<section>\n<h2 class=\"titulo-h2\">Ingenier\u00eda de Empaques<\/h2>\n<p> Nuestro equipo de ingenier\u00eda en empaques desarrolla proyectos de innovaci\u00f3n en packaging para marcas de diferentes sectores de la industria. <\/p>\n<\/section><\/div>\n<\/div>\n<section id=\"row-paginas-especificas\">\n<article id=\"box-izq-rpe\">\n<nav>\n            <a data-fancybox=\"galeria\" data-caption=\"Ingenier\u00eda de Empaques | Empaques - CARTENSA\" href=\"https:\/\/cartensa.com\/es\/wp-content\/uploads\/2018\/02\/cartensa-empaques-ingenieria-en-empaques.jpg\" lang=\"es\" title=\"Ingenier\u00eda de Empaques | Empaques - CARTENSA\"><br \/>\n                <img decoding=\"async\" src=\"https:\/\/cartensa.com\/es\/wp-content\/uploads\/2018\/02\/cartensa-empaques-ingenieria-en-empaques-000.jpg\" alt=\"Ingenier\u00eda de Empaques | Empaques - CARTENSA\"><br \/>\n            <\/a><br \/>\n             <a data-fancybox=\"galeria\" data-caption=\"Ingenier\u00eda de Empaques | Empaques - CARTENSA\" href=\"https:\/\/cartensa.com\/es\/wp-content\/uploads\/2018\/01\/cartensa-soluciones-01.jpg\" lang=\"es\" title=\"Ingenier\u00eda de Empaques | Empaques - CARTENSA\"><br \/>\n                <img decoding=\"async\" src=\"https:\/\/cartensa.com\/es\/wp-content\/uploads\/2018\/02\/cartensa-empaques-ingenieria-en-empaques-001-1.jpg\" alt=\"Ingenier\u00eda de Empaques | Empaques - CARTENSA\"><br \/>\n            <\/a><br \/>\n             <a data-fancybox=\"galeria\" data-caption=\"Ingenier\u00eda de Empaques | Empaques - CARTENSA\" href=\"https:\/\/cartensa.com\/es\/wp-content\/uploads\/2018\/02\/cartensa-empaques-ingenieria-en-empaques-02.jpg\" lang=\"es\" title=\"Ingenier\u00eda de Empaques | Empaques - CARTENSA\"><br \/>\n                <img decoding=\"async\" src=\"https:\/\/cartensa.com\/es\/wp-content\/uploads\/2018\/02\/cartensa-empaques-ingenieria-en-empaques-002-1.jpg\" alt=\"Ingenier\u00eda de Empaques | Empaques - CARTENSA\"><br \/>\n            <\/a><br \/>\n            <a data-fancybox=\"galeria\" data-caption=\"Ingenier\u00eda de Empaques | Empaques - CARTENSA\" href=\"https:\/\/cartensa.com\/es\/wp-content\/uploads\/2018\/02\/cartensa-empaques-ingenieria-en-empaques-03.jpg\" lang=\"es\" title=\"Ingenier\u00eda de Empaques | Empaques - CARTENSA\"><br \/>\n                <img decoding=\"async\" src=\"https:\/\/cartensa.com\/es\/wp-content\/uploads\/2018\/02\/cartensa-empaques-ingenieria-en-empaques-003-1.jpg\" alt=\"Ingenier\u00eda de Empaques | Empaques - CARTENSA\"><br \/>\n            <\/a><br \/>\n        <\/nav>\n<\/article>\n<article id=\"box-der-rpe\" class=\"rpe-27\">\n        <a id=\"to-cta\" lang=\"es\" title=\"Cont\u00e1ctenos\" href=\"https:\/\/cartensa.com\/es\/contactenos\/\"><br \/>\n            <i class=\"material-icons\">email<\/i> Cont\u00e1ctenos para m\u00e1s informaci\u00f3n del producto<br \/>\n        <\/a><br \/>\n    <\/article>\n<\/section>\n","protected":false},"excerpt":{"rendered":"<p>Inicio chevron_right Innovaci\u00f3n en Empaques chevron_right Ingenier\u00eda de Empaques Ingenier\u00eda de Empaques Nuestro equipo de ingenier\u00eda en empaques desarrolla proyectos de innovaci\u00f3n en packaging para marcas de diferentes sectores de la industria. email Cont\u00e1ctenos para m\u00e1s informaci\u00f3n del producto<\/p>\n","protected":false},"author":1,"featured_media":0,"parent":60,"menu_order":0,"comment_status":"closed","ping_status":"closed","template":"","meta":{"_joinchat":[],"footnotes":""},"class_list":["post-23","page","type-page","status-publish","hentry"],"yoast_head":"<!-- This site is optimized with the Yoast SEO plugin v27.4 - https:\/\/yoast.com\/product\/yoast-seo-wordpress\/ -->\n<title>Ingenier\u00eda de Empaques - Innovaci\u00f3n en Empaques | CARTENSA - Ingenier\u00eda en Empaques en Bogot\u00e1 y toda Colombia<\/title>\n<meta name=\"robots\" content=\"index, follow, max-snippet:-1, max-image-preview:large, max-video-preview:-1\" \/>\n<link rel=\"canonical\" href=\"https:\/\/cartensa.com\/es\/servicios-especializados\/ingenieria-de-empaques\/\" \/>\n<meta property=\"og:locale\" content=\"es_ES\" \/>\n<meta property=\"og:type\" content=\"article\" \/>\n<meta property=\"og:title\" content=\"Ingenier\u00eda de Empaques - Innovaci\u00f3n en Empaques | CARTENSA - Ingenier\u00eda en Empaques en Bogot\u00e1 y toda Colombia\" \/>\n<meta property=\"og:description\" content=\"Inicio chevron_right Innovaci\u00f3n en Empaques chevron_right Ingenier\u00eda de Empaques Ingenier\u00eda de Empaques Nuestro equipo de ingenier\u00eda en empaques desarrolla proyectos de innovaci\u00f3n en packaging para marcas de diferentes sectores de la industria. email Cont\u00e1ctenos para m\u00e1s informaci\u00f3n del producto\" \/>\n<meta property=\"og:url\" content=\"https:\/\/cartensa.com\/es\/servicios-especializados\/ingenieria-de-empaques\/\" \/>\n<meta property=\"og:site_name\" content=\"Cartensa\" \/>\n<meta property=\"article:modified_time\" content=\"2018-03-12T17:28:49+00:00\" \/>\n<meta property=\"og:image\" content=\"https:\/\/cartensa.com\/es\/wp-content\/uploads\/2018\/02\/cartensa-empaques-ingenieria-en-empaques-000.jpg\" \/>\n<meta name=\"twitter:card\" content=\"summary_large_image\" \/>\n<meta name=\"twitter:title\" content=\"Ingenier\u00eda de Empaques - Innovaci\u00f3n en Empaques | CARTENSA - Ingenier\u00eda en Empaques en Bogot\u00e1 y toda Colombia\" \/>\n<script type=\"application\/ld+json\" class=\"yoast-schema-graph\">{\"@context\":\"https:\\\/\\\/schema.org\",\"@graph\":[{\"@type\":\"WebPage\",\"@id\":\"https:\\\/\\\/cartensa.com\\\/es\\\/servicios-especializados\\\/ingenieria-de-empaques\\\/\",\"url\":\"https:\\\/\\\/cartensa.com\\\/es\\\/servicios-especializados\\\/ingenieria-de-empaques\\\/\",\"name\":\"Ingenier\u00eda de Empaques - Innovaci\u00f3n en Empaques | CARTENSA - Ingenier\u00eda en Empaques en Bogot\u00e1 y toda Colombia\",\"isPartOf\":{\"@id\":\"https:\\\/\\\/cartensa.com\\\/es\\\/#website\"},\"primaryImageOfPage\":{\"@id\":\"https:\\\/\\\/cartensa.com\\\/es\\\/servicios-especializados\\\/ingenieria-de-empaques\\\/#primaryimage\"},\"image\":{\"@id\":\"https:\\\/\\\/cartensa.com\\\/es\\\/servicios-especializados\\\/ingenieria-de-empaques\\\/#primaryimage\"},\"thumbnailUrl\":\"https:\\\/\\\/cartensa.com\\\/es\\\/wp-content\\\/uploads\\\/2018\\\/02\\\/cartensa-empaques-ingenieria-en-empaques-000.jpg\",\"datePublished\":\"2017-05-09T15:41:50+00:00\",\"dateModified\":\"2018-03-12T17:28:49+00:00\",\"breadcrumb\":{\"@id\":\"https:\\\/\\\/cartensa.com\\\/es\\\/servicios-especializados\\\/ingenieria-de-empaques\\\/#breadcrumb\"},\"inLanguage\":\"es\",\"potentialAction\":[{\"@type\":\"ReadAction\",\"target\":[\"https:\\\/\\\/cartensa.com\\\/es\\\/servicios-especializados\\\/ingenieria-de-empaques\\\/\"]}]},{\"@type\":\"ImageObject\",\"inLanguage\":\"es\",\"@id\":\"https:\\\/\\\/cartensa.com\\\/es\\\/servicios-especializados\\\/ingenieria-de-empaques\\\/#primaryimage\",\"url\":\"https:\\\/\\\/cartensa.com\\\/es\\\/wp-content\\\/uploads\\\/2018\\\/02\\\/cartensa-empaques-ingenieria-en-empaques-000.jpg\",\"contentUrl\":\"https:\\\/\\\/cartensa.com\\\/es\\\/wp-content\\\/uploads\\\/2018\\\/02\\\/cartensa-empaques-ingenieria-en-empaques-000.jpg\",\"width\":295,\"height\":210},{\"@type\":\"BreadcrumbList\",\"@id\":\"https:\\\/\\\/cartensa.com\\\/es\\\/servicios-especializados\\\/ingenieria-de-empaques\\\/#breadcrumb\",\"itemListElement\":[{\"@type\":\"ListItem\",\"position\":1,\"name\":\"Portada\",\"item\":\"https:\\\/\\\/cartensa.com\\\/es\\\/\"},{\"@type\":\"ListItem\",\"position\":2,\"name\":\"Servicios Especializados\",\"item\":\"https:\\\/\\\/cartensa.com\\\/es\\\/servicios-especializados\\\/\"},{\"@type\":\"ListItem\",\"position\":3,\"name\":\"Ingenier\u00eda de Empaques\"}]},{\"@type\":\"WebSite\",\"@id\":\"https:\\\/\\\/cartensa.com\\\/es\\\/#website\",\"url\":\"https:\\\/\\\/cartensa.com\\\/es\\\/\",\"name\":\"Cartensa\",\"description\":\"F\u00e1brica de Cajas de Cart\u00f3n en Barranquilla\",\"potentialAction\":[{\"@type\":\"SearchAction\",\"target\":{\"@type\":\"EntryPoint\",\"urlTemplate\":\"https:\\\/\\\/cartensa.com\\\/es\\\/?s={search_term_string}\"},\"query-input\":{\"@type\":\"PropertyValueSpecification\",\"valueRequired\":true,\"valueName\":\"search_term_string\"}}],\"inLanguage\":\"es\"}]}<\/script>\n<!-- \/ Yoast SEO plugin. -->","yoast_head_json":{"title":"Ingenier\u00eda de Empaques - Innovaci\u00f3n en Empaques | CARTENSA - Ingenier\u00eda en Empaques en Bogot\u00e1 y toda Colombia","robots":{"index":"index","follow":"follow","max-snippet":"max-snippet:-1","max-image-preview":"max-image-preview:large","max-video-preview":"max-video-preview:-1"},"canonical":"https:\/\/cartensa.com\/es\/servicios-especializados\/ingenieria-de-empaques\/","og_locale":"es_ES","og_type":"article","og_title":"Ingenier\u00eda de Empaques - Innovaci\u00f3n en Empaques | CARTENSA - Ingenier\u00eda en Empaques en Bogot\u00e1 y toda Colombia","og_description":"Inicio chevron_right Innovaci\u00f3n en Empaques chevron_right Ingenier\u00eda de Empaques Ingenier\u00eda de Empaques Nuestro equipo de ingenier\u00eda en empaques desarrolla proyectos de innovaci\u00f3n en packaging para marcas de diferentes sectores de la industria. email Cont\u00e1ctenos para m\u00e1s informaci\u00f3n del producto","og_url":"https:\/\/cartensa.com\/es\/servicios-especializados\/ingenieria-de-empaques\/","og_site_name":"Cartensa","article_modified_time":"2018-03-12T17:28:49+00:00","og_image":[{"url":"https:\/\/cartensa.com\/es\/wp-content\/uploads\/2018\/02\/cartensa-empaques-ingenieria-en-empaques-000.jpg","type":"","width":"","height":""}],"twitter_card":"summary_large_image","twitter_title":"Ingenier\u00eda de Empaques - Innovaci\u00f3n en Empaques | CARTENSA - Ingenier\u00eda en Empaques en Bogot\u00e1 y toda Colombia","schema":{"@context":"https:\/\/schema.org","@graph":[{"@type":"WebPage","@id":"https:\/\/cartensa.com\/es\/servicios-especializados\/ingenieria-de-empaques\/","url":"https:\/\/cartensa.com\/es\/servicios-especializados\/ingenieria-de-empaques\/","name":"Ingenier\u00eda de Empaques - Innovaci\u00f3n en Empaques | CARTENSA - Ingenier\u00eda en Empaques en Bogot\u00e1 y toda Colombia","isPartOf":{"@id":"https:\/\/cartensa.com\/es\/#website"},"primaryImageOfPage":{"@id":"https:\/\/cartensa.com\/es\/servicios-especializados\/ingenieria-de-empaques\/#primaryimage"},"image":{"@id":"https:\/\/cartensa.com\/es\/servicios-especializados\/ingenieria-de-empaques\/#primaryimage"},"thumbnailUrl":"https:\/\/cartensa.com\/es\/wp-content\/uploads\/2018\/02\/cartensa-empaques-ingenieria-en-empaques-000.jpg","datePublished":"2017-05-09T15:41:50+00:00","dateModified":"2018-03-12T17:28:49+00:00","breadcrumb":{"@id":"https:\/\/cartensa.com\/es\/servicios-especializados\/ingenieria-de-empaques\/#breadcrumb"},"inLanguage":"es","potentialAction":[{"@type":"ReadAction","target":["https:\/\/cartensa.com\/es\/servicios-especializados\/ingenieria-de-empaques\/"]}]},{"@type":"ImageObject","inLanguage":"es","@id":"https:\/\/cartensa.com\/es\/servicios-especializados\/ingenieria-de-empaques\/#primaryimage","url":"https:\/\/cartensa.com\/es\/wp-content\/uploads\/2018\/02\/cartensa-empaques-ingenieria-en-empaques-000.jpg","contentUrl":"https:\/\/cartensa.com\/es\/wp-content\/uploads\/2018\/02\/cartensa-empaques-ingenieria-en-empaques-000.jpg","width":295,"height":210},{"@type":"BreadcrumbList","@id":"https:\/\/cartensa.com\/es\/servicios-especializados\/ingenieria-de-empaques\/#breadcrumb","itemListElement":[{"@type":"ListItem","position":1,"name":"Portada","item":"https:\/\/cartensa.com\/es\/"},{"@type":"ListItem","position":2,"name":"Servicios Especializados","item":"https:\/\/cartensa.com\/es\/servicios-especializados\/"},{"@type":"ListItem","position":3,"name":"Ingenier\u00eda de Empaques"}]},{"@type":"WebSite","@id":"https:\/\/cartensa.com\/es\/#website","url":"https:\/\/cartensa.com\/es\/","name":"Cartensa","description":"F\u00e1brica de Cajas de Cart\u00f3n en Barranquilla","potentialAction":[{"@type":"SearchAction","target":{"@type":"EntryPoint","urlTemplate":"https:\/\/cartensa.com\/es\/?s={search_term_string}"},"query-input":{"@type":"PropertyValueSpecification","valueRequired":true,"valueName":"search_term_string"}}],"inLanguage":"es"}]}},"_links":{"self":[{"href":"https:\/\/cartensa.com\/es\/wp-json\/wp\/v2\/pages\/23","targetHints":{"allow":["GET"]}}],"collection":[{"href":"https:\/\/cartensa.com\/es\/wp-json\/wp\/v2\/pages"}],"about":[{"href":"https:\/\/cartensa.com\/es\/wp-json\/wp\/v2\/types\/page"}],"author":[{"embeddable":true,"href":"https:\/\/cartensa.com\/es\/wp-json\/wp\/v2\/users\/1"}],"replies":[{"embeddable":true,"href":"https:\/\/cartensa.com\/es\/wp-json\/wp\/v2\/comments?post=23"}],"version-history":[{"count":14,"href":"https:\/\/cartensa.com\/es\/wp-json\/wp\/v2\/pages\/23\/revisions"}],"predecessor-version":[{"id":1140,"href":"https:\/\/cartensa.com\/es\/wp-json\/wp\/v2\/pages\/23\/revisions\/1140"}],"up":[{"embeddable":true,"href":"https:\/\/cartensa.com\/es\/wp-json\/wp\/v2\/pages\/60"}],"wp:attachment":[{"href":"https:\/\/cartensa.com\/es\/wp-json\/wp\/v2\/media?parent=23"}],"curies":[{"name":"wp","href":"https:\/\/api.w.org\/{rel}","templated":true}]}}