{"id":277,"date":"2017-12-06T14:56:32","date_gmt":"2017-12-06T14:56:32","guid":{"rendered":"https:\/\/cartensa.com\/es\/?page_id=277"},"modified":"2018-03-12T17:24:56","modified_gmt":"2018-03-12T17:24:56","slug":"cajas-para-tortas","status":"publish","type":"page","link":"https:\/\/cartensa.com\/es\/cajas-de-carton\/cajas-para-tortas\/","title":{"rendered":"Cajas para Tortas"},"content":{"rendered":"<div id=\"row-migas-de-pan\">\n<div class=\"col-md-12\">\n<nav id=\"box-migas-pan\">\n            <a href=\"https:\/\/cartensa.com\/es\/\" class=\"pri-mp\" title=\"Inicio\">Inicio<\/a><br \/>\n            <span class=\"fle-mp\"><i class=\"material-icons\">chevron_right<\/i><\/span><br \/>\n            <a href=\"https:\/\/cartensa.com\/es\/cajas-de-carton\/\" class=\"pri-mp\" title=\"Cajas de Cart\u00f3n\">Cajas de Cart\u00f3n<\/a><br \/>\n            <span class=\"fle-mp\"><i class=\"material-icons\">chevron_right<\/i><\/span><br \/>\n            <span class=\"actual-mp\">Cajas para Tortas<\/span><br \/>\n        <\/nav>\n<\/p><\/div>\n<\/div>\n<div id=\"row-titulo-paginas\">\n<div class=\"col-md-12\">\n<section>\n<h2 class=\"titulo-h2\">Cajas para Tortas<\/h2>\n<p>Producimos Cajas para Tortas en diferentes tama\u00f1os y con opciones de personalizaci\u00f3n seg\u00fan identidad corporativa y estilo de empaques.<\/p>\n<\/section><\/div>\n<\/div>\n<section id=\"row-paginas-especificas\">\n<article id=\"box-izq-rpe\">\n<nav>\n            <a data-fancybox=\"galeria\" data-caption=\"Cajas para Tortas | Cajas de Cart\u00f3n - CARTENSA\" href=\"https:\/\/cartensa.com\/es\/wp-content\/uploads\/2017\/12\/cartensa-cajas-para-pudin-tortas-caja-para-pasteles-caseros-5.jpg\" lang=\"es\" title=\"Cajas para Tortas | Cajas de Cart\u00f3n - CARTENSA\"><br \/>\n                <img decoding=\"async\" src=\"https:\/\/cartensa.com\/es\/wp-content\/uploads\/2018\/02\/cartensa-cajas-para-pudin-tortas-caja-para-pasteles-caseros-05.jpg\" alt=\"Cajas para Tortas | Cajas de Cart\u00f3n - CARTENSA\"><br \/>\n            <\/a><br \/>\n            <a data-fancybox=\"galeria\" data-caption=\"Cajas para Tortas | Cajas de Cart\u00f3n - CARTENSA\" href=\"https:\/\/cartensa.com\/es\/wp-content\/uploads\/2017\/12\/cartensa-cajas-para-pudin-tortas-caja-para-pasteles-caseros-6.jpg\" lang=\"es\" title=\"Cajas para Tortas | Cajas de Cart\u00f3n - CARTENSA\"><br \/>\n                <img decoding=\"async\" src=\"https:\/\/cartensa.com\/es\/wp-content\/uploads\/2018\/02\/cartensa-cajas-para-pudin-tortas-caja-para-pasteles-caseros-06.jpg\" alt=\"Cajas para Tortas | Cajas de Cart\u00f3n - CARTENSA\"><br \/>\n            <\/a><br \/>\n            <a data-fancybox=\"galeria\" data-caption=\"Cajas para Tortas | Cajas de Cart\u00f3n - CARTENSA\" href=\"https:\/\/cartensa.com\/es\/wp-content\/uploads\/2017\/12\/cartensa-cajas-para-pudin-tortas-caja-para-pasteles-caseros-7.jpg\" lang=\"es\" title=\"Cajas para Tortas | Cajas de Cart\u00f3n - CARTENSA\"><br \/>\n                <img decoding=\"async\" src=\"https:\/\/cartensa.com\/es\/wp-content\/uploads\/2018\/02\/cartensa-cajas-para-pudin-tortas-caja-para-pasteles-caseros-07.jpg\" alt=\"Cajas para Tortas | Cajas de Cart\u00f3n - CARTENSA\"><br \/>\n            <\/a><br \/>\n            <a data-fancybox=\"galeria\" data-caption=\"Cajas para Tortas | Cajas de Cart\u00f3n - CARTENSA\" href=\"https:\/\/cartensa.com\/es\/wp-content\/uploads\/2017\/12\/cartensa-cajas-para-pudin-tortas-caja-para-pasteles-caseros-8.jpg\" lang=\"es\" title=\"Cajas para Tortas | Cajas de Cart\u00f3n - CARTENSA\"><br \/>\n                <img decoding=\"async\" src=\"https:\/\/cartensa.com\/es\/wp-content\/uploads\/2018\/02\/cartensa-cajas-para-pudin-tortas-caja-para-pasteles-caseros-08.jpg\" alt=\"Cajas para Tortas | Cajas de Cart\u00f3n - CARTENSA\"><br \/>\n            <\/a><br \/>\n        <\/nav>\n<\/article>\n<article id=\"box-der-rpe\" class=\"rpe-10\">\n        <a id=\"to-cta\" lang=\"es\" title=\"Cont\u00e1ctenos\" href=\"https:\/\/cartensa.com\/es\/contactenos\/\"><br \/>\n            <i class=\"material-icons\">email<\/i> Cont\u00e1ctenos para m\u00e1s informaci\u00f3n del producto<br \/>\n        <\/a><br \/>\n    <\/article>\n<\/section>\n","protected":false},"excerpt":{"rendered":"<p>Inicio chevron_right Cajas de Cart\u00f3n chevron_right Cajas para Tortas Cajas para Tortas Producimos Cajas para Tortas en diferentes tama\u00f1os y con opciones de personalizaci\u00f3n seg\u00fan identidad corporativa y estilo de empaques. email Cont\u00e1ctenos para m\u00e1s informaci\u00f3n del producto<\/p>\n","protected":false},"author":1,"featured_media":607,"parent":11,"menu_order":0,"comment_status":"closed","ping_status":"closed","template":"","meta":{"_joinchat":[],"footnotes":""},"class_list":["post-277","page","type-page","status-publish","has-post-thumbnail","hentry"],"yoast_head":"<!-- This site is optimized with the Yoast SEO plugin v27.4 - https:\/\/yoast.com\/product\/yoast-seo-wordpress\/ -->\n<title>Cajas para Tortas - Cajas de Cart\u00f3n | CARTENSA - Ingenier\u00eda en Empaques en Bogot\u00e1 y toda Colombia<\/title>\n<meta name=\"description\" content=\"Producimos Cajas para Tortas en diferentes tama\u00f1os y con opciones de personalizaci\u00f3n seg\u00fan identidad corporativa y estilo de empaques.\" \/>\n<meta name=\"robots\" content=\"index, follow, max-snippet:-1, max-image-preview:large, max-video-preview:-1\" \/>\n<link rel=\"canonical\" href=\"https:\/\/cartensa.com\/es\/cajas-de-carton\/cajas-para-tortas\/\" \/>\n<meta property=\"og:locale\" content=\"es_ES\" \/>\n<meta property=\"og:type\" content=\"article\" \/>\n<meta property=\"og:title\" content=\"Cajas para Tortas - Cajas de Cart\u00f3n | CARTENSA - Ingenier\u00eda en Empaques en Bogot\u00e1 y toda Colombia\" \/>\n<meta property=\"og:description\" content=\"Producimos Cajas para Tortas en diferentes tama\u00f1os y con opciones de personalizaci\u00f3n seg\u00fan identidad corporativa y estilo de empaques.\" \/>\n<meta property=\"og:url\" content=\"https:\/\/cartensa.com\/es\/cajas-de-carton\/cajas-para-tortas\/\" \/>\n<meta property=\"og:site_name\" content=\"Cartensa\" \/>\n<meta property=\"article:modified_time\" content=\"2018-03-12T17:24:56+00:00\" \/>\n<meta property=\"og:image\" content=\"https:\/\/cartensa.com\/es\/wp-content\/uploads\/2018\/01\/cartensa-cajas-de-carton-cajas-para-tortas.jpg\" \/>\n\t<meta property=\"og:image:width\" content=\"500\" \/>\n\t<meta property=\"og:image:height\" content=\"320\" \/>\n\t<meta property=\"og:image:type\" content=\"image\/jpeg\" \/>\n<meta name=\"twitter:card\" content=\"summary_large_image\" \/>\n<meta name=\"twitter:title\" content=\"Cajas para Tortas - Cajas de Cart\u00f3n | CARTENSA - Ingenier\u00eda en Empaques en Bogot\u00e1 y toda Colombia\" \/>\n<meta name=\"twitter:description\" content=\"Producimos Cajas para Tortas en diferentes tama\u00f1os y con opciones de personalizaci\u00f3n seg\u00fan identidad corporativa y estilo de empaques.\" \/>\n<meta name=\"twitter:image\" content=\"https:\/\/cartensa.com\/es\/wp-content\/uploads\/2018\/01\/cartensa-cajas-de-carton-cajas-para-tortas.jpg\" \/>\n<script type=\"application\/ld+json\" class=\"yoast-schema-graph\">{\"@context\":\"https:\\\/\\\/schema.org\",\"@graph\":[{\"@type\":\"WebPage\",\"@id\":\"https:\\\/\\\/cartensa.com\\\/es\\\/cajas-de-carton\\\/cajas-para-tortas\\\/\",\"url\":\"https:\\\/\\\/cartensa.com\\\/es\\\/cajas-de-carton\\\/cajas-para-tortas\\\/\",\"name\":\"Cajas para Tortas - Cajas de Cart\u00f3n | CARTENSA - Ingenier\u00eda en Empaques en Bogot\u00e1 y toda Colombia\",\"isPartOf\":{\"@id\":\"https:\\\/\\\/cartensa.com\\\/es\\\/#website\"},\"primaryImageOfPage\":{\"@id\":\"https:\\\/\\\/cartensa.com\\\/es\\\/cajas-de-carton\\\/cajas-para-tortas\\\/#primaryimage\"},\"image\":{\"@id\":\"https:\\\/\\\/cartensa.com\\\/es\\\/cajas-de-carton\\\/cajas-para-tortas\\\/#primaryimage\"},\"thumbnailUrl\":\"https:\\\/\\\/cartensa.com\\\/es\\\/wp-content\\\/uploads\\\/2018\\\/01\\\/cartensa-cajas-de-carton-cajas-para-tortas.jpg\",\"datePublished\":\"2017-12-06T14:56:32+00:00\",\"dateModified\":\"2018-03-12T17:24:56+00:00\",\"description\":\"Producimos Cajas para Tortas en diferentes tama\u00f1os y con opciones de personalizaci\u00f3n seg\u00fan identidad corporativa y estilo de empaques.\",\"breadcrumb\":{\"@id\":\"https:\\\/\\\/cartensa.com\\\/es\\\/cajas-de-carton\\\/cajas-para-tortas\\\/#breadcrumb\"},\"inLanguage\":\"es\",\"potentialAction\":[{\"@type\":\"ReadAction\",\"target\":[\"https:\\\/\\\/cartensa.com\\\/es\\\/cajas-de-carton\\\/cajas-para-tortas\\\/\"]}]},{\"@type\":\"ImageObject\",\"inLanguage\":\"es\",\"@id\":\"https:\\\/\\\/cartensa.com\\\/es\\\/cajas-de-carton\\\/cajas-para-tortas\\\/#primaryimage\",\"url\":\"https:\\\/\\\/cartensa.com\\\/es\\\/wp-content\\\/uploads\\\/2018\\\/01\\\/cartensa-cajas-de-carton-cajas-para-tortas.jpg\",\"contentUrl\":\"https:\\\/\\\/cartensa.com\\\/es\\\/wp-content\\\/uploads\\\/2018\\\/01\\\/cartensa-cajas-de-carton-cajas-para-tortas.jpg\",\"width\":500,\"height\":320,\"caption\":\"Cajas para Tortas \u2013 Cajas de Cart\u00f3n | CARTENSA\"},{\"@type\":\"BreadcrumbList\",\"@id\":\"https:\\\/\\\/cartensa.com\\\/es\\\/cajas-de-carton\\\/cajas-para-tortas\\\/#breadcrumb\",\"itemListElement\":[{\"@type\":\"ListItem\",\"position\":1,\"name\":\"Portada\",\"item\":\"https:\\\/\\\/cartensa.com\\\/es\\\/\"},{\"@type\":\"ListItem\",\"position\":2,\"name\":\"Cajas de Cart\u00f3n\",\"item\":\"https:\\\/\\\/cartensa.com\\\/es\\\/cajas-de-carton\\\/\"},{\"@type\":\"ListItem\",\"position\":3,\"name\":\"Cajas para Tortas\"}]},{\"@type\":\"WebSite\",\"@id\":\"https:\\\/\\\/cartensa.com\\\/es\\\/#website\",\"url\":\"https:\\\/\\\/cartensa.com\\\/es\\\/\",\"name\":\"Cartensa\",\"description\":\"F\u00e1brica de Cajas de Cart\u00f3n en Barranquilla\",\"potentialAction\":[{\"@type\":\"SearchAction\",\"target\":{\"@type\":\"EntryPoint\",\"urlTemplate\":\"https:\\\/\\\/cartensa.com\\\/es\\\/?s={search_term_string}\"},\"query-input\":{\"@type\":\"PropertyValueSpecification\",\"valueRequired\":true,\"valueName\":\"search_term_string\"}}],\"inLanguage\":\"es\"}]}<\/script>\n<!-- \/ Yoast SEO plugin. -->","yoast_head_json":{"title":"Cajas para Tortas - Cajas de Cart\u00f3n | CARTENSA - Ingenier\u00eda en Empaques en Bogot\u00e1 y toda Colombia","description":"Producimos Cajas para Tortas en diferentes tama\u00f1os y con opciones de personalizaci\u00f3n seg\u00fan identidad corporativa y estilo de empaques.","robots":{"index":"index","follow":"follow","max-snippet":"max-snippet:-1","max-image-preview":"max-image-preview:large","max-video-preview":"max-video-preview:-1"},"canonical":"https:\/\/cartensa.com\/es\/cajas-de-carton\/cajas-para-tortas\/","og_locale":"es_ES","og_type":"article","og_title":"Cajas para Tortas - Cajas de Cart\u00f3n | CARTENSA - Ingenier\u00eda en Empaques en Bogot\u00e1 y toda Colombia","og_description":"Producimos Cajas para Tortas en diferentes tama\u00f1os y con opciones de personalizaci\u00f3n seg\u00fan identidad corporativa y estilo de empaques.","og_url":"https:\/\/cartensa.com\/es\/cajas-de-carton\/cajas-para-tortas\/","og_site_name":"Cartensa","article_modified_time":"2018-03-12T17:24:56+00:00","og_image":[{"width":500,"height":320,"url":"https:\/\/cartensa.com\/es\/wp-content\/uploads\/2018\/01\/cartensa-cajas-de-carton-cajas-para-tortas.jpg","type":"image\/jpeg"}],"twitter_card":"summary_large_image","twitter_title":"Cajas para Tortas - Cajas de Cart\u00f3n | CARTENSA - Ingenier\u00eda en Empaques en Bogot\u00e1 y toda Colombia","twitter_description":"Producimos Cajas para Tortas en diferentes tama\u00f1os y con opciones de personalizaci\u00f3n seg\u00fan identidad corporativa y estilo de empaques.","twitter_image":"https:\/\/cartensa.com\/es\/wp-content\/uploads\/2018\/01\/cartensa-cajas-de-carton-cajas-para-tortas.jpg","schema":{"@context":"https:\/\/schema.org","@graph":[{"@type":"WebPage","@id":"https:\/\/cartensa.com\/es\/cajas-de-carton\/cajas-para-tortas\/","url":"https:\/\/cartensa.com\/es\/cajas-de-carton\/cajas-para-tortas\/","name":"Cajas para Tortas - Cajas de Cart\u00f3n | CARTENSA - Ingenier\u00eda en Empaques en Bogot\u00e1 y toda Colombia","isPartOf":{"@id":"https:\/\/cartensa.com\/es\/#website"},"primaryImageOfPage":{"@id":"https:\/\/cartensa.com\/es\/cajas-de-carton\/cajas-para-tortas\/#primaryimage"},"image":{"@id":"https:\/\/cartensa.com\/es\/cajas-de-carton\/cajas-para-tortas\/#primaryimage"},"thumbnailUrl":"https:\/\/cartensa.com\/es\/wp-content\/uploads\/2018\/01\/cartensa-cajas-de-carton-cajas-para-tortas.jpg","datePublished":"2017-12-06T14:56:32+00:00","dateModified":"2018-03-12T17:24:56+00:00","description":"Producimos Cajas para Tortas en diferentes tama\u00f1os y con opciones de personalizaci\u00f3n seg\u00fan identidad corporativa y estilo de empaques.","breadcrumb":{"@id":"https:\/\/cartensa.com\/es\/cajas-de-carton\/cajas-para-tortas\/#breadcrumb"},"inLanguage":"es","potentialAction":[{"@type":"ReadAction","target":["https:\/\/cartensa.com\/es\/cajas-de-carton\/cajas-para-tortas\/"]}]},{"@type":"ImageObject","inLanguage":"es","@id":"https:\/\/cartensa.com\/es\/cajas-de-carton\/cajas-para-tortas\/#primaryimage","url":"https:\/\/cartensa.com\/es\/wp-content\/uploads\/2018\/01\/cartensa-cajas-de-carton-cajas-para-tortas.jpg","contentUrl":"https:\/\/cartensa.com\/es\/wp-content\/uploads\/2018\/01\/cartensa-cajas-de-carton-cajas-para-tortas.jpg","width":500,"height":320,"caption":"Cajas para Tortas \u2013 Cajas de Cart\u00f3n | CARTENSA"},{"@type":"BreadcrumbList","@id":"https:\/\/cartensa.com\/es\/cajas-de-carton\/cajas-para-tortas\/#breadcrumb","itemListElement":[{"@type":"ListItem","position":1,"name":"Portada","item":"https:\/\/cartensa.com\/es\/"},{"@type":"ListItem","position":2,"name":"Cajas de Cart\u00f3n","item":"https:\/\/cartensa.com\/es\/cajas-de-carton\/"},{"@type":"ListItem","position":3,"name":"Cajas para Tortas"}]},{"@type":"WebSite","@id":"https:\/\/cartensa.com\/es\/#website","url":"https:\/\/cartensa.com\/es\/","name":"Cartensa","description":"F\u00e1brica de Cajas de Cart\u00f3n en Barranquilla","potentialAction":[{"@type":"SearchAction","target":{"@type":"EntryPoint","urlTemplate":"https:\/\/cartensa.com\/es\/?s={search_term_string}"},"query-input":{"@type":"PropertyValueSpecification","valueRequired":true,"valueName":"search_term_string"}}],"inLanguage":"es"}]}},"_links":{"self":[{"href":"https:\/\/cartensa.com\/es\/wp-json\/wp\/v2\/pages\/277","targetHints":{"allow":["GET"]}}],"collection":[{"href":"https:\/\/cartensa.com\/es\/wp-json\/wp\/v2\/pages"}],"about":[{"href":"https:\/\/cartensa.com\/es\/wp-json\/wp\/v2\/types\/page"}],"author":[{"embeddable":true,"href":"https:\/\/cartensa.com\/es\/wp-json\/wp\/v2\/users\/1"}],"replies":[{"embeddable":true,"href":"https:\/\/cartensa.com\/es\/wp-json\/wp\/v2\/comments?post=277"}],"version-history":[{"count":9,"href":"https:\/\/cartensa.com\/es\/wp-json\/wp\/v2\/pages\/277\/revisions"}],"predecessor-version":[{"id":1122,"href":"https:\/\/cartensa.com\/es\/wp-json\/wp\/v2\/pages\/277\/revisions\/1122"}],"up":[{"embeddable":true,"href":"https:\/\/cartensa.com\/es\/wp-json\/wp\/v2\/pages\/11"}],"wp:featuredmedia":[{"embeddable":true,"href":"https:\/\/cartensa.com\/es\/wp-json\/wp\/v2\/media\/607"}],"wp:attachment":[{"href":"https:\/\/cartensa.com\/es\/wp-json\/wp\/v2\/media?parent=277"}],"curies":[{"name":"wp","href":"https:\/\/api.w.org\/{rel}","templated":true}]}}