{"id":279,"date":"2017-12-06T14:57:07","date_gmt":"2017-12-06T14:57:07","guid":{"rendered":"https:\/\/cartensa.com\/es\/?page_id=279"},"modified":"2018-03-12T17:25:51","modified_gmt":"2018-03-12T17:25:51","slug":"laminas-y-materiales","status":"publish","type":"page","link":"https:\/\/cartensa.com\/es\/cajas-de-carton\/laminas-y-materiales\/","title":{"rendered":"Laminas y Materiales"},"content":{"rendered":"<div id=\"row-migas-de-pan\">\n<div class=\"col-md-12\">\n<nav id=\"box-migas-pan\">\n            <a href=\"https:\/\/cartensa.com\/es\/\" class=\"pri-mp\" title=\"Inicio\">Inicio<\/a><br \/>\n            <span class=\"fle-mp\"><i class=\"material-icons\">chevron_right<\/i><\/span><br \/>\n            <a href=\"https:\/\/cartensa.com\/es\/cajas-de-carton\/\" class=\"pri-mp\" title=\"Cajas de Cart\u00f3n\">Cajas de Cart\u00f3n<\/a><br \/>\n            <span class=\"fle-mp\"><i class=\"material-icons\">chevron_right<\/i><\/span><br \/>\n            <span class=\"actual-mp\">L\u00e1minas y Materiales<\/span><br \/>\n        <\/nav>\n<\/p><\/div>\n<\/div>\n<div id=\"row-titulo-paginas\">\n<div class=\"col-md-12\">\n<section>\n<h2 class=\"titulo-h2\">L\u00e1minas y Materiales<\/h2>\n<p>Disponemos de l\u00e1minas y material para embalajes de mercanc\u00edas, en diferentes tama\u00f1os y cantidades seg\u00fan las necesidades de cada uno de nuestros clientes. <strong>Cart\u00f3n Corrugado Single Face, Pl\u00e1stico Burbuja, Cinta Adhesiva, Zunchos, Grapas, L\u00e1minas de Cart\u00f3n y Guata<\/strong> (pl\u00e1stico espuma) puede adquirirlos con nosotros en cualquier cantidad de acuerdo a sus necesidades.<\/p>\n<\/section><\/div>\n<\/div>\n<section id=\"row-paginas-especificas\">\n<article id=\"box-izq-rpe\">\n<nav>\n            <a data-fancybox=\"galeria\" data-caption=\"L\u00e1minas y Materiales | Cajas de Cart\u00f3n - CARTENSA\" href=\"https:\/\/cartensa.com\/es\/wp-content\/uploads\/2018\/02\/cartensa-cajas-de-carton-laminas-y-material-para-embalajes-01.jpg\" lang=\"es\" title=\"L\u00e1minas y Materiales | Cajas de Cart\u00f3n - CARTENSA\"><br \/>\n                <img decoding=\"async\" src=\"https:\/\/cartensa.com\/es\/wp-content\/uploads\/2018\/02\/cartensa-cajas-de-carton-laminas-y-material-para-embalajes.jpg\" alt=\"L\u00e1minas y Materiales | Cajas de Cart\u00f3n - CARTENSA\"><br \/>\n            <\/a><br \/>\n            <a data-fancybox=\"galeria\" data-caption=\"L\u00e1minas y Materiales | Cajas de Cart\u00f3n - CARTENSA\" href=\"https:\/\/cartensa.com\/es\/wp-content\/uploads\/2017\/12\/cartensa-laminas-y-material-4.jpg\" lang=\"es\" title=\"L\u00e1minas y Materiales | Cajas de Cart\u00f3n - CARTENSA\"><br \/>\n                <img decoding=\"async\" src=\"https:\/\/cartensa.com\/es\/wp-content\/uploads\/2018\/02\/cartensa-laminas-y-material-04.jpg\" alt=\"L\u00e1minas y Materiales | Cajas de Cart\u00f3n - CARTENSA\"><br \/>\n            <\/a><br \/>\n            <a data-fancybox=\"galeria\" data-caption=\"L\u00e1minas y Materiales | Cajas de Cart\u00f3n - CARTENSA\" href=\"https:\/\/cartensa.com\/es\/wp-content\/uploads\/2017\/12\/cartensa-laminas-y-material-kartox-rollo-carton-ondulado.jpg\" lang=\"es\" title=\"L\u00e1minas y Materiales | Cajas de Cart\u00f3n - CARTENSA\"><br \/>\n                <img decoding=\"async\" src=\"https:\/\/cartensa.com\/es\/wp-content\/uploads\/2018\/02\/cartensa-laminas-y-material-kartox-rollo-carton-ondulado-02.jpg\" alt=\"L\u00e1minas y Materiales | Cajas de Cart\u00f3n - CARTENSA\"><br \/>\n            <\/a><br \/>\n            <a data-fancybox=\"galeria\" data-caption=\"L\u00e1minas y Materiales | Cajas de Cart\u00f3n - CARTENSA\" href=\"https:\/\/cartensa.com\/es\/wp-content\/uploads\/2017\/12\/cartensa-laminas-y-material-kartox-plancha-carton_1_2.jpg\" lang=\"es\" title=\"L\u00e1minas y Materiales | Cajas de Cart\u00f3n - CARTENSA\"><br \/>\n                <img decoding=\"async\" src=\"https:\/\/cartensa.com\/es\/wp-content\/uploads\/2018\/02\/cartensa-laminas-y-material-kartox-plancha-carton_-03.jpg\" alt=\"L\u00e1minas y Materiales | Cajas de Cart\u00f3n - CARTENSA\"><br \/>\n            <\/a><br \/>\n        <\/nav>\n<\/article>\n<article id=\"box-der-rpe\" class=\"rpe-13\">\n        <a id=\"to-cta\" lang=\"es\" title=\"Cont\u00e1ctenos\" href=\"https:\/\/cartensa.com\/es\/contactenos\/\"><br \/>\n            <i class=\"material-icons\">email<\/i> Cont\u00e1ctenos para m\u00e1s informaci\u00f3n del producto<br \/>\n        <\/a><br \/>\n    <\/article>\n<\/section>\n","protected":false},"excerpt":{"rendered":"<p>Inicio chevron_right Cajas de Cart\u00f3n chevron_right L\u00e1minas y Materiales L\u00e1minas y Materiales Disponemos de l\u00e1minas y material para embalajes de mercanc\u00edas, en diferentes tama\u00f1os y cantidades seg\u00fan las necesidades de cada uno de nuestros clientes. Cart\u00f3n Corrugado Single Face, Pl\u00e1stico Burbuja, Cinta Adhesiva, Zunchos, Grapas, L\u00e1minas de Cart\u00f3n y Guata (pl\u00e1stico espuma) puede adquirirlos con [&hellip;]<\/p>\n","protected":false},"author":1,"featured_media":671,"parent":11,"menu_order":0,"comment_status":"closed","ping_status":"closed","template":"","meta":{"_joinchat":[],"footnotes":""},"class_list":["post-279","page","type-page","status-publish","has-post-thumbnail","hentry"],"yoast_head":"<!-- This site is optimized with the Yoast SEO plugin v27.4 - https:\/\/yoast.com\/product\/yoast-seo-wordpress\/ -->\n<title>L\u00e1minas y Materiales - Cajas de Cart\u00f3n | CARTENSA - Ingenier\u00eda en Empaques en Bogot\u00e1 y toda Colombia<\/title>\n<meta name=\"description\" content=\"Disponemos de l\u00e1minas y material para embalajes de mercanc\u00edas, en diferentes tama\u00f1os y cantidades seg\u00fan las necesidades de cada uno de nuestros clientes. Cart\u00f3n Corrugado Single Face, Pl\u00e1stico Burbuja, Cinta Adhesiva, Zunchos, Grapas, L\u00e1minas de Cart\u00f3n y Guata (pl\u00e1stico espuma) puede adquirirlos con nosotros en cualquier cantidad de acuerdo a sus necesidades.\" \/>\n<meta name=\"robots\" content=\"index, follow, max-snippet:-1, max-image-preview:large, max-video-preview:-1\" \/>\n<link rel=\"canonical\" href=\"https:\/\/cartensa.com\/es\/cajas-de-carton\/laminas-y-materiales\/\" \/>\n<meta property=\"og:locale\" content=\"es_ES\" \/>\n<meta property=\"og:type\" content=\"article\" \/>\n<meta property=\"og:title\" content=\"L\u00e1minas y Materiales - Cajas de Cart\u00f3n | CARTENSA - Ingenier\u00eda en Empaques en Bogot\u00e1 y toda Colombia\" \/>\n<meta property=\"og:description\" content=\"Disponemos de l\u00e1minas y material para embalajes de mercanc\u00edas, en diferentes tama\u00f1os y cantidades seg\u00fan las necesidades de cada uno de nuestros clientes. Cart\u00f3n Corrugado Single Face, Pl\u00e1stico Burbuja, Cinta Adhesiva, Zunchos, Grapas, L\u00e1minas de Cart\u00f3n y Guata (pl\u00e1stico espuma) puede adquirirlos con nosotros en cualquier cantidad de acuerdo a sus necesidades.\" \/>\n<meta property=\"og:url\" content=\"https:\/\/cartensa.com\/es\/cajas-de-carton\/laminas-y-materiales\/\" \/>\n<meta property=\"og:site_name\" content=\"Cartensa\" \/>\n<meta property=\"article:modified_time\" content=\"2018-03-12T17:25:51+00:00\" \/>\n<meta property=\"og:image\" content=\"https:\/\/cartensa.com\/es\/wp-content\/uploads\/2018\/02\/cartensa-cajas-de-carton-laminas-y-material-para-embalajes.jpg\" \/>\n\t<meta property=\"og:image:width\" content=\"500\" \/>\n\t<meta property=\"og:image:height\" content=\"320\" \/>\n\t<meta property=\"og:image:type\" content=\"image\/jpeg\" \/>\n<meta name=\"twitter:card\" content=\"summary_large_image\" \/>\n<meta name=\"twitter:title\" content=\"L\u00e1minas y Materiales - Cajas de Cart\u00f3n | CARTENSA - Ingenier\u00eda en Empaques en Bogot\u00e1 y toda Colombia\" \/>\n<meta name=\"twitter:description\" content=\"Disponemos de l\u00e1minas y material para embalajes de mercanc\u00edas, en diferentes tama\u00f1os y cantidades seg\u00fan las necesidades de cada uno de nuestros clientes. Cart\u00f3n Corrugado Single Face, Pl\u00e1stico Burbuja, Cinta Adhesiva, Zunchos, Grapas, L\u00e1minas de Cart\u00f3n y Guata (pl\u00e1stico espuma) puede adquirirlos con nosotros en cualquier cantidad de acuerdo a sus necesidades.\" \/>\n<meta name=\"twitter:image\" content=\"https:\/\/cartensa.com\/es\/wp-content\/uploads\/2018\/02\/cartensa-cajas-de-carton-laminas-y-material-para-embalajes.jpg\" \/>\n<script type=\"application\/ld+json\" class=\"yoast-schema-graph\">{\"@context\":\"https:\\\/\\\/schema.org\",\"@graph\":[{\"@type\":\"WebPage\",\"@id\":\"https:\\\/\\\/cartensa.com\\\/es\\\/cajas-de-carton\\\/laminas-y-materiales\\\/\",\"url\":\"https:\\\/\\\/cartensa.com\\\/es\\\/cajas-de-carton\\\/laminas-y-materiales\\\/\",\"name\":\"L\u00e1minas y Materiales - Cajas de Cart\u00f3n | CARTENSA - Ingenier\u00eda en Empaques en Bogot\u00e1 y toda Colombia\",\"isPartOf\":{\"@id\":\"https:\\\/\\\/cartensa.com\\\/es\\\/#website\"},\"primaryImageOfPage\":{\"@id\":\"https:\\\/\\\/cartensa.com\\\/es\\\/cajas-de-carton\\\/laminas-y-materiales\\\/#primaryimage\"},\"image\":{\"@id\":\"https:\\\/\\\/cartensa.com\\\/es\\\/cajas-de-carton\\\/laminas-y-materiales\\\/#primaryimage\"},\"thumbnailUrl\":\"https:\\\/\\\/cartensa.com\\\/es\\\/wp-content\\\/uploads\\\/2018\\\/02\\\/cartensa-cajas-de-carton-laminas-y-material-para-embalajes.jpg\",\"datePublished\":\"2017-12-06T14:57:07+00:00\",\"dateModified\":\"2018-03-12T17:25:51+00:00\",\"description\":\"Disponemos de l\u00e1minas y material para embalajes de mercanc\u00edas, en diferentes tama\u00f1os y cantidades seg\u00fan las necesidades de cada uno de nuestros clientes. Cart\u00f3n Corrugado Single Face, Pl\u00e1stico Burbuja, Cinta Adhesiva, Zunchos, Grapas, L\u00e1minas de Cart\u00f3n y Guata (pl\u00e1stico espuma) puede adquirirlos con nosotros en cualquier cantidad de acuerdo a sus necesidades.\",\"breadcrumb\":{\"@id\":\"https:\\\/\\\/cartensa.com\\\/es\\\/cajas-de-carton\\\/laminas-y-materiales\\\/#breadcrumb\"},\"inLanguage\":\"es\",\"potentialAction\":[{\"@type\":\"ReadAction\",\"target\":[\"https:\\\/\\\/cartensa.com\\\/es\\\/cajas-de-carton\\\/laminas-y-materiales\\\/\"]}]},{\"@type\":\"ImageObject\",\"inLanguage\":\"es\",\"@id\":\"https:\\\/\\\/cartensa.com\\\/es\\\/cajas-de-carton\\\/laminas-y-materiales\\\/#primaryimage\",\"url\":\"https:\\\/\\\/cartensa.com\\\/es\\\/wp-content\\\/uploads\\\/2018\\\/02\\\/cartensa-cajas-de-carton-laminas-y-material-para-embalajes.jpg\",\"contentUrl\":\"https:\\\/\\\/cartensa.com\\\/es\\\/wp-content\\\/uploads\\\/2018\\\/02\\\/cartensa-cajas-de-carton-laminas-y-material-para-embalajes.jpg\",\"width\":500,\"height\":320,\"caption\":\"L\u00e1minas y Material para Embalajes \u2013 Cajas de Cart\u00f3n | CARTENSA\"},{\"@type\":\"BreadcrumbList\",\"@id\":\"https:\\\/\\\/cartensa.com\\\/es\\\/cajas-de-carton\\\/laminas-y-materiales\\\/#breadcrumb\",\"itemListElement\":[{\"@type\":\"ListItem\",\"position\":1,\"name\":\"Portada\",\"item\":\"https:\\\/\\\/cartensa.com\\\/es\\\/\"},{\"@type\":\"ListItem\",\"position\":2,\"name\":\"Cajas de Cart\u00f3n\",\"item\":\"https:\\\/\\\/cartensa.com\\\/es\\\/cajas-de-carton\\\/\"},{\"@type\":\"ListItem\",\"position\":3,\"name\":\"Laminas y Materiales\"}]},{\"@type\":\"WebSite\",\"@id\":\"https:\\\/\\\/cartensa.com\\\/es\\\/#website\",\"url\":\"https:\\\/\\\/cartensa.com\\\/es\\\/\",\"name\":\"Cartensa\",\"description\":\"F\u00e1brica de Cajas de Cart\u00f3n en Barranquilla\",\"potentialAction\":[{\"@type\":\"SearchAction\",\"target\":{\"@type\":\"EntryPoint\",\"urlTemplate\":\"https:\\\/\\\/cartensa.com\\\/es\\\/?s={search_term_string}\"},\"query-input\":{\"@type\":\"PropertyValueSpecification\",\"valueRequired\":true,\"valueName\":\"search_term_string\"}}],\"inLanguage\":\"es\"}]}<\/script>\n<!-- \/ Yoast SEO plugin. -->","yoast_head_json":{"title":"L\u00e1minas y Materiales - Cajas de Cart\u00f3n | CARTENSA - Ingenier\u00eda en Empaques en Bogot\u00e1 y toda Colombia","description":"Disponemos de l\u00e1minas y material para embalajes de mercanc\u00edas, en diferentes tama\u00f1os y cantidades seg\u00fan las necesidades de cada uno de nuestros clientes. Cart\u00f3n Corrugado Single Face, Pl\u00e1stico Burbuja, Cinta Adhesiva, Zunchos, Grapas, L\u00e1minas de Cart\u00f3n y Guata (pl\u00e1stico espuma) puede adquirirlos con nosotros en cualquier cantidad de acuerdo a sus necesidades.","robots":{"index":"index","follow":"follow","max-snippet":"max-snippet:-1","max-image-preview":"max-image-preview:large","max-video-preview":"max-video-preview:-1"},"canonical":"https:\/\/cartensa.com\/es\/cajas-de-carton\/laminas-y-materiales\/","og_locale":"es_ES","og_type":"article","og_title":"L\u00e1minas y Materiales - Cajas de Cart\u00f3n | CARTENSA - Ingenier\u00eda en Empaques en Bogot\u00e1 y toda Colombia","og_description":"Disponemos de l\u00e1minas y material para embalajes de mercanc\u00edas, en diferentes tama\u00f1os y cantidades seg\u00fan las necesidades de cada uno de nuestros clientes. Cart\u00f3n Corrugado Single Face, Pl\u00e1stico Burbuja, Cinta Adhesiva, Zunchos, Grapas, L\u00e1minas de Cart\u00f3n y Guata (pl\u00e1stico espuma) puede adquirirlos con nosotros en cualquier cantidad de acuerdo a sus necesidades.","og_url":"https:\/\/cartensa.com\/es\/cajas-de-carton\/laminas-y-materiales\/","og_site_name":"Cartensa","article_modified_time":"2018-03-12T17:25:51+00:00","og_image":[{"width":500,"height":320,"url":"https:\/\/cartensa.com\/es\/wp-content\/uploads\/2018\/02\/cartensa-cajas-de-carton-laminas-y-material-para-embalajes.jpg","type":"image\/jpeg"}],"twitter_card":"summary_large_image","twitter_title":"L\u00e1minas y Materiales - Cajas de Cart\u00f3n | CARTENSA - Ingenier\u00eda en Empaques en Bogot\u00e1 y toda Colombia","twitter_description":"Disponemos de l\u00e1minas y material para embalajes de mercanc\u00edas, en diferentes tama\u00f1os y cantidades seg\u00fan las necesidades de cada uno de nuestros clientes. Cart\u00f3n Corrugado Single Face, Pl\u00e1stico Burbuja, Cinta Adhesiva, Zunchos, Grapas, L\u00e1minas de Cart\u00f3n y Guata (pl\u00e1stico espuma) puede adquirirlos con nosotros en cualquier cantidad de acuerdo a sus necesidades.","twitter_image":"https:\/\/cartensa.com\/es\/wp-content\/uploads\/2018\/02\/cartensa-cajas-de-carton-laminas-y-material-para-embalajes.jpg","schema":{"@context":"https:\/\/schema.org","@graph":[{"@type":"WebPage","@id":"https:\/\/cartensa.com\/es\/cajas-de-carton\/laminas-y-materiales\/","url":"https:\/\/cartensa.com\/es\/cajas-de-carton\/laminas-y-materiales\/","name":"L\u00e1minas y Materiales - Cajas de Cart\u00f3n | CARTENSA - Ingenier\u00eda en Empaques en Bogot\u00e1 y toda Colombia","isPartOf":{"@id":"https:\/\/cartensa.com\/es\/#website"},"primaryImageOfPage":{"@id":"https:\/\/cartensa.com\/es\/cajas-de-carton\/laminas-y-materiales\/#primaryimage"},"image":{"@id":"https:\/\/cartensa.com\/es\/cajas-de-carton\/laminas-y-materiales\/#primaryimage"},"thumbnailUrl":"https:\/\/cartensa.com\/es\/wp-content\/uploads\/2018\/02\/cartensa-cajas-de-carton-laminas-y-material-para-embalajes.jpg","datePublished":"2017-12-06T14:57:07+00:00","dateModified":"2018-03-12T17:25:51+00:00","description":"Disponemos de l\u00e1minas y material para embalajes de mercanc\u00edas, en diferentes tama\u00f1os y cantidades seg\u00fan las necesidades de cada uno de nuestros clientes. Cart\u00f3n Corrugado Single Face, Pl\u00e1stico Burbuja, Cinta Adhesiva, Zunchos, Grapas, L\u00e1minas de Cart\u00f3n y Guata (pl\u00e1stico espuma) puede adquirirlos con nosotros en cualquier cantidad de acuerdo a sus necesidades.","breadcrumb":{"@id":"https:\/\/cartensa.com\/es\/cajas-de-carton\/laminas-y-materiales\/#breadcrumb"},"inLanguage":"es","potentialAction":[{"@type":"ReadAction","target":["https:\/\/cartensa.com\/es\/cajas-de-carton\/laminas-y-materiales\/"]}]},{"@type":"ImageObject","inLanguage":"es","@id":"https:\/\/cartensa.com\/es\/cajas-de-carton\/laminas-y-materiales\/#primaryimage","url":"https:\/\/cartensa.com\/es\/wp-content\/uploads\/2018\/02\/cartensa-cajas-de-carton-laminas-y-material-para-embalajes.jpg","contentUrl":"https:\/\/cartensa.com\/es\/wp-content\/uploads\/2018\/02\/cartensa-cajas-de-carton-laminas-y-material-para-embalajes.jpg","width":500,"height":320,"caption":"L\u00e1minas y Material para Embalajes \u2013 Cajas de Cart\u00f3n | CARTENSA"},{"@type":"BreadcrumbList","@id":"https:\/\/cartensa.com\/es\/cajas-de-carton\/laminas-y-materiales\/#breadcrumb","itemListElement":[{"@type":"ListItem","position":1,"name":"Portada","item":"https:\/\/cartensa.com\/es\/"},{"@type":"ListItem","position":2,"name":"Cajas de Cart\u00f3n","item":"https:\/\/cartensa.com\/es\/cajas-de-carton\/"},{"@type":"ListItem","position":3,"name":"Laminas y Materiales"}]},{"@type":"WebSite","@id":"https:\/\/cartensa.com\/es\/#website","url":"https:\/\/cartensa.com\/es\/","name":"Cartensa","description":"F\u00e1brica de Cajas de Cart\u00f3n en Barranquilla","potentialAction":[{"@type":"SearchAction","target":{"@type":"EntryPoint","urlTemplate":"https:\/\/cartensa.com\/es\/?s={search_term_string}"},"query-input":{"@type":"PropertyValueSpecification","valueRequired":true,"valueName":"search_term_string"}}],"inLanguage":"es"}]}},"_links":{"self":[{"href":"https:\/\/cartensa.com\/es\/wp-json\/wp\/v2\/pages\/279","targetHints":{"allow":["GET"]}}],"collection":[{"href":"https:\/\/cartensa.com\/es\/wp-json\/wp\/v2\/pages"}],"about":[{"href":"https:\/\/cartensa.com\/es\/wp-json\/wp\/v2\/types\/page"}],"author":[{"embeddable":true,"href":"https:\/\/cartensa.com\/es\/wp-json\/wp\/v2\/users\/1"}],"replies":[{"embeddable":true,"href":"https:\/\/cartensa.com\/es\/wp-json\/wp\/v2\/comments?post=279"}],"version-history":[{"count":9,"href":"https:\/\/cartensa.com\/es\/wp-json\/wp\/v2\/pages\/279\/revisions"}],"predecessor-version":[{"id":1124,"href":"https:\/\/cartensa.com\/es\/wp-json\/wp\/v2\/pages\/279\/revisions\/1124"}],"up":[{"embeddable":true,"href":"https:\/\/cartensa.com\/es\/wp-json\/wp\/v2\/pages\/11"}],"wp:featuredmedia":[{"embeddable":true,"href":"https:\/\/cartensa.com\/es\/wp-json\/wp\/v2\/media\/671"}],"wp:attachment":[{"href":"https:\/\/cartensa.com\/es\/wp-json\/wp\/v2\/media?parent=279"}],"curies":[{"name":"wp","href":"https:\/\/api.w.org\/{rel}","templated":true}]}}