{"id":281,"date":"2017-12-06T14:57:39","date_gmt":"2017-12-06T14:57:39","guid":{"rendered":"https:\/\/cartensa.com\/es\/?page_id=281"},"modified":"2018-03-12T17:26:05","modified_gmt":"2018-03-12T17:26:05","slug":"bolsas-de-papel","status":"publish","type":"page","link":"https:\/\/cartensa.com\/es\/cajas-especiales\/bolsas-de-papel\/","title":{"rendered":"Bolsas de Papel"},"content":{"rendered":"<div id=\"row-migas-de-pan\">\n<div class=\"col-md-12\">\n<nav id=\"box-migas-pan\">\n            <a href=\"https:\/\/cartensa.com\/es\/\" class=\"pri-mp\" title=\"Inicio\">Inicio<\/a><br \/>\n            <span class=\"fle-mp\"><i class=\"material-icons\">chevron_right<\/i><\/span><br \/>\n            <a href=\"https:\/\/cartensa.com\/es\/cajas-de-carton\/\" class=\"pri-mp\" title=\"Cajas de Cart\u00f3n\">Cajas de Cart\u00f3n<\/a><br \/>\n            <span class=\"fle-mp\"><i class=\"material-icons\">chevron_right<\/i><\/span><br \/>\n            <span class=\"actual-mp\">Bolsas de Papel<\/span><br \/>\n        <\/nav>\n<\/p><\/div>\n<\/div>\n<div id=\"row-titulo-paginas\">\n<div class=\"col-md-12\">\n<section>\n<h2 class=\"titulo-h2\">Bolsas de Papel<\/h2>\n<p>Fabricamos bolsas de papel en diferentes tama\u00f1os y con excelentes acabados.<\/p>\n<\/section><\/div>\n<\/div>\n<section id=\"row-paginas-especificas\">\n<article id=\"box-izq-rpe\">\n<nav>\n            <a data-fancybox=\"galeria\" data-caption=\"Bolsas de Papel | Cajas Especiales - CARTENSA\" href=\"https:\/\/cartensa.com\/es\/wp-content\/uploads\/2018\/02\/cartensa-cajas-especiales-bolsas-de-papel-001.jpg\" lang=\"es\" title=\"Bolsas de Papel | Cajas Especiales - CARTENSA\"><br \/>\n                <img decoding=\"async\" src=\"https:\/\/cartensa.com\/es\/wp-content\/uploads\/2018\/02\/cartensa-cajas-especiales-bolsas-de-papel.jpg\" alt=\"Bolsas de Papel | Cajas Especiales - CARTENSA\"><br \/>\n            <\/a><br \/>\n            <a data-fancybox=\"galeria\" data-caption=\"Bolsas de Papel | Cajas Especiales - CARTENSA\" href=\"https:\/\/cartensa.com\/es\/wp-content\/uploads\/2018\/02\/cartensa-cajas-especiales-bolsas-de-papel-002.jpg\" lang=\"es\" title=\"Bolsas de Papel | Cajas Especiales - CARTENSA\"><br \/>\n                <img decoding=\"async\" src=\"https:\/\/cartensa.com\/es\/wp-content\/uploads\/2018\/02\/cartensa-cajas-especiales-bolsas-de-papel-02.jpg\" alt=\"Bolsas de Papel | Cajas Especiales - CARTENSA\"><br \/>\n            <\/a><br \/>\n            <a data-fancybox=\"galeria\" data-caption=\"Bolsas de Papel | Cajas Especiales - CARTENSA\" href=\"https:\/\/cartensa.com\/es\/wp-content\/uploads\/2018\/02\/cartensa-cajas-especiales-bolsas-de-papel-003.jpg\" lang=\"es\" title=\"Bolsas de Papel | Cajas Especiales - CARTENSA\"><br \/>\n                <img decoding=\"async\" src=\"https:\/\/cartensa.com\/es\/wp-content\/uploads\/2018\/02\/cartensa-cajas-especiales-bolsas-de-papel-03.jpg\" alt=\"Bolsas de Papel | Cajas Especiales - CARTENSA\"><br \/>\n            <\/a><br \/>\n        <\/nav>\n<\/article>\n<article id=\"box-der-rpe\" class=\"rpe-14\">\n        <a id=\"to-cta\" lang=\"es\" title=\"Cont\u00e1ctenos\" href=\"https:\/\/cartensa.com\/es\/contactenos\/\"><br \/>\n            <i class=\"material-icons\">email<\/i> Cont\u00e1ctenos para m\u00e1s informaci\u00f3n del producto<br \/>\n        <\/a><br \/>\n    <\/article>\n<\/section>\n","protected":false},"excerpt":{"rendered":"<p>Inicio chevron_right Cajas de Cart\u00f3n chevron_right Bolsas de Papel Bolsas de Papel Fabricamos bolsas de papel en diferentes tama\u00f1os y con excelentes acabados. email Cont\u00e1ctenos para m\u00e1s informaci\u00f3n del producto<\/p>\n","protected":false},"author":1,"featured_media":684,"parent":141,"menu_order":0,"comment_status":"closed","ping_status":"closed","template":"","meta":{"_joinchat":[],"footnotes":""},"class_list":["post-281","page","type-page","status-publish","has-post-thumbnail","hentry"],"yoast_head":"<!-- This site is optimized with the Yoast SEO plugin v27.4 - https:\/\/yoast.com\/product\/yoast-seo-wordpress\/ -->\n<title>Bolsas de Papel - Cajas Especiales | CARTENSA - Ingenier\u00eda en Empaques en Bogot\u00e1 y toda Colombia<\/title>\n<meta name=\"description\" content=\"Fabricamos bolsas de papel en diferentes tama\u00f1os y con excelentes acabados.\" \/>\n<meta name=\"robots\" content=\"index, follow, max-snippet:-1, max-image-preview:large, max-video-preview:-1\" \/>\n<link rel=\"canonical\" href=\"https:\/\/cartensa.com\/es\/cajas-especiales\/bolsas-de-papel\/\" \/>\n<meta property=\"og:locale\" content=\"es_ES\" \/>\n<meta property=\"og:type\" content=\"article\" \/>\n<meta property=\"og:title\" content=\"Bolsas de Papel - Cajas Especiales | CARTENSA - Ingenier\u00eda en Empaques en Bogot\u00e1 y toda Colombia\" \/>\n<meta property=\"og:description\" content=\"Fabricamos bolsas de papel en diferentes tama\u00f1os y con excelentes acabados.\" \/>\n<meta property=\"og:url\" content=\"https:\/\/cartensa.com\/es\/cajas-especiales\/bolsas-de-papel\/\" \/>\n<meta property=\"og:site_name\" content=\"Cartensa\" \/>\n<meta property=\"article:modified_time\" content=\"2018-03-12T17:26:05+00:00\" \/>\n<meta property=\"og:image\" content=\"https:\/\/cartensa.com\/es\/wp-content\/uploads\/2018\/02\/cartensa-cajas-especiales-bolsas-de-papel.jpg\" \/>\n\t<meta property=\"og:image:width\" content=\"500\" \/>\n\t<meta property=\"og:image:height\" content=\"320\" \/>\n\t<meta property=\"og:image:type\" content=\"image\/jpeg\" \/>\n<meta name=\"twitter:card\" content=\"summary_large_image\" \/>\n<meta name=\"twitter:title\" content=\"Bolsas de Papel - Cajas Especiales | CARTENSA - Ingenier\u00eda en Empaques en Bogot\u00e1 y toda Colombia\" \/>\n<meta name=\"twitter:description\" content=\"Fabricamos bolsas de papel en diferentes tama\u00f1os y con excelentes acabados.\" \/>\n<meta name=\"twitter:image\" content=\"https:\/\/cartensa.com\/es\/wp-content\/uploads\/2018\/02\/cartensa-cajas-especiales-bolsas-de-papel.jpg\" \/>\n<script type=\"application\/ld+json\" class=\"yoast-schema-graph\">{\"@context\":\"https:\\\/\\\/schema.org\",\"@graph\":[{\"@type\":\"WebPage\",\"@id\":\"https:\\\/\\\/cartensa.com\\\/es\\\/cajas-especiales\\\/bolsas-de-papel\\\/\",\"url\":\"https:\\\/\\\/cartensa.com\\\/es\\\/cajas-especiales\\\/bolsas-de-papel\\\/\",\"name\":\"Bolsas de Papel - Cajas Especiales | CARTENSA - Ingenier\u00eda en Empaques en Bogot\u00e1 y toda Colombia\",\"isPartOf\":{\"@id\":\"https:\\\/\\\/cartensa.com\\\/es\\\/#website\"},\"primaryImageOfPage\":{\"@id\":\"https:\\\/\\\/cartensa.com\\\/es\\\/cajas-especiales\\\/bolsas-de-papel\\\/#primaryimage\"},\"image\":{\"@id\":\"https:\\\/\\\/cartensa.com\\\/es\\\/cajas-especiales\\\/bolsas-de-papel\\\/#primaryimage\"},\"thumbnailUrl\":\"https:\\\/\\\/cartensa.com\\\/es\\\/wp-content\\\/uploads\\\/2018\\\/02\\\/cartensa-cajas-especiales-bolsas-de-papel.jpg\",\"datePublished\":\"2017-12-06T14:57:39+00:00\",\"dateModified\":\"2018-03-12T17:26:05+00:00\",\"description\":\"Fabricamos bolsas de papel en diferentes tama\u00f1os y con excelentes acabados.\",\"breadcrumb\":{\"@id\":\"https:\\\/\\\/cartensa.com\\\/es\\\/cajas-especiales\\\/bolsas-de-papel\\\/#breadcrumb\"},\"inLanguage\":\"es\",\"potentialAction\":[{\"@type\":\"ReadAction\",\"target\":[\"https:\\\/\\\/cartensa.com\\\/es\\\/cajas-especiales\\\/bolsas-de-papel\\\/\"]}]},{\"@type\":\"ImageObject\",\"inLanguage\":\"es\",\"@id\":\"https:\\\/\\\/cartensa.com\\\/es\\\/cajas-especiales\\\/bolsas-de-papel\\\/#primaryimage\",\"url\":\"https:\\\/\\\/cartensa.com\\\/es\\\/wp-content\\\/uploads\\\/2018\\\/02\\\/cartensa-cajas-especiales-bolsas-de-papel.jpg\",\"contentUrl\":\"https:\\\/\\\/cartensa.com\\\/es\\\/wp-content\\\/uploads\\\/2018\\\/02\\\/cartensa-cajas-especiales-bolsas-de-papel.jpg\",\"width\":500,\"height\":320,\"caption\":\"Bolsas de Papel \u2013 Cajas Especiales | CARTENSA\"},{\"@type\":\"BreadcrumbList\",\"@id\":\"https:\\\/\\\/cartensa.com\\\/es\\\/cajas-especiales\\\/bolsas-de-papel\\\/#breadcrumb\",\"itemListElement\":[{\"@type\":\"ListItem\",\"position\":1,\"name\":\"Portada\",\"item\":\"https:\\\/\\\/cartensa.com\\\/es\\\/\"},{\"@type\":\"ListItem\",\"position\":2,\"name\":\"Cajas Especiales\",\"item\":\"https:\\\/\\\/cartensa.com\\\/es\\\/cajas-especiales\\\/\"},{\"@type\":\"ListItem\",\"position\":3,\"name\":\"Bolsas de Papel\"}]},{\"@type\":\"WebSite\",\"@id\":\"https:\\\/\\\/cartensa.com\\\/es\\\/#website\",\"url\":\"https:\\\/\\\/cartensa.com\\\/es\\\/\",\"name\":\"Cartensa\",\"description\":\"F\u00e1brica de Cajas de Cart\u00f3n en Barranquilla\",\"potentialAction\":[{\"@type\":\"SearchAction\",\"target\":{\"@type\":\"EntryPoint\",\"urlTemplate\":\"https:\\\/\\\/cartensa.com\\\/es\\\/?s={search_term_string}\"},\"query-input\":{\"@type\":\"PropertyValueSpecification\",\"valueRequired\":true,\"valueName\":\"search_term_string\"}}],\"inLanguage\":\"es\"}]}<\/script>\n<!-- \/ Yoast SEO plugin. -->","yoast_head_json":{"title":"Bolsas de Papel - Cajas Especiales | CARTENSA - Ingenier\u00eda en Empaques en Bogot\u00e1 y toda Colombia","description":"Fabricamos bolsas de papel en diferentes tama\u00f1os y con excelentes acabados.","robots":{"index":"index","follow":"follow","max-snippet":"max-snippet:-1","max-image-preview":"max-image-preview:large","max-video-preview":"max-video-preview:-1"},"canonical":"https:\/\/cartensa.com\/es\/cajas-especiales\/bolsas-de-papel\/","og_locale":"es_ES","og_type":"article","og_title":"Bolsas de Papel - Cajas Especiales | CARTENSA - Ingenier\u00eda en Empaques en Bogot\u00e1 y toda Colombia","og_description":"Fabricamos bolsas de papel en diferentes tama\u00f1os y con excelentes acabados.","og_url":"https:\/\/cartensa.com\/es\/cajas-especiales\/bolsas-de-papel\/","og_site_name":"Cartensa","article_modified_time":"2018-03-12T17:26:05+00:00","og_image":[{"width":500,"height":320,"url":"https:\/\/cartensa.com\/es\/wp-content\/uploads\/2018\/02\/cartensa-cajas-especiales-bolsas-de-papel.jpg","type":"image\/jpeg"}],"twitter_card":"summary_large_image","twitter_title":"Bolsas de Papel - Cajas Especiales | CARTENSA - Ingenier\u00eda en Empaques en Bogot\u00e1 y toda Colombia","twitter_description":"Fabricamos bolsas de papel en diferentes tama\u00f1os y con excelentes acabados.","twitter_image":"https:\/\/cartensa.com\/es\/wp-content\/uploads\/2018\/02\/cartensa-cajas-especiales-bolsas-de-papel.jpg","schema":{"@context":"https:\/\/schema.org","@graph":[{"@type":"WebPage","@id":"https:\/\/cartensa.com\/es\/cajas-especiales\/bolsas-de-papel\/","url":"https:\/\/cartensa.com\/es\/cajas-especiales\/bolsas-de-papel\/","name":"Bolsas de Papel - Cajas Especiales | CARTENSA - Ingenier\u00eda en Empaques en Bogot\u00e1 y toda Colombia","isPartOf":{"@id":"https:\/\/cartensa.com\/es\/#website"},"primaryImageOfPage":{"@id":"https:\/\/cartensa.com\/es\/cajas-especiales\/bolsas-de-papel\/#primaryimage"},"image":{"@id":"https:\/\/cartensa.com\/es\/cajas-especiales\/bolsas-de-papel\/#primaryimage"},"thumbnailUrl":"https:\/\/cartensa.com\/es\/wp-content\/uploads\/2018\/02\/cartensa-cajas-especiales-bolsas-de-papel.jpg","datePublished":"2017-12-06T14:57:39+00:00","dateModified":"2018-03-12T17:26:05+00:00","description":"Fabricamos bolsas de papel en diferentes tama\u00f1os y con excelentes acabados.","breadcrumb":{"@id":"https:\/\/cartensa.com\/es\/cajas-especiales\/bolsas-de-papel\/#breadcrumb"},"inLanguage":"es","potentialAction":[{"@type":"ReadAction","target":["https:\/\/cartensa.com\/es\/cajas-especiales\/bolsas-de-papel\/"]}]},{"@type":"ImageObject","inLanguage":"es","@id":"https:\/\/cartensa.com\/es\/cajas-especiales\/bolsas-de-papel\/#primaryimage","url":"https:\/\/cartensa.com\/es\/wp-content\/uploads\/2018\/02\/cartensa-cajas-especiales-bolsas-de-papel.jpg","contentUrl":"https:\/\/cartensa.com\/es\/wp-content\/uploads\/2018\/02\/cartensa-cajas-especiales-bolsas-de-papel.jpg","width":500,"height":320,"caption":"Bolsas de Papel \u2013 Cajas Especiales | CARTENSA"},{"@type":"BreadcrumbList","@id":"https:\/\/cartensa.com\/es\/cajas-especiales\/bolsas-de-papel\/#breadcrumb","itemListElement":[{"@type":"ListItem","position":1,"name":"Portada","item":"https:\/\/cartensa.com\/es\/"},{"@type":"ListItem","position":2,"name":"Cajas Especiales","item":"https:\/\/cartensa.com\/es\/cajas-especiales\/"},{"@type":"ListItem","position":3,"name":"Bolsas de Papel"}]},{"@type":"WebSite","@id":"https:\/\/cartensa.com\/es\/#website","url":"https:\/\/cartensa.com\/es\/","name":"Cartensa","description":"F\u00e1brica de Cajas de Cart\u00f3n en Barranquilla","potentialAction":[{"@type":"SearchAction","target":{"@type":"EntryPoint","urlTemplate":"https:\/\/cartensa.com\/es\/?s={search_term_string}"},"query-input":{"@type":"PropertyValueSpecification","valueRequired":true,"valueName":"search_term_string"}}],"inLanguage":"es"}]}},"_links":{"self":[{"href":"https:\/\/cartensa.com\/es\/wp-json\/wp\/v2\/pages\/281","targetHints":{"allow":["GET"]}}],"collection":[{"href":"https:\/\/cartensa.com\/es\/wp-json\/wp\/v2\/pages"}],"about":[{"href":"https:\/\/cartensa.com\/es\/wp-json\/wp\/v2\/types\/page"}],"author":[{"embeddable":true,"href":"https:\/\/cartensa.com\/es\/wp-json\/wp\/v2\/users\/1"}],"replies":[{"embeddable":true,"href":"https:\/\/cartensa.com\/es\/wp-json\/wp\/v2\/comments?post=281"}],"version-history":[{"count":7,"href":"https:\/\/cartensa.com\/es\/wp-json\/wp\/v2\/pages\/281\/revisions"}],"predecessor-version":[{"id":1126,"href":"https:\/\/cartensa.com\/es\/wp-json\/wp\/v2\/pages\/281\/revisions\/1126"}],"up":[{"embeddable":true,"href":"https:\/\/cartensa.com\/es\/wp-json\/wp\/v2\/pages\/141"}],"wp:featuredmedia":[{"embeddable":true,"href":"https:\/\/cartensa.com\/es\/wp-json\/wp\/v2\/media\/684"}],"wp:attachment":[{"href":"https:\/\/cartensa.com\/es\/wp-json\/wp\/v2\/media?parent=281"}],"curies":[{"name":"wp","href":"https:\/\/api.w.org\/{rel}","templated":true}]}}