{"id":3263,"date":"2025-12-07T16:25:33","date_gmt":"2025-12-07T16:25:33","guid":{"rendered":"https:\/\/cartensa.com\/es\/?page_id=3263"},"modified":"2025-12-07T16:25:41","modified_gmt":"2025-12-07T16:25:41","slug":"cajas-de-carton-regular","status":"publish","type":"page","link":"https:\/\/cartensa.com\/es\/cajas-de-carton\/cajas-de-carton-regular\/","title":{"rendered":"Cajas de Cart\u00f3n Regular"},"content":{"rendered":"\t\t<div data-elementor-type=\"wp-page\" data-elementor-id=\"3263\" class=\"elementor elementor-3263\">\n\t\t\t\t<div class=\"elementor-element elementor-element-420d4996 e-flex e-con-boxed e-con e-parent\" data-id=\"420d4996\" data-element_type=\"container\" data-e-type=\"container\" data-settings=\"{&quot;background_background&quot;:&quot;classic&quot;}\">\n\t\t\t\t\t<div class=\"e-con-inner\">\n\t\t<div class=\"elementor-element elementor-element-0a82b02 e-con-full e-flex e-con e-child\" data-id=\"0a82b02\" data-element_type=\"container\" data-e-type=\"container\">\n\t\t\t\t<div class=\"elementor-element elementor-element-66246bd0 elementor-widget elementor-widget-heading\" data-id=\"66246bd0\" data-element_type=\"widget\" data-e-type=\"widget\" data-widget_type=\"heading.default\">\n\t\t\t\t<div class=\"elementor-widget-container\">\n\t\t\t\t\t<h5 class=\"elementor-heading-title elementor-size-default\"><a href=\"https:\/\/cartensa.com\/es\/\">Inicio<\/a><\/h5>\t\t\t\t<\/div>\n\t\t\t\t<\/div>\n\t\t\t\t<div class=\"elementor-element elementor-element-137392e elementor-widget elementor-widget-heading\" data-id=\"137392e\" data-element_type=\"widget\" data-e-type=\"widget\" data-widget_type=\"heading.default\">\n\t\t\t\t<div class=\"elementor-widget-container\">\n\t\t\t\t\t<h5 class=\"elementor-heading-title elementor-size-default\">\/<\/h5>\t\t\t\t<\/div>\n\t\t\t\t<\/div>\n\t\t\t\t<div class=\"elementor-element elementor-element-ef3e6f1 elementor-widget elementor-widget-heading\" data-id=\"ef3e6f1\" data-element_type=\"widget\" data-e-type=\"widget\" data-widget_type=\"heading.default\">\n\t\t\t\t<div class=\"elementor-widget-container\">\n\t\t\t\t\t<h3 class=\"elementor-heading-title elementor-size-default\">Cajas de Cart\u00f3n<\/h3>\t\t\t\t<\/div>\n\t\t\t\t<\/div>\n\t\t\t\t<\/div>\n\t\t\t\t<div class=\"elementor-element elementor-element-6af9ea49 elementor-widget elementor-widget-heading\" data-id=\"6af9ea49\" data-element_type=\"widget\" data-e-type=\"widget\" data-widget_type=\"heading.default\">\n\t\t\t\t<div class=\"elementor-widget-container\">\n\t\t\t\t\t<h2 class=\"elementor-heading-title elementor-size-default\">Cajas de Cart\u00f3n<\/h2>\t\t\t\t<\/div>\n\t\t\t\t<\/div>\n\t\t\t\t<div class=\"elementor-element elementor-element-2df52758 elementor-widget elementor-widget-text-editor\" data-id=\"2df52758\" data-element_type=\"widget\" data-e-type=\"widget\" data-widget_type=\"text-editor.default\">\n\t\t\t\t<div class=\"elementor-widget-container\">\n\t\t\t\t\t\t\t\t\t<p>Conozca toda la variedad de Cajas de Cart\u00f3n que ofrecemos como soluciones a sus necesidades en proyectos comerciales y empresariales.<\/p>\t\t\t\t\t\t\t\t<\/div>\n\t\t\t\t<\/div>\n\t\t\t\t\t<\/div>\n\t\t\t\t<\/div>\n\t\t<div class=\"elementor-element elementor-element-4b94b0a6 e-flex e-con-boxed e-con e-parent\" data-id=\"4b94b0a6\" data-element_type=\"container\" data-e-type=\"container\">\n\t\t\t\t\t<div class=\"e-con-inner\">\n\t\t\t\t<div class=\"elementor-element elementor-element-9db65a0 elementor-position-top elementor-widget elementor-widget-image-box\" data-id=\"9db65a0\" data-element_type=\"widget\" data-e-type=\"widget\" data-widget_type=\"image-box.default\">\n\t\t\t\t<div class=\"elementor-widget-container\">\n\t\t\t\t\t<div class=\"elementor-image-box-wrapper\"><figure class=\"elementor-image-box-img\"><a href=\"https:\/\/cartensa.com\/es\/cajas-de-carton\/cajas-para-archivos\/\" tabindex=\"-1\"><img fetchpriority=\"high\" decoding=\"async\" width=\"354\" height=\"385\" src=\"https:\/\/cartensa.com\/es\/wp-content\/uploads\/2025\/12\/cartensa-004.png\" class=\"attachment-full size-full wp-image-2995\" alt=\"\" srcset=\"https:\/\/cartensa.com\/es\/wp-content\/uploads\/2025\/12\/cartensa-004.png 354w, https:\/\/cartensa.com\/es\/wp-content\/uploads\/2025\/12\/cartensa-004-276x300.png 276w\" sizes=\"(max-width: 354px) 100vw, 354px\" \/><\/a><\/figure><div class=\"elementor-image-box-content\"><h3 class=\"elementor-image-box-title\"><a href=\"https:\/\/cartensa.com\/es\/cajas-de-carton\/cajas-para-archivos\/\">Cajas para Archivos<\/a><\/h3><\/div><\/div>\t\t\t\t<\/div>\n\t\t\t\t<\/div>\n\t\t\t\t<div class=\"elementor-element elementor-element-3a911d22 elementor-position-top elementor-widget elementor-widget-image-box\" data-id=\"3a911d22\" data-element_type=\"widget\" data-e-type=\"widget\" data-widget_type=\"image-box.default\">\n\t\t\t\t<div class=\"elementor-widget-container\">\n\t\t\t\t\t<div class=\"elementor-image-box-wrapper\"><figure class=\"elementor-image-box-img\"><a href=\"https:\/\/cartensa.com\/es\/cajas-de-carton\/cajas-para-pizza\/\" tabindex=\"-1\"><img fetchpriority=\"high\" decoding=\"async\" width=\"354\" height=\"385\" src=\"https:\/\/cartensa.com\/es\/wp-content\/uploads\/2025\/12\/cartensa-004.png\" class=\"attachment-full size-full wp-image-2995\" alt=\"\" srcset=\"https:\/\/cartensa.com\/es\/wp-content\/uploads\/2025\/12\/cartensa-004.png 354w, https:\/\/cartensa.com\/es\/wp-content\/uploads\/2025\/12\/cartensa-004-276x300.png 276w\" sizes=\"(max-width: 354px) 100vw, 354px\" \/><\/a><\/figure><div class=\"elementor-image-box-content\"><h3 class=\"elementor-image-box-title\"><a href=\"https:\/\/cartensa.com\/es\/cajas-de-carton\/cajas-para-pizza\/\">Cajas para Pizza<\/a><\/h3><\/div><\/div>\t\t\t\t<\/div>\n\t\t\t\t<\/div>\n\t\t\t\t<div class=\"elementor-element elementor-element-13d79de5 elementor-position-top elementor-widget elementor-widget-image-box\" data-id=\"13d79de5\" data-element_type=\"widget\" data-e-type=\"widget\" data-widget_type=\"image-box.default\">\n\t\t\t\t<div class=\"elementor-widget-container\">\n\t\t\t\t\t<div class=\"elementor-image-box-wrapper\"><figure class=\"elementor-image-box-img\"><a href=\"https:\/\/cartensa.com\/es\/cajas-de-carton\/cajas-para-envios\/\" tabindex=\"-1\"><img fetchpriority=\"high\" decoding=\"async\" width=\"354\" height=\"385\" src=\"https:\/\/cartensa.com\/es\/wp-content\/uploads\/2025\/12\/cartensa-004.png\" class=\"attachment-full size-full wp-image-2995\" alt=\"\" srcset=\"https:\/\/cartensa.com\/es\/wp-content\/uploads\/2025\/12\/cartensa-004.png 354w, https:\/\/cartensa.com\/es\/wp-content\/uploads\/2025\/12\/cartensa-004-276x300.png 276w\" sizes=\"(max-width: 354px) 100vw, 354px\" \/><\/a><\/figure><div class=\"elementor-image-box-content\"><h3 class=\"elementor-image-box-title\"><a href=\"https:\/\/cartensa.com\/es\/cajas-de-carton\/cajas-para-envios\/\">Cajas para Env\u00edos<\/a><\/h3><\/div><\/div>\t\t\t\t<\/div>\n\t\t\t\t<\/div>\n\t\t\t\t<div class=\"elementor-element elementor-element-ab1da2e elementor-position-top elementor-widget elementor-widget-image-box\" data-id=\"ab1da2e\" data-element_type=\"widget\" data-e-type=\"widget\" data-widget_type=\"image-box.default\">\n\t\t\t\t<div class=\"elementor-widget-container\">\n\t\t\t\t\t<div class=\"elementor-image-box-wrapper\"><figure class=\"elementor-image-box-img\"><a href=\"https:\/\/cartensa.com\/es\/cajas-de-carton\/cajas-para-exportacion\/\" tabindex=\"-1\"><img fetchpriority=\"high\" decoding=\"async\" width=\"354\" height=\"385\" src=\"https:\/\/cartensa.com\/es\/wp-content\/uploads\/2025\/12\/cartensa-004.png\" class=\"attachment-full size-full wp-image-2995\" alt=\"\" srcset=\"https:\/\/cartensa.com\/es\/wp-content\/uploads\/2025\/12\/cartensa-004.png 354w, https:\/\/cartensa.com\/es\/wp-content\/uploads\/2025\/12\/cartensa-004-276x300.png 276w\" sizes=\"(max-width: 354px) 100vw, 354px\" \/><\/a><\/figure><div class=\"elementor-image-box-content\"><h3 class=\"elementor-image-box-title\"><a href=\"https:\/\/cartensa.com\/es\/cajas-de-carton\/cajas-para-exportacion\/\">Cajas Exportaci\u00f3n<\/a><\/h3><\/div><\/div>\t\t\t\t<\/div>\n\t\t\t\t<\/div>\n\t\t\t\t\t<\/div>\n\t\t\t\t<\/div>\n\t\t<div class=\"elementor-element elementor-element-4329522 e-flex e-con-boxed e-con e-parent\" data-id=\"4329522\" data-element_type=\"container\" data-e-type=\"container\">\n\t\t\t\t\t<div class=\"e-con-inner\">\n\t\t\t\t<div class=\"elementor-element elementor-element-c28abea elementor-position-top elementor-widget elementor-widget-image-box\" data-id=\"c28abea\" data-element_type=\"widget\" data-e-type=\"widget\" data-widget_type=\"image-box.default\">\n\t\t\t\t<div class=\"elementor-widget-container\">\n\t\t\t\t\t<div class=\"elementor-image-box-wrapper\"><figure class=\"elementor-image-box-img\"><a href=\"https:\/\/cartensa.com\/es\/cajas-de-carton\/cajas-para-cupcakes\/\" tabindex=\"-1\"><img fetchpriority=\"high\" decoding=\"async\" width=\"354\" height=\"385\" src=\"https:\/\/cartensa.com\/es\/wp-content\/uploads\/2025\/12\/cartensa-004.png\" class=\"attachment-full size-full wp-image-2995\" alt=\"\" srcset=\"https:\/\/cartensa.com\/es\/wp-content\/uploads\/2025\/12\/cartensa-004.png 354w, https:\/\/cartensa.com\/es\/wp-content\/uploads\/2025\/12\/cartensa-004-276x300.png 276w\" sizes=\"(max-width: 354px) 100vw, 354px\" \/><\/a><\/figure><div class=\"elementor-image-box-content\"><h3 class=\"elementor-image-box-title\"><a href=\"https:\/\/cartensa.com\/es\/cajas-de-carton\/cajas-para-cupcakes\/\">Cajas para Cupcakes<\/a><\/h3><\/div><\/div>\t\t\t\t<\/div>\n\t\t\t\t<\/div>\n\t\t\t\t<div class=\"elementor-element elementor-element-c98f969 elementor-position-top elementor-widget elementor-widget-image-box\" data-id=\"c98f969\" data-element_type=\"widget\" data-e-type=\"widget\" data-widget_type=\"image-box.default\">\n\t\t\t\t<div class=\"elementor-widget-container\">\n\t\t\t\t\t<div class=\"elementor-image-box-wrapper\"><figure class=\"elementor-image-box-img\"><a href=\"https:\/\/cartensa.com\/es\/cajas-de-carton\/cajas-para-tortas\/\" tabindex=\"-1\"><img fetchpriority=\"high\" decoding=\"async\" width=\"354\" height=\"385\" src=\"https:\/\/cartensa.com\/es\/wp-content\/uploads\/2025\/12\/cartensa-004.png\" class=\"attachment-full size-full wp-image-2995\" alt=\"\" srcset=\"https:\/\/cartensa.com\/es\/wp-content\/uploads\/2025\/12\/cartensa-004.png 354w, https:\/\/cartensa.com\/es\/wp-content\/uploads\/2025\/12\/cartensa-004-276x300.png 276w\" sizes=\"(max-width: 354px) 100vw, 354px\" \/><\/a><\/figure><div class=\"elementor-image-box-content\"><h3 class=\"elementor-image-box-title\"><a href=\"https:\/\/cartensa.com\/es\/cajas-de-carton\/cajas-para-tortas\/\">Cajas para Tortas<\/a><\/h3><\/div><\/div>\t\t\t\t<\/div>\n\t\t\t\t<\/div>\n\t\t\t\t<div class=\"elementor-element elementor-element-0e4dde0 elementor-position-top elementor-widget elementor-widget-image-box\" data-id=\"0e4dde0\" data-element_type=\"widget\" data-e-type=\"widget\" data-widget_type=\"image-box.default\">\n\t\t\t\t<div class=\"elementor-widget-container\">\n\t\t\t\t\t<div class=\"elementor-image-box-wrapper\"><figure class=\"elementor-image-box-img\"><a href=\"https:\/\/cartensa.com\/es\/cajas-de-carton\/cajas-para-zapatos\/\" tabindex=\"-1\"><img fetchpriority=\"high\" decoding=\"async\" width=\"354\" height=\"385\" src=\"https:\/\/cartensa.com\/es\/wp-content\/uploads\/2025\/12\/cartensa-004.png\" class=\"attachment-full size-full wp-image-2995\" alt=\"\" srcset=\"https:\/\/cartensa.com\/es\/wp-content\/uploads\/2025\/12\/cartensa-004.png 354w, https:\/\/cartensa.com\/es\/wp-content\/uploads\/2025\/12\/cartensa-004-276x300.png 276w\" sizes=\"(max-width: 354px) 100vw, 354px\" \/><\/a><\/figure><div class=\"elementor-image-box-content\"><h3 class=\"elementor-image-box-title\"><a href=\"https:\/\/cartensa.com\/es\/cajas-de-carton\/cajas-para-zapatos\/\">Cajas para Zapatos<\/a><\/h3><\/div><\/div>\t\t\t\t<\/div>\n\t\t\t\t<\/div>\n\t\t\t\t<div class=\"elementor-element elementor-element-297d47d elementor-position-top elementor-widget elementor-widget-image-box\" data-id=\"297d47d\" data-element_type=\"widget\" data-e-type=\"widget\" data-widget_type=\"image-box.default\">\n\t\t\t\t<div class=\"elementor-widget-container\">\n\t\t\t\t\t<div class=\"elementor-image-box-wrapper\"><figure class=\"elementor-image-box-img\"><a href=\"https:\/\/cartensa.com\/es\/cajas-de-carton\/cajas-sobre-medidas\/\" tabindex=\"-1\"><img fetchpriority=\"high\" decoding=\"async\" width=\"354\" height=\"385\" src=\"https:\/\/cartensa.com\/es\/wp-content\/uploads\/2025\/12\/cartensa-004.png\" class=\"attachment-full size-full wp-image-2995\" alt=\"\" srcset=\"https:\/\/cartensa.com\/es\/wp-content\/uploads\/2025\/12\/cartensa-004.png 354w, https:\/\/cartensa.com\/es\/wp-content\/uploads\/2025\/12\/cartensa-004-276x300.png 276w\" sizes=\"(max-width: 354px) 100vw, 354px\" \/><\/a><\/figure><div class=\"elementor-image-box-content\"><h3 class=\"elementor-image-box-title\"><a href=\"https:\/\/cartensa.com\/es\/cajas-de-carton\/cajas-sobre-medidas\/\">Cajas sobre Medidas<\/a><\/h3><\/div><\/div>\t\t\t\t<\/div>\n\t\t\t\t<\/div>\n\t\t\t\t\t<\/div>\n\t\t\t\t<\/div>\n\t\t\t\t<\/div>\n\t\t","protected":false},"excerpt":{"rendered":"<p>Inicio \/ Cajas de Cart\u00f3n Cajas de Cart\u00f3n Conozca toda la variedad de Cajas de Cart\u00f3n que ofrecemos como soluciones a sus necesidades en proyectos comerciales y empresariales. Cajas para Archivos Cajas para Pizza Cajas para Env\u00edos Cajas Exportaci\u00f3n Cajas para Cupcakes Cajas para Tortas Cajas para Zapatos Cajas sobre Medidas<\/p>\n","protected":false},"author":1,"featured_media":602,"parent":11,"menu_order":0,"comment_status":"closed","ping_status":"closed","template":"","meta":{"_joinchat":[],"footnotes":""},"class_list":["post-3263","page","type-page","status-publish","has-post-thumbnail","hentry"],"yoast_head":"<!-- This site is optimized with the Yoast SEO plugin v27.4 - https:\/\/yoast.com\/product\/yoast-seo-wordpress\/ -->\n<title>Cajas de Cart\u00f3n | F\u00e1brica de Cajas de Cart\u00f3n en Barranquilla<\/title>\n<meta name=\"description\" content=\"Cajas de Cart\u00f3n Regular, Cajas de Pizza, Cajas para Fruta, Cajas para Archivo X300 \u00a1Mejor Precio! 200 Und Medell\u00edn Barranquilla Cali Cotiza\" \/>\n<meta name=\"robots\" content=\"index, follow, max-snippet:-1, max-image-preview:large, max-video-preview:-1\" \/>\n<link rel=\"canonical\" href=\"https:\/\/cartensa.com\/es\/cajas-de-carton\/cajas-de-carton-regular\/\" \/>\n<meta property=\"og:locale\" content=\"es_ES\" \/>\n<meta property=\"og:type\" content=\"article\" \/>\n<meta property=\"og:title\" content=\"Cajas de Cart\u00f3n | CARTENSA - Ingenier\u00eda en Empaques en Colombia\" \/>\n<meta property=\"og:description\" content=\"Conozca toda la variedad de Cajas de Cart\u00f3n que ofrecemos como soluciones a sus necesidades en proyectos comerciales y empresariales.\" \/>\n<meta property=\"og:url\" content=\"https:\/\/cartensa.com\/es\/cajas-de-carton\/cajas-de-carton-regular\/\" \/>\n<meta property=\"og:site_name\" content=\"Cartensa\" \/>\n<meta property=\"article:modified_time\" content=\"2025-12-07T16:25:41+00:00\" \/>\n<meta property=\"og:image\" content=\"https:\/\/cartensa.com\/es\/wp-content\/uploads\/2018\/01\/cartensa-cajas-de-carton-cajas-para-envios.jpg\" \/>\n\t<meta property=\"og:image:width\" content=\"500\" \/>\n\t<meta property=\"og:image:height\" content=\"320\" \/>\n\t<meta property=\"og:image:type\" content=\"image\/jpeg\" \/>\n<meta name=\"twitter:card\" content=\"summary_large_image\" \/>\n<meta name=\"twitter:title\" content=\"Cajas de Cart\u00f3n | CARTENSA - Ingenier\u00eda en Empaques en Colombia\" \/>\n<meta name=\"twitter:description\" content=\"Conozca toda la variedad de Cajas de Cart\u00f3n que ofrecemos como soluciones a sus necesidades en proyectos comerciales y empresariales.\" \/>\n<meta name=\"twitter:image\" content=\"https:\/\/cartensa.com\/es\/wp-content\/uploads\/2018\/01\/cartensa-cajas-de-carton-cajas-para-envios.jpg\" \/>\n<meta name=\"twitter:label1\" content=\"Tiempo de lectura\" \/>\n\t<meta name=\"twitter:data1\" content=\"3 minutos\" \/>\n<script type=\"application\/ld+json\" class=\"yoast-schema-graph\">{\"@context\":\"https:\\\/\\\/schema.org\",\"@graph\":[{\"@type\":\"WebPage\",\"@id\":\"https:\\\/\\\/cartensa.com\\\/es\\\/cajas-de-carton\\\/cajas-de-carton-regular\\\/\",\"url\":\"https:\\\/\\\/cartensa.com\\\/es\\\/cajas-de-carton\\\/cajas-de-carton-regular\\\/\",\"name\":\"Cajas de Cart\u00f3n | F\u00e1brica de Cajas de Cart\u00f3n en Barranquilla\",\"isPartOf\":{\"@id\":\"https:\\\/\\\/cartensa.com\\\/es\\\/#website\"},\"primaryImageOfPage\":{\"@id\":\"https:\\\/\\\/cartensa.com\\\/es\\\/cajas-de-carton\\\/cajas-de-carton-regular\\\/#primaryimage\"},\"image\":{\"@id\":\"https:\\\/\\\/cartensa.com\\\/es\\\/cajas-de-carton\\\/cajas-de-carton-regular\\\/#primaryimage\"},\"thumbnailUrl\":\"https:\\\/\\\/cartensa.com\\\/es\\\/wp-content\\\/uploads\\\/2018\\\/01\\\/cartensa-cajas-de-carton-cajas-para-envios.jpg\",\"datePublished\":\"2025-12-07T16:25:33+00:00\",\"dateModified\":\"2025-12-07T16:25:41+00:00\",\"description\":\"Cajas de Cart\u00f3n Regular, Cajas de Pizza, Cajas para Fruta, Cajas para Archivo X300 \u00a1Mejor Precio! 200 Und Medell\u00edn Barranquilla Cali Cotiza\",\"breadcrumb\":{\"@id\":\"https:\\\/\\\/cartensa.com\\\/es\\\/cajas-de-carton\\\/cajas-de-carton-regular\\\/#breadcrumb\"},\"inLanguage\":\"es\",\"potentialAction\":[{\"@type\":\"ReadAction\",\"target\":[\"https:\\\/\\\/cartensa.com\\\/es\\\/cajas-de-carton\\\/cajas-de-carton-regular\\\/\"]}]},{\"@type\":\"ImageObject\",\"inLanguage\":\"es\",\"@id\":\"https:\\\/\\\/cartensa.com\\\/es\\\/cajas-de-carton\\\/cajas-de-carton-regular\\\/#primaryimage\",\"url\":\"https:\\\/\\\/cartensa.com\\\/es\\\/wp-content\\\/uploads\\\/2018\\\/01\\\/cartensa-cajas-de-carton-cajas-para-envios.jpg\",\"contentUrl\":\"https:\\\/\\\/cartensa.com\\\/es\\\/wp-content\\\/uploads\\\/2018\\\/01\\\/cartensa-cajas-de-carton-cajas-para-envios.jpg\",\"width\":500,\"height\":320,\"caption\":\"Cajas para Env\u00edos \u2013 Cajas de Cart\u00f3n | CARTENSA\"},{\"@type\":\"BreadcrumbList\",\"@id\":\"https:\\\/\\\/cartensa.com\\\/es\\\/cajas-de-carton\\\/cajas-de-carton-regular\\\/#breadcrumb\",\"itemListElement\":[{\"@type\":\"ListItem\",\"position\":1,\"name\":\"Portada\",\"item\":\"https:\\\/\\\/cartensa.com\\\/es\\\/\"},{\"@type\":\"ListItem\",\"position\":2,\"name\":\"Cajas de Cart\u00f3n\",\"item\":\"https:\\\/\\\/cartensa.com\\\/es\\\/cajas-de-carton\\\/\"},{\"@type\":\"ListItem\",\"position\":3,\"name\":\"Cajas de Cart\u00f3n Regular\"}]},{\"@type\":\"WebSite\",\"@id\":\"https:\\\/\\\/cartensa.com\\\/es\\\/#website\",\"url\":\"https:\\\/\\\/cartensa.com\\\/es\\\/\",\"name\":\"Cartensa\",\"description\":\"F\u00e1brica de Cajas de Cart\u00f3n en Barranquilla\",\"potentialAction\":[{\"@type\":\"SearchAction\",\"target\":{\"@type\":\"EntryPoint\",\"urlTemplate\":\"https:\\\/\\\/cartensa.com\\\/es\\\/?s={search_term_string}\"},\"query-input\":{\"@type\":\"PropertyValueSpecification\",\"valueRequired\":true,\"valueName\":\"search_term_string\"}}],\"inLanguage\":\"es\"}]}<\/script>\n<!-- \/ Yoast SEO plugin. -->","yoast_head_json":{"title":"Cajas de Cart\u00f3n | F\u00e1brica de Cajas de Cart\u00f3n en Barranquilla","description":"Cajas de Cart\u00f3n Regular, Cajas de Pizza, Cajas para Fruta, Cajas para Archivo X300 \u00a1Mejor Precio! 200 Und Medell\u00edn Barranquilla Cali Cotiza","robots":{"index":"index","follow":"follow","max-snippet":"max-snippet:-1","max-image-preview":"max-image-preview:large","max-video-preview":"max-video-preview:-1"},"canonical":"https:\/\/cartensa.com\/es\/cajas-de-carton\/cajas-de-carton-regular\/","og_locale":"es_ES","og_type":"article","og_title":"Cajas de Cart\u00f3n | CARTENSA - Ingenier\u00eda en Empaques en Colombia","og_description":"Conozca toda la variedad de Cajas de Cart\u00f3n que ofrecemos como soluciones a sus necesidades en proyectos comerciales y empresariales.","og_url":"https:\/\/cartensa.com\/es\/cajas-de-carton\/cajas-de-carton-regular\/","og_site_name":"Cartensa","article_modified_time":"2025-12-07T16:25:41+00:00","og_image":[{"width":500,"height":320,"url":"https:\/\/cartensa.com\/es\/wp-content\/uploads\/2018\/01\/cartensa-cajas-de-carton-cajas-para-envios.jpg","type":"image\/jpeg"}],"twitter_card":"summary_large_image","twitter_title":"Cajas de Cart\u00f3n | CARTENSA - Ingenier\u00eda en Empaques en Colombia","twitter_description":"Conozca toda la variedad de Cajas de Cart\u00f3n que ofrecemos como soluciones a sus necesidades en proyectos comerciales y empresariales.","twitter_image":"https:\/\/cartensa.com\/es\/wp-content\/uploads\/2018\/01\/cartensa-cajas-de-carton-cajas-para-envios.jpg","twitter_misc":{"Tiempo de lectura":"3 minutos"},"schema":{"@context":"https:\/\/schema.org","@graph":[{"@type":"WebPage","@id":"https:\/\/cartensa.com\/es\/cajas-de-carton\/cajas-de-carton-regular\/","url":"https:\/\/cartensa.com\/es\/cajas-de-carton\/cajas-de-carton-regular\/","name":"Cajas de Cart\u00f3n | F\u00e1brica de Cajas de Cart\u00f3n en Barranquilla","isPartOf":{"@id":"https:\/\/cartensa.com\/es\/#website"},"primaryImageOfPage":{"@id":"https:\/\/cartensa.com\/es\/cajas-de-carton\/cajas-de-carton-regular\/#primaryimage"},"image":{"@id":"https:\/\/cartensa.com\/es\/cajas-de-carton\/cajas-de-carton-regular\/#primaryimage"},"thumbnailUrl":"https:\/\/cartensa.com\/es\/wp-content\/uploads\/2018\/01\/cartensa-cajas-de-carton-cajas-para-envios.jpg","datePublished":"2025-12-07T16:25:33+00:00","dateModified":"2025-12-07T16:25:41+00:00","description":"Cajas de Cart\u00f3n Regular, Cajas de Pizza, Cajas para Fruta, Cajas para Archivo X300 \u00a1Mejor Precio! 200 Und Medell\u00edn Barranquilla Cali Cotiza","breadcrumb":{"@id":"https:\/\/cartensa.com\/es\/cajas-de-carton\/cajas-de-carton-regular\/#breadcrumb"},"inLanguage":"es","potentialAction":[{"@type":"ReadAction","target":["https:\/\/cartensa.com\/es\/cajas-de-carton\/cajas-de-carton-regular\/"]}]},{"@type":"ImageObject","inLanguage":"es","@id":"https:\/\/cartensa.com\/es\/cajas-de-carton\/cajas-de-carton-regular\/#primaryimage","url":"https:\/\/cartensa.com\/es\/wp-content\/uploads\/2018\/01\/cartensa-cajas-de-carton-cajas-para-envios.jpg","contentUrl":"https:\/\/cartensa.com\/es\/wp-content\/uploads\/2018\/01\/cartensa-cajas-de-carton-cajas-para-envios.jpg","width":500,"height":320,"caption":"Cajas para Env\u00edos \u2013 Cajas de Cart\u00f3n | CARTENSA"},{"@type":"BreadcrumbList","@id":"https:\/\/cartensa.com\/es\/cajas-de-carton\/cajas-de-carton-regular\/#breadcrumb","itemListElement":[{"@type":"ListItem","position":1,"name":"Portada","item":"https:\/\/cartensa.com\/es\/"},{"@type":"ListItem","position":2,"name":"Cajas de Cart\u00f3n","item":"https:\/\/cartensa.com\/es\/cajas-de-carton\/"},{"@type":"ListItem","position":3,"name":"Cajas de Cart\u00f3n Regular"}]},{"@type":"WebSite","@id":"https:\/\/cartensa.com\/es\/#website","url":"https:\/\/cartensa.com\/es\/","name":"Cartensa","description":"F\u00e1brica de Cajas de Cart\u00f3n en Barranquilla","potentialAction":[{"@type":"SearchAction","target":{"@type":"EntryPoint","urlTemplate":"https:\/\/cartensa.com\/es\/?s={search_term_string}"},"query-input":{"@type":"PropertyValueSpecification","valueRequired":true,"valueName":"search_term_string"}}],"inLanguage":"es"}]}},"_links":{"self":[{"href":"https:\/\/cartensa.com\/es\/wp-json\/wp\/v2\/pages\/3263","targetHints":{"allow":["GET"]}}],"collection":[{"href":"https:\/\/cartensa.com\/es\/wp-json\/wp\/v2\/pages"}],"about":[{"href":"https:\/\/cartensa.com\/es\/wp-json\/wp\/v2\/types\/page"}],"author":[{"embeddable":true,"href":"https:\/\/cartensa.com\/es\/wp-json\/wp\/v2\/users\/1"}],"replies":[{"embeddable":true,"href":"https:\/\/cartensa.com\/es\/wp-json\/wp\/v2\/comments?post=3263"}],"version-history":[{"count":1,"href":"https:\/\/cartensa.com\/es\/wp-json\/wp\/v2\/pages\/3263\/revisions"}],"predecessor-version":[{"id":3264,"href":"https:\/\/cartensa.com\/es\/wp-json\/wp\/v2\/pages\/3263\/revisions\/3264"}],"up":[{"embeddable":true,"href":"https:\/\/cartensa.com\/es\/wp-json\/wp\/v2\/pages\/11"}],"wp:featuredmedia":[{"embeddable":true,"href":"https:\/\/cartensa.com\/es\/wp-json\/wp\/v2\/media\/602"}],"wp:attachment":[{"href":"https:\/\/cartensa.com\/es\/wp-json\/wp\/v2\/media?parent=3263"}],"curies":[{"name":"wp","href":"https:\/\/api.w.org\/{rel}","templated":true}]}}