{"id":60,"date":"2017-07-18T00:30:52","date_gmt":"2017-07-18T00:30:52","guid":{"rendered":"https:\/\/cartensa.com\/es\/?page_id=60"},"modified":"2025-12-07T05:23:52","modified_gmt":"2025-12-07T05:23:52","slug":"servicios-especializados","status":"publish","type":"page","link":"https:\/\/cartensa.com\/es\/servicios-especializados\/","title":{"rendered":"Servicios Especializados"},"content":{"rendered":"<div id=\"row-migas-de-pan\">\n<div class=\"col-md-12\">\n<nav id=\"box-migas-pan\">\n            <a href=\"https:\/\/cartensa.com\/es\/\" class=\"pri-mp\" title=\"Inicio\">Inicio<\/a><br \/>\n            <span class=\"fle-mp\"><i class=\"material-icons\">chevron_right<\/i><\/span><br \/>\n            <span class=\"actual-mp\">Innovaci\u00f3n en Empaques<\/span><br \/>\n        <\/nav>\n<\/p><\/div>\n<\/div>\n<div id=\"row-titulo-paginas\">\n<div class=\"col-md-12\">\n<section>\n<h2 class=\"titulo-h2\">Innovaci\u00f3n en Empaques<\/h2>\n<p>Producimos empaques de alta calidad, dise\u00f1os altamente personalizados seg\u00fan las marcas y necesidades de nuestros clientes.<\/p>\n<\/section><\/div>\n<\/div>\n<section id=\"row-soluciones-internas\">\n    <a href=\"https:\/\/cartensa.com\/es\/innovacion-en-empaques\/diseno-de-empaques\/\" lang=\"es\" title=\"Dise\u00f1o de Empaques\" id=\"box-iee-01\"><br \/>\n        <span class=\"txt-box-soluciones\">Dise\u00f1o de Empaques<\/span><\/p>\n<div class=\"box-cover-soluciones\"><\/div>\n<p>    <\/a><br \/>\n    <a href=\"https:\/\/cartensa.com\/es\/innovacion-en-empaques\/desarrollo-de-empaques\/\" lang=\"es\" title=\"Desarrollo de Empaques\" id=\"box-iee-02\"><br \/>\n        <span class=\"txt-box-soluciones\">Desarrollo de Empaques<\/span><\/p>\n<div class=\"box-cover-soluciones\"><\/div>\n<p>    <\/a><br \/>\n    <a href=\"https:\/\/cartensa.com\/es\/innovacion-en-empaques\/ingenieria-de-empaques\/\" lang=\"es\" title=\"Ingenier\u00eda de Empaques\" id=\"box-iee-03\"><br \/>\n        <span class=\"txt-box-soluciones\">Ingenier\u00eda de Empaques<\/span><\/p>\n<div class=\"box-cover-soluciones\"><\/div>\n<p>    <\/a><br \/>\n    <a href=\"https:\/\/cartensa.com\/es\/innovacion-en-empaques\/impacto-eco-social\/\" lang=\"es\" title=\"Impacto Eco Social\" id=\"box-iee-04\"><br \/>\n        <span class=\"txt-box-soluciones\">Impacto Eco Social<\/span><\/p>\n<div class=\"box-cover-soluciones\"><\/div>\n<p>    <\/a><br \/>\n    <a href=\"https:\/\/cartensa.com\/es\/innovacion-en-empaques\/mobiliario-en-carton\/\" lang=\"es\" title=\"Mobiliario en Cart\u00f3n\" id=\"box-iee-05\"><br \/>\n        <span class=\"txt-box-soluciones\">Mobiliario en Cart\u00f3n<\/span><\/p>\n<div class=\"box-cover-soluciones\"><\/div>\n<p>    <\/a><br \/>\n    <a href=\"https:\/\/cartensa.com\/es\/innovacion-en-empaques\/nuevos-productos-cartensa\/\" lang=\"es\" title=\"Nuevos Productos Cartensa\" id=\"box-iee-06\"><br \/>\n        <span class=\"txt-box-soluciones\">Nuevos Productos Cartensa<\/span><\/p>\n<div class=\"box-cover-soluciones\"><\/div>\n<p>    <\/a><br \/>\n    <a href=\"https:\/\/cartensa.com\/es\/innovacion-en-empaques\/nuevos-materiales-empaques\/\" lang=\"es\" title=\"Nuevos Materiales para Empaques\" id=\"box-iee-07\"><br \/>\n        <span class=\"txt-box-soluciones\">Nuevos Materiales para Empaques<\/span><\/p>\n<div class=\"box-cover-soluciones\"><\/div>\n<p>    <\/a><br \/>\n<\/section>\n","protected":false},"excerpt":{"rendered":"<p>Inicio chevron_right Innovaci\u00f3n en Empaques Innovaci\u00f3n en Empaques Producimos empaques de alta calidad, dise\u00f1os altamente personalizados seg\u00fan las marcas y necesidades de nuestros clientes. Dise\u00f1o de Empaques Desarrollo de Empaques Ingenier\u00eda de Empaques Impacto Eco Social Mobiliario en Cart\u00f3n Nuevos Productos Cartensa Nuevos Materiales para Empaques<\/p>\n","protected":false},"author":1,"featured_media":0,"parent":0,"menu_order":0,"comment_status":"closed","ping_status":"closed","template":"","meta":{"_joinchat":[],"footnotes":""},"class_list":["post-60","page","type-page","status-publish","hentry"],"yoast_head":"<!-- This site is optimized with the Yoast SEO plugin v27.4 - https:\/\/yoast.com\/product\/yoast-seo-wordpress\/ -->\n<title>Innovaci\u00f3n en Empaques | CARTENSA - Ingenier\u00eda en Empaques en Bogot\u00e1 y toda Colombia<\/title>\n<meta name=\"description\" content=\"Producimos empaques de alta calidad, dise\u00f1os altamente personalizados seg\u00fan las marcas y necesidades de nuestros clientes.\" \/>\n<meta name=\"robots\" content=\"index, follow, max-snippet:-1, max-image-preview:large, max-video-preview:-1\" \/>\n<link rel=\"canonical\" href=\"https:\/\/cartensa.com\/es\/servicios-especializados\/\" \/>\n<meta property=\"og:locale\" content=\"es_ES\" \/>\n<meta property=\"og:type\" content=\"article\" \/>\n<meta property=\"og:title\" content=\"Innovaci\u00f3n en Empaques | CARTENSA - Ingenier\u00eda en Empaques en Bogot\u00e1 y toda Colombia\" \/>\n<meta property=\"og:description\" content=\"Producimos empaques de alta calidad, dise\u00f1os altamente personalizados seg\u00fan las marcas y necesidades de nuestros clientes.\" \/>\n<meta property=\"og:url\" content=\"https:\/\/cartensa.com\/es\/servicios-especializados\/\" \/>\n<meta property=\"og:site_name\" content=\"Cartensa\" \/>\n<meta property=\"article:modified_time\" content=\"2025-12-07T05:23:52+00:00\" \/>\n<meta name=\"twitter:card\" content=\"summary_large_image\" \/>\n<meta name=\"twitter:title\" content=\"Innovaci\u00f3n en Empaques | CARTENSA - Ingenier\u00eda en Empaques en Bogot\u00e1 y toda Colombia\" \/>\n<meta name=\"twitter:description\" content=\"Producimos empaques de alta calidad, dise\u00f1os altamente personalizados seg\u00fan las marcas y necesidades de nuestros clientes.\" \/>\n<script type=\"application\/ld+json\" class=\"yoast-schema-graph\">{\"@context\":\"https:\\\/\\\/schema.org\",\"@graph\":[{\"@type\":\"WebPage\",\"@id\":\"https:\\\/\\\/cartensa.com\\\/es\\\/servicios-especializados\\\/\",\"url\":\"https:\\\/\\\/cartensa.com\\\/es\\\/servicios-especializados\\\/\",\"name\":\"Innovaci\u00f3n en Empaques | CARTENSA - Ingenier\u00eda en Empaques en Bogot\u00e1 y toda Colombia\",\"isPartOf\":{\"@id\":\"https:\\\/\\\/cartensa.com\\\/es\\\/#website\"},\"datePublished\":\"2017-07-18T00:30:52+00:00\",\"dateModified\":\"2025-12-07T05:23:52+00:00\",\"description\":\"Producimos empaques de alta calidad, dise\u00f1os altamente personalizados seg\u00fan las marcas y necesidades de nuestros clientes.\",\"breadcrumb\":{\"@id\":\"https:\\\/\\\/cartensa.com\\\/es\\\/servicios-especializados\\\/#breadcrumb\"},\"inLanguage\":\"es\",\"potentialAction\":[{\"@type\":\"ReadAction\",\"target\":[\"https:\\\/\\\/cartensa.com\\\/es\\\/servicios-especializados\\\/\"]}]},{\"@type\":\"BreadcrumbList\",\"@id\":\"https:\\\/\\\/cartensa.com\\\/es\\\/servicios-especializados\\\/#breadcrumb\",\"itemListElement\":[{\"@type\":\"ListItem\",\"position\":1,\"name\":\"Portada\",\"item\":\"https:\\\/\\\/cartensa.com\\\/es\\\/\"},{\"@type\":\"ListItem\",\"position\":2,\"name\":\"Servicios Especializados\"}]},{\"@type\":\"WebSite\",\"@id\":\"https:\\\/\\\/cartensa.com\\\/es\\\/#website\",\"url\":\"https:\\\/\\\/cartensa.com\\\/es\\\/\",\"name\":\"Cartensa\",\"description\":\"F\u00e1brica de Cajas de Cart\u00f3n en Barranquilla\",\"potentialAction\":[{\"@type\":\"SearchAction\",\"target\":{\"@type\":\"EntryPoint\",\"urlTemplate\":\"https:\\\/\\\/cartensa.com\\\/es\\\/?s={search_term_string}\"},\"query-input\":{\"@type\":\"PropertyValueSpecification\",\"valueRequired\":true,\"valueName\":\"search_term_string\"}}],\"inLanguage\":\"es\"}]}<\/script>\n<!-- \/ Yoast SEO plugin. -->","yoast_head_json":{"title":"Innovaci\u00f3n en Empaques | CARTENSA - Ingenier\u00eda en Empaques en Bogot\u00e1 y toda Colombia","description":"Producimos empaques de alta calidad, dise\u00f1os altamente personalizados seg\u00fan las marcas y necesidades de nuestros clientes.","robots":{"index":"index","follow":"follow","max-snippet":"max-snippet:-1","max-image-preview":"max-image-preview:large","max-video-preview":"max-video-preview:-1"},"canonical":"https:\/\/cartensa.com\/es\/servicios-especializados\/","og_locale":"es_ES","og_type":"article","og_title":"Innovaci\u00f3n en Empaques | CARTENSA - Ingenier\u00eda en Empaques en Bogot\u00e1 y toda Colombia","og_description":"Producimos empaques de alta calidad, dise\u00f1os altamente personalizados seg\u00fan las marcas y necesidades de nuestros clientes.","og_url":"https:\/\/cartensa.com\/es\/servicios-especializados\/","og_site_name":"Cartensa","article_modified_time":"2025-12-07T05:23:52+00:00","twitter_card":"summary_large_image","twitter_title":"Innovaci\u00f3n en Empaques | CARTENSA - Ingenier\u00eda en Empaques en Bogot\u00e1 y toda Colombia","twitter_description":"Producimos empaques de alta calidad, dise\u00f1os altamente personalizados seg\u00fan las marcas y necesidades de nuestros clientes.","schema":{"@context":"https:\/\/schema.org","@graph":[{"@type":"WebPage","@id":"https:\/\/cartensa.com\/es\/servicios-especializados\/","url":"https:\/\/cartensa.com\/es\/servicios-especializados\/","name":"Innovaci\u00f3n en Empaques | CARTENSA - Ingenier\u00eda en Empaques en Bogot\u00e1 y toda Colombia","isPartOf":{"@id":"https:\/\/cartensa.com\/es\/#website"},"datePublished":"2017-07-18T00:30:52+00:00","dateModified":"2025-12-07T05:23:52+00:00","description":"Producimos empaques de alta calidad, dise\u00f1os altamente personalizados seg\u00fan las marcas y necesidades de nuestros clientes.","breadcrumb":{"@id":"https:\/\/cartensa.com\/es\/servicios-especializados\/#breadcrumb"},"inLanguage":"es","potentialAction":[{"@type":"ReadAction","target":["https:\/\/cartensa.com\/es\/servicios-especializados\/"]}]},{"@type":"BreadcrumbList","@id":"https:\/\/cartensa.com\/es\/servicios-especializados\/#breadcrumb","itemListElement":[{"@type":"ListItem","position":1,"name":"Portada","item":"https:\/\/cartensa.com\/es\/"},{"@type":"ListItem","position":2,"name":"Servicios Especializados"}]},{"@type":"WebSite","@id":"https:\/\/cartensa.com\/es\/#website","url":"https:\/\/cartensa.com\/es\/","name":"Cartensa","description":"F\u00e1brica de Cajas de Cart\u00f3n en Barranquilla","potentialAction":[{"@type":"SearchAction","target":{"@type":"EntryPoint","urlTemplate":"https:\/\/cartensa.com\/es\/?s={search_term_string}"},"query-input":{"@type":"PropertyValueSpecification","valueRequired":true,"valueName":"search_term_string"}}],"inLanguage":"es"}]}},"_links":{"self":[{"href":"https:\/\/cartensa.com\/es\/wp-json\/wp\/v2\/pages\/60","targetHints":{"allow":["GET"]}}],"collection":[{"href":"https:\/\/cartensa.com\/es\/wp-json\/wp\/v2\/pages"}],"about":[{"href":"https:\/\/cartensa.com\/es\/wp-json\/wp\/v2\/types\/page"}],"author":[{"embeddable":true,"href":"https:\/\/cartensa.com\/es\/wp-json\/wp\/v2\/users\/1"}],"replies":[{"embeddable":true,"href":"https:\/\/cartensa.com\/es\/wp-json\/wp\/v2\/comments?post=60"}],"version-history":[{"count":11,"href":"https:\/\/cartensa.com\/es\/wp-json\/wp\/v2\/pages\/60\/revisions"}],"predecessor-version":[{"id":3073,"href":"https:\/\/cartensa.com\/es\/wp-json\/wp\/v2\/pages\/60\/revisions\/3073"}],"wp:attachment":[{"href":"https:\/\/cartensa.com\/es\/wp-json\/wp\/v2\/media?parent=60"}],"curies":[{"name":"wp","href":"https:\/\/api.w.org\/{rel}","templated":true}]}}