{"id":68,"date":"2017-07-18T00:38:02","date_gmt":"2017-07-18T00:38:02","guid":{"rendered":"https:\/\/cartensa.com\/es\/?page_id=68"},"modified":"2018-03-12T17:34:58","modified_gmt":"2018-03-12T17:34:58","slug":"trayectoria-y-experiencia","status":"publish","type":"page","link":"https:\/\/cartensa.com\/es\/cartensa\/trayectoria-y-experiencia\/","title":{"rendered":"Trayectoria y Experiencia"},"content":{"rendered":"<div id=\"row-migas-de-pan\">\n<div class=\"col-md-12\">\n<nav id=\"box-migas-pan\">\n            <a href=\"https:\/\/cartensa.com\/es\/\" class=\"pri-mp\" title=\"Inicio\">Inicio<\/a><br \/>\n            <span class=\"fle-mp\"><i class=\"material-icons\">chevron_right<\/i><\/span><br \/>\n            <a href=\"https:\/\/cartensa.com\/es\/cartensa\/\" class=\"pri-mp\" title=\"Cartensa\">Cartensa<\/a><br \/>\n            <span class=\"fle-mp\"><i class=\"material-icons\">chevron_right<\/i><\/span><br \/>\n            <span class=\"actual-mp\">Trayectoria y Experiencia<\/span><br \/>\n        <\/nav>\n<\/p><\/div>\n<\/div>\n<div id=\"row-titulo-paginas\">\n<div class=\"col-md-12\">\n<section>\n<h2 class=\"titulo-h2\">Trayectoria y Experiencia<\/h2>\n<p>En Cartensa somos una empresa altamente innovadora y con amplia experiencia y en el mundo de los empaques y productos en cart\u00f3n.<\/p>\n<\/section><\/div>\n<\/div>\n<section id=\"row-paginas-especificas\">\n<article id=\"box-izq-rpe\">\n<nav>\n            <a data-fancybox=\"galeria\" data-caption=\"Ingenier\u00eda de Empaques | Empaques - CARTENSA\" href=\"https:\/\/cartensa.com\/es\/wp-content\/uploads\/2018\/02\/cartensa-empaques-ingenieria-en-empaques.jpg\" lang=\"es\" title=\"Ingenier\u00eda de Empaques | Empaques - CARTENSA\"><br \/>\n                <img decoding=\"async\" src=\"https:\/\/cartensa.com\/es\/wp-content\/uploads\/2018\/02\/cartensa-empaques-ingenieria-en-empaques-000.jpg\" alt=\"Ingenier\u00eda de Empaques | Empaques - CARTENSA\"><br \/>\n            <\/a><br \/>\n             <a data-fancybox=\"galeria\" data-caption=\"Ingenier\u00eda de Empaques | Empaques - CARTENSA\" href=\"https:\/\/cartensa.com\/es\/wp-content\/uploads\/2018\/01\/cartensa-soluciones-01.jpg\" lang=\"es\" title=\"Ingenier\u00eda de Empaques | Empaques - CARTENSA\"><br \/>\n                <img decoding=\"async\" src=\"https:\/\/cartensa.com\/es\/wp-content\/uploads\/2018\/02\/cartensa-empaques-ingenieria-en-empaques-001-1.jpg\" alt=\"Ingenier\u00eda de Empaques | Empaques - CARTENSA\"><br \/>\n            <\/a><br \/>\n             <a data-fancybox=\"galeria\" data-caption=\"Ingenier\u00eda de Empaques | Empaques - CARTENSA\" href=\"https:\/\/cartensa.com\/es\/wp-content\/uploads\/2018\/02\/cartensa-empaques-ingenieria-en-empaques-02.jpg\" lang=\"es\" title=\"Ingenier\u00eda de Empaques | Empaques - CARTENSA\"><br \/>\n                <img decoding=\"async\" src=\"https:\/\/cartensa.com\/es\/wp-content\/uploads\/2018\/02\/cartensa-empaques-ingenieria-en-empaques-002-1.jpg\" alt=\"Ingenier\u00eda de Empaques | Empaques - CARTENSA\"><br \/>\n            <\/a><br \/>\n            <a data-fancybox=\"galeria\" data-caption=\"Ingenier\u00eda de Empaques | Empaques - CARTENSA\" href=\"https:\/\/cartensa.com\/es\/wp-content\/uploads\/2018\/02\/cartensa-empaques-ingenieria-en-empaques-03.jpg\" lang=\"es\" title=\"Ingenier\u00eda de Empaques | Empaques - CARTENSA\"><br \/>\n                <img decoding=\"async\" src=\"https:\/\/cartensa.com\/es\/wp-content\/uploads\/2018\/02\/cartensa-empaques-ingenieria-en-empaques-003-1.jpg\" alt=\"Ingenier\u00eda de Empaques | Empaques - CARTENSA\"><br \/>\n            <\/a><br \/>\n        <\/nav>\n<\/article>\n<article id=\"box-der-rpe\" class=\"rpe-27\">\n        <a id=\"to-cta\" lang=\"es\" title=\"Cont\u00e1ctenos\" href=\"https:\/\/cartensa.com\/es\/contactenos\/\"><br \/>\n            <i class=\"material-icons\">email<\/i> Cont\u00e1ctenos para m\u00e1s informaci\u00f3n del producto<br \/>\n        <\/a><br \/>\n    <\/article>\n<\/section>\n","protected":false},"excerpt":{"rendered":"<p>Inicio chevron_right Cartensa chevron_right Trayectoria y Experiencia Trayectoria y Experiencia En Cartensa somos una empresa altamente innovadora y con amplia experiencia y en el mundo de los empaques y productos en cart\u00f3n. email Cont\u00e1ctenos para m\u00e1s informaci\u00f3n del producto<\/p>\n","protected":false},"author":1,"featured_media":731,"parent":9,"menu_order":0,"comment_status":"closed","ping_status":"closed","template":"","meta":{"_joinchat":[],"footnotes":""},"class_list":["post-68","page","type-page","status-publish","has-post-thumbnail","hentry"],"yoast_head":"<!-- This site is optimized with the Yoast SEO plugin v27.4 - https:\/\/yoast.com\/product\/yoast-seo-wordpress\/ -->\n<title>Trayectoria y Experiencia | CARTENSA - Ingenier\u00eda en Empaques en Bogot\u00e1 y toda Colombia<\/title>\n<meta name=\"description\" content=\"En Cartensa somos una empresa altamente innovadora y con amplia experiencia y en el mundo de los empaques y productos en cart\u00f3n.\" \/>\n<meta name=\"robots\" content=\"index, follow, max-snippet:-1, max-image-preview:large, max-video-preview:-1\" \/>\n<link rel=\"canonical\" href=\"https:\/\/cartensa.com\/es\/cartensa\/trayectoria-y-experiencia\/\" \/>\n<meta property=\"og:locale\" content=\"es_ES\" \/>\n<meta property=\"og:type\" content=\"article\" \/>\n<meta property=\"og:title\" content=\"Trayectoria y Experiencia - Cartensa | CARTENSA - Ingenier\u00eda en Empaques en Bogot\u00e1 y toda Colombia\" \/>\n<meta property=\"og:description\" content=\"En Cartensa somos una empresa altamente innovadora y con amplia experiencia y en el mundo de los empaques y productos en cart\u00f3n.\" \/>\n<meta property=\"og:url\" content=\"https:\/\/cartensa.com\/es\/cartensa\/trayectoria-y-experiencia\/\" \/>\n<meta property=\"og:site_name\" content=\"Cartensa\" \/>\n<meta property=\"article:modified_time\" content=\"2018-03-12T17:34:58+00:00\" \/>\n<meta property=\"og:image\" content=\"https:\/\/cartensa.com\/es\/wp-content\/uploads\/2018\/02\/cartensa-premios-y-logros-01.jpg\" \/>\n\t<meta property=\"og:image:width\" content=\"960\" \/>\n\t<meta property=\"og:image:height\" content=\"500\" \/>\n\t<meta property=\"og:image:type\" content=\"image\/jpeg\" \/>\n<meta name=\"twitter:card\" content=\"summary_large_image\" \/>\n<meta name=\"twitter:title\" content=\"Trayectoria y Experiencia - Cartensa | CARTENSA - Ingenier\u00eda en Empaques en Bogot\u00e1 y toda Colombia\" \/>\n<meta name=\"twitter:description\" content=\"En Cartensa somos una empresa altamente innovadora y con amplia experiencia y en el mundo de los empaques y productos en cart\u00f3n.\" \/>\n<meta name=\"twitter:image\" content=\"https:\/\/cartensa.com\/es\/wp-content\/uploads\/2018\/02\/cartensa-premios-y-logros-01.jpg\" \/>\n<script type=\"application\/ld+json\" class=\"yoast-schema-graph\">{\"@context\":\"https:\\\/\\\/schema.org\",\"@graph\":[{\"@type\":\"WebPage\",\"@id\":\"https:\\\/\\\/cartensa.com\\\/es\\\/cartensa\\\/trayectoria-y-experiencia\\\/\",\"url\":\"https:\\\/\\\/cartensa.com\\\/es\\\/cartensa\\\/trayectoria-y-experiencia\\\/\",\"name\":\"Trayectoria y Experiencia | CARTENSA - Ingenier\u00eda en Empaques en Bogot\u00e1 y toda Colombia\",\"isPartOf\":{\"@id\":\"https:\\\/\\\/cartensa.com\\\/es\\\/#website\"},\"primaryImageOfPage\":{\"@id\":\"https:\\\/\\\/cartensa.com\\\/es\\\/cartensa\\\/trayectoria-y-experiencia\\\/#primaryimage\"},\"image\":{\"@id\":\"https:\\\/\\\/cartensa.com\\\/es\\\/cartensa\\\/trayectoria-y-experiencia\\\/#primaryimage\"},\"thumbnailUrl\":\"https:\\\/\\\/cartensa.com\\\/es\\\/wp-content\\\/uploads\\\/2018\\\/02\\\/cartensa-premios-y-logros-01.jpg\",\"datePublished\":\"2017-07-18T00:38:02+00:00\",\"dateModified\":\"2018-03-12T17:34:58+00:00\",\"description\":\"En Cartensa somos una empresa altamente innovadora y con amplia experiencia y en el mundo de los empaques y productos en cart\u00f3n.\",\"breadcrumb\":{\"@id\":\"https:\\\/\\\/cartensa.com\\\/es\\\/cartensa\\\/trayectoria-y-experiencia\\\/#breadcrumb\"},\"inLanguage\":\"es\",\"potentialAction\":[{\"@type\":\"ReadAction\",\"target\":[\"https:\\\/\\\/cartensa.com\\\/es\\\/cartensa\\\/trayectoria-y-experiencia\\\/\"]}]},{\"@type\":\"ImageObject\",\"inLanguage\":\"es\",\"@id\":\"https:\\\/\\\/cartensa.com\\\/es\\\/cartensa\\\/trayectoria-y-experiencia\\\/#primaryimage\",\"url\":\"https:\\\/\\\/cartensa.com\\\/es\\\/wp-content\\\/uploads\\\/2018\\\/02\\\/cartensa-premios-y-logros-01.jpg\",\"contentUrl\":\"https:\\\/\\\/cartensa.com\\\/es\\\/wp-content\\\/uploads\\\/2018\\\/02\\\/cartensa-premios-y-logros-01.jpg\",\"width\":960,\"height\":500,\"caption\":\"Premios y Logros | CARTENSA\"},{\"@type\":\"BreadcrumbList\",\"@id\":\"https:\\\/\\\/cartensa.com\\\/es\\\/cartensa\\\/trayectoria-y-experiencia\\\/#breadcrumb\",\"itemListElement\":[{\"@type\":\"ListItem\",\"position\":1,\"name\":\"Portada\",\"item\":\"https:\\\/\\\/cartensa.com\\\/es\\\/\"},{\"@type\":\"ListItem\",\"position\":2,\"name\":\"Cartensa\",\"item\":\"https:\\\/\\\/cartensa.com\\\/es\\\/cartensa\\\/\"},{\"@type\":\"ListItem\",\"position\":3,\"name\":\"Trayectoria y Experiencia\"}]},{\"@type\":\"WebSite\",\"@id\":\"https:\\\/\\\/cartensa.com\\\/es\\\/#website\",\"url\":\"https:\\\/\\\/cartensa.com\\\/es\\\/\",\"name\":\"Cartensa\",\"description\":\"F\u00e1brica de Cajas de Cart\u00f3n en Barranquilla\",\"potentialAction\":[{\"@type\":\"SearchAction\",\"target\":{\"@type\":\"EntryPoint\",\"urlTemplate\":\"https:\\\/\\\/cartensa.com\\\/es\\\/?s={search_term_string}\"},\"query-input\":{\"@type\":\"PropertyValueSpecification\",\"valueRequired\":true,\"valueName\":\"search_term_string\"}}],\"inLanguage\":\"es\"}]}<\/script>\n<!-- \/ Yoast SEO plugin. -->","yoast_head_json":{"title":"Trayectoria y Experiencia | CARTENSA - Ingenier\u00eda en Empaques en Bogot\u00e1 y toda Colombia","description":"En Cartensa somos una empresa altamente innovadora y con amplia experiencia y en el mundo de los empaques y productos en cart\u00f3n.","robots":{"index":"index","follow":"follow","max-snippet":"max-snippet:-1","max-image-preview":"max-image-preview:large","max-video-preview":"max-video-preview:-1"},"canonical":"https:\/\/cartensa.com\/es\/cartensa\/trayectoria-y-experiencia\/","og_locale":"es_ES","og_type":"article","og_title":"Trayectoria y Experiencia - Cartensa | CARTENSA - Ingenier\u00eda en Empaques en Bogot\u00e1 y toda Colombia","og_description":"En Cartensa somos una empresa altamente innovadora y con amplia experiencia y en el mundo de los empaques y productos en cart\u00f3n.","og_url":"https:\/\/cartensa.com\/es\/cartensa\/trayectoria-y-experiencia\/","og_site_name":"Cartensa","article_modified_time":"2018-03-12T17:34:58+00:00","og_image":[{"width":960,"height":500,"url":"https:\/\/cartensa.com\/es\/wp-content\/uploads\/2018\/02\/cartensa-premios-y-logros-01.jpg","type":"image\/jpeg"}],"twitter_card":"summary_large_image","twitter_title":"Trayectoria y Experiencia - Cartensa | CARTENSA - Ingenier\u00eda en Empaques en Bogot\u00e1 y toda Colombia","twitter_description":"En Cartensa somos una empresa altamente innovadora y con amplia experiencia y en el mundo de los empaques y productos en cart\u00f3n.","twitter_image":"https:\/\/cartensa.com\/es\/wp-content\/uploads\/2018\/02\/cartensa-premios-y-logros-01.jpg","schema":{"@context":"https:\/\/schema.org","@graph":[{"@type":"WebPage","@id":"https:\/\/cartensa.com\/es\/cartensa\/trayectoria-y-experiencia\/","url":"https:\/\/cartensa.com\/es\/cartensa\/trayectoria-y-experiencia\/","name":"Trayectoria y Experiencia | CARTENSA - Ingenier\u00eda en Empaques en Bogot\u00e1 y toda Colombia","isPartOf":{"@id":"https:\/\/cartensa.com\/es\/#website"},"primaryImageOfPage":{"@id":"https:\/\/cartensa.com\/es\/cartensa\/trayectoria-y-experiencia\/#primaryimage"},"image":{"@id":"https:\/\/cartensa.com\/es\/cartensa\/trayectoria-y-experiencia\/#primaryimage"},"thumbnailUrl":"https:\/\/cartensa.com\/es\/wp-content\/uploads\/2018\/02\/cartensa-premios-y-logros-01.jpg","datePublished":"2017-07-18T00:38:02+00:00","dateModified":"2018-03-12T17:34:58+00:00","description":"En Cartensa somos una empresa altamente innovadora y con amplia experiencia y en el mundo de los empaques y productos en cart\u00f3n.","breadcrumb":{"@id":"https:\/\/cartensa.com\/es\/cartensa\/trayectoria-y-experiencia\/#breadcrumb"},"inLanguage":"es","potentialAction":[{"@type":"ReadAction","target":["https:\/\/cartensa.com\/es\/cartensa\/trayectoria-y-experiencia\/"]}]},{"@type":"ImageObject","inLanguage":"es","@id":"https:\/\/cartensa.com\/es\/cartensa\/trayectoria-y-experiencia\/#primaryimage","url":"https:\/\/cartensa.com\/es\/wp-content\/uploads\/2018\/02\/cartensa-premios-y-logros-01.jpg","contentUrl":"https:\/\/cartensa.com\/es\/wp-content\/uploads\/2018\/02\/cartensa-premios-y-logros-01.jpg","width":960,"height":500,"caption":"Premios y Logros | CARTENSA"},{"@type":"BreadcrumbList","@id":"https:\/\/cartensa.com\/es\/cartensa\/trayectoria-y-experiencia\/#breadcrumb","itemListElement":[{"@type":"ListItem","position":1,"name":"Portada","item":"https:\/\/cartensa.com\/es\/"},{"@type":"ListItem","position":2,"name":"Cartensa","item":"https:\/\/cartensa.com\/es\/cartensa\/"},{"@type":"ListItem","position":3,"name":"Trayectoria y Experiencia"}]},{"@type":"WebSite","@id":"https:\/\/cartensa.com\/es\/#website","url":"https:\/\/cartensa.com\/es\/","name":"Cartensa","description":"F\u00e1brica de Cajas de Cart\u00f3n en Barranquilla","potentialAction":[{"@type":"SearchAction","target":{"@type":"EntryPoint","urlTemplate":"https:\/\/cartensa.com\/es\/?s={search_term_string}"},"query-input":{"@type":"PropertyValueSpecification","valueRequired":true,"valueName":"search_term_string"}}],"inLanguage":"es"}]}},"_links":{"self":[{"href":"https:\/\/cartensa.com\/es\/wp-json\/wp\/v2\/pages\/68","targetHints":{"allow":["GET"]}}],"collection":[{"href":"https:\/\/cartensa.com\/es\/wp-json\/wp\/v2\/pages"}],"about":[{"href":"https:\/\/cartensa.com\/es\/wp-json\/wp\/v2\/types\/page"}],"author":[{"embeddable":true,"href":"https:\/\/cartensa.com\/es\/wp-json\/wp\/v2\/users\/1"}],"replies":[{"embeddable":true,"href":"https:\/\/cartensa.com\/es\/wp-json\/wp\/v2\/comments?post=68"}],"version-history":[{"count":6,"href":"https:\/\/cartensa.com\/es\/wp-json\/wp\/v2\/pages\/68\/revisions"}],"predecessor-version":[{"id":1144,"href":"https:\/\/cartensa.com\/es\/wp-json\/wp\/v2\/pages\/68\/revisions\/1144"}],"up":[{"embeddable":true,"href":"https:\/\/cartensa.com\/es\/wp-json\/wp\/v2\/pages\/9"}],"wp:featuredmedia":[{"embeddable":true,"href":"https:\/\/cartensa.com\/es\/wp-json\/wp\/v2\/media\/731"}],"wp:attachment":[{"href":"https:\/\/cartensa.com\/es\/wp-json\/wp\/v2\/media?parent=68"}],"curies":[{"name":"wp","href":"https:\/\/api.w.org\/{rel}","templated":true}]}}